{"id":3046,"date":"2023-06-11T10:19:57","date_gmt":"2023-06-11T08:19:57","guid":{"rendered":"https:\/\/bis-art.com\/?page_id=3046"},"modified":"2023-06-11T11:33:52","modified_gmt":"2023-06-11T09:33:52","slug":"2023-parcours-dan-donuts-gallery","status":"publish","type":"page","link":"https:\/\/bis-art.com\/index.php\/2023-parcours-dan-donuts-gallery\/","title":{"rendered":"2023-Parcours-Dan Donuts Gallery"},"content":{"rendered":"\n<div style=\"height:60px\" aria-hidden=\"true\" class=\"wp-block-spacer\"><\/div>\n\n\n<h2><span style=\"color: #4b86c7;\">Edition 2023 &#8211; <\/span><span style=\"color: #4b86c7;\">une galerie &#8211; un artiste<\/span><\/h2>\n<h2>Dan &amp; Donuts Gallery<\/h2>\n\n\n<div style=\"height:30px\" aria-hidden=\"true\" class=\"wp-block-spacer\"><\/div>\n\n\n\n<div class=\"wp-block-columns\">\n<div class=\"wp-block-column is-vertically-aligned-top\" style=\"flex-basis:33.33%\">\n<div class=\"wp-block-image is-style-default\"><figure class=\"alignleft size-large\"><img loading=\"lazy\" width=\"961\" height=\"1440\" src=\"https:\/\/bis-art.com\/wp-content\/uploads\/2023\/06\/DanDonutsGallery_Peppone2.jpg\" alt=\"\" class=\"wp-image-3047\" srcset=\"https:\/\/bis-art.com\/wp-content\/uploads\/2023\/06\/DanDonutsGallery_Peppone2.jpg 961w, https:\/\/bis-art.com\/wp-content\/uploads\/2023\/06\/DanDonutsGallery_Peppone2-200x300.jpg 200w, https:\/\/bis-art.com\/wp-content\/uploads\/2023\/06\/DanDonutsGallery_Peppone2-768x1151.jpg 768w\" sizes=\"(max-width: 961px) 100vw, 961px\" \/><figcaption><strong>Peppone<\/strong><\/figcaption><\/figure><\/div>\n\n\n\n<p><\/p>\n\n\n\n<p><b>Dan &amp; Donuts Gallery<\/b><br>46 &amp; 50 rue grande<br>06570 Saint-Paul-de-Vence<br><strong><a href=\"https:\/\/dan-donuts-gallery.com\/\" target=\"_blank\" rel=\"noopener\">www.dan-donuts-gallery.com<\/a><\/strong><\/p>\n<p><\/p>\n\n\n\n<p><\/p>\n<\/div>\n\n\n\n<div class=\"wp-block-column is-vertically-aligned-top\" style=\"flex-basis:66.66%\">\n<p>La galerie Dan &amp; Donuts est une toute jeune galerie qui a ouvert ses portes en 2021 avec pour vocation d\u2019apporter du plaisir aux amateurs d\u2019Art Pop.<\/p>\n<p><b>Dan &amp; Donuts Gallery pr\u00e9sente Peppone<\/b><\/p>\n<p>L\u2019univers de Peppone est compos\u00e9 uniquement de r\u00e9f\u00e9rences \u00e0 l\u2019enfance au sens large. Tout d\u00e9marre d\u2019un dessin num\u00e9rique sur le mod\u00e8le de la ligne claire, selon un cahier des charges pr\u00e9cis o\u00f9 il m\u00e9lange ses personnages d\u2019enfance au c\u0153ur d\u2019une situation r\u00e9f\u00e9rente qui doit imm\u00e9diatement r\u00e9veiller les souvenirs du spectateur. Sans intellectualisation excessive, Pepponei invite \u00e0 se plonger dans sa propre culture g\u00e9n\u00e9rale pour identifier la \u00ab ref\u00bb au risque de voir son int\u00e9r\u00eat pour son travail s\u2019\u00e9mousser. Ensuite, l\u2019artiste vous laisse interpr\u00e9ter le \u00ab second degr\u00e9 de lecture \u00bb de la mise en sc\u00e8ne des deux param\u00e8tres situation et personnages.<\/p>\n<p>\u00ab Du Pop-Art j\u2019emprunte le populaire, les rencontres avec des grands tableaux lors de visites dans les mus\u00e9es, le cin\u00e9ma, les s\u00e9ries TV, la musique mais aussi de victoires sportives, les moments historiques, les publicit\u00e9s voire les marques iconiques. Bref, tout ce qui a donn\u00e9 du lien \u00e0 mes ann\u00e9es de jeunesse dans les ann\u00e9es 80-90\u2019s. \u00bb<\/p>\n<p>Sur la forme l\u2019artiste traite son sujet dans une version \u00e0 fort connotation Street Art et volontairement trash dans le traitement de surface.<\/p>\n<p>\u00ab De l\u2019univers du Street Art, j\u2019emprunte les bombes de peinture, les pochoirs et les paintmarkers. Je veux que le spectateur ait l\u2019impression de s\u2019approprier un pan de mur, comme certains l\u2019ont fait lors de la chute du mur de Berlin, avec l\u2019id\u00e9e d\u2019arracher un bout de soi-m\u00eame. \u00bb<\/p>\n<p>\u00a0<\/p>\n\n\n\n<hr class=\"wp-block-separator has-text-color has-background has-ast-global-color-0-background-color has-ast-global-color-0-color is-style-wide\"\/>\n\n\n\n<p><em>Dan &amp; Donuts Gallery is a young gallery that opened its doors in 2021 with the aim of bringing pleasure to lovers of Pop Art.<\/em><\/p>\n<p><em><b>Dan &amp; Donuts Gallery presents Peppone<\/b><\/em><\/p>\n<p><em>Peppone&#8217;s universe is made up entirely of references to childhood in the broadest sense. It all starts with a digital drawing based on the ligne claire model, following precise specifications in which he mixes his childhood characters at the heart of a referential situation that must immediately awaken the viewer&#8217;s memories. Without excessive intellectualisation, Pepponei invites you to delve into your own general culture to identify the &#8216;ref&#8217;, at the risk of seeing your interest in his work wane. Then the artist leaves you to interpret the &#8216;second level of reading&#8217; of the staging of the two parameters of situation and characters.<\/em><\/p>\n<p><em>&#8220;From Pop-Art I borrow the popular, the encounters with great paintings during visits to museums, the cinema, TV series and music, but also sporting victories, historic moments, advertisements and even iconic brands. In short, everything that gave a link to my youth in the 80s and 90s.&#8221;<\/em><\/p>\n<p><em>In terms of form, the artist treats his subject in a version with a strong Street Art connotation and deliberately trashy surface treatment.<\/em><\/p>\n<p><em>&#8220;From the world of Street Art, I borrow spray paint, stencils and paintmarkers. I want the viewer to feel like they&#8217;re taking over a section of wall, like some people did when the Berlin Wall came down, with the idea of tearing off a piece of themselves.&#8221;<\/em><\/p>\n\n\n\n<p><\/p>\n<\/div>\n<\/div>\n\n\n\n<hr class=\"wp-block-separator has-text-color has-background has-ast-global-color-0-background-color has-ast-global-color-0-color is-style-wide\"\/>\n\n\n<p><a href=\"https:\/\/bis-art.com\/index.php\/2023-le-parcours-des-galeries\/\"><span style=\"color: #4b86c7;\"><strong>&gt; Retour &nbsp;Le parcours des galeries de Saint-Paul de Vence<\/strong><\/span><\/a><\/p>\n\n\n<div style=\"height:60px\" aria-hidden=\"true\" class=\"wp-block-spacer\"><\/div>\n","protected":false},"excerpt":{"rendered":"<p>Edition 2023 &#8211; une galerie &#8211; un artiste Dan &amp; Donuts Gallery Dan &amp; Donuts Gallery46 &amp; 50 rue grande06570 Saint-Paul-de-Vencewww.dan-donuts-gallery.com La galerie Dan &amp; Donuts est une toute jeune galerie qui a ouvert ses portes en 2021 avec pour vocation d\u2019apporter du plaisir aux amateurs d\u2019Art Pop. Dan &amp; Donuts Gallery pr\u00e9sente Peppone L\u2019univers &hellip;<\/p>\n<p class=\"read-more\"> <a class=\"\" href=\"https:\/\/bis-art.com\/index.php\/2023-parcours-dan-donuts-gallery\/\"> <span class=\"screen-reader-text\">2023-Parcours-Dan Donuts Gallery<\/span> Lire la suite \u00bb<\/a><\/p>\n","protected":false},"author":1,"featured_media":0,"parent":0,"menu_order":0,"comment_status":"closed","ping_status":"closed","template":"","meta":{"site-sidebar-layout":"default","site-content-layout":"default","ast-global-header-display":"","ast-main-header-display":"","ast-hfb-above-header-display":"","ast-hfb-below-header-display":"","ast-hfb-mobile-header-display":"","site-post-title":"disabled","ast-breadcrumbs-content":"","ast-featured-img":"","footer-sml-layout":"","theme-transparent-header-meta":"","adv-header-id-meta":"","stick-header-meta":"","header-above-stick-meta":"","header-main-stick-meta":"","header-below-stick-meta":""},"_links":{"self":[{"href":"https:\/\/bis-art.com\/index.php\/wp-json\/wp\/v2\/pages\/3046"}],"collection":[{"href":"https:\/\/bis-art.com\/index.php\/wp-json\/wp\/v2\/pages"}],"about":[{"href":"https:\/\/bis-art.com\/index.php\/wp-json\/wp\/v2\/types\/page"}],"author":[{"embeddable":true,"href":"https:\/\/bis-art.com\/index.php\/wp-json\/wp\/v2\/users\/1"}],"replies":[{"embeddable":true,"href":"https:\/\/bis-art.com\/index.php\/wp-json\/wp\/v2\/comments?post=3046"}],"version-history":[{"count":3,"href":"https:\/\/bis-art.com\/index.php\/wp-json\/wp\/v2\/pages\/3046\/revisions"}],"predecessor-version":[{"id":3112,"href":"https:\/\/bis-art.com\/index.php\/wp-json\/wp\/v2\/pages\/3046\/revisions\/3112"}],"wp:attachment":[{"href":"https:\/\/bis-art.com\/index.php\/wp-json\/wp\/v2\/media?parent=3046"}],"curies":[{"name":"wp","href":"https:\/\/api.w.org\/{rel}","templated":true}]}}