{"id":3058,"date":"2023-06-11T10:31:01","date_gmt":"2023-06-11T08:31:01","guid":{"rendered":"https:\/\/bis-art.com\/?page_id=3058"},"modified":"2023-06-11T11:36:39","modified_gmt":"2023-06-11T09:36:39","slug":"2023-parcours-galerie-frederic-gollong","status":"publish","type":"page","link":"https:\/\/bis-art.com\/index.php\/2023-parcours-galerie-frederic-gollong\/","title":{"rendered":"2023-Parcours-Galerie Fr\u00e9d\u00e9ric Gollong"},"content":{"rendered":"\n<div style=\"height:60px\" aria-hidden=\"true\" class=\"wp-block-spacer\"><\/div>\n\n\n<h2><span style=\"color: #4b86c7;\">Edition 2023 &#8211; <\/span><span style=\"color: #4b86c7;\">une galerie &#8211; un artiste<\/span><\/h2>\n<h2>Galerie Fr\u00e9d\u00e9ric Gollong<\/h2>\n\n\n<div style=\"height:30px\" aria-hidden=\"true\" class=\"wp-block-spacer\"><\/div>\n\n\n\n<div class=\"wp-block-columns\">\n<div class=\"wp-block-column is-vertically-aligned-top\" style=\"flex-basis:33.33%\">\n<div class=\"wp-block-image is-style-default\"><figure class=\"alignleft size-large\"><img loading=\"lazy\" width=\"1069\" height=\"1440\" src=\"https:\/\/bis-art.com\/wp-content\/uploads\/2023\/06\/GalerieFredericGollong_AlexisGorodine.jpg\" alt=\"\" class=\"wp-image-3059\" srcset=\"https:\/\/bis-art.com\/wp-content\/uploads\/2023\/06\/GalerieFredericGollong_AlexisGorodine.jpg 1069w, https:\/\/bis-art.com\/wp-content\/uploads\/2023\/06\/GalerieFredericGollong_AlexisGorodine-223x300.jpg 223w, https:\/\/bis-art.com\/wp-content\/uploads\/2023\/06\/GalerieFredericGollong_AlexisGorodine-768x1035.jpg 768w\" sizes=\"(max-width: 1069px) 100vw, 1069px\" \/><figcaption><strong>Alexis Gorodine<\/strong><br>Goliathus Druryi, 2010<br>97 x 130 cm<\/figcaption><\/figure><\/div>\n\n\n\n<p><\/p>\n\n\n\n<p><b>Galerie Fr\u00e9d\u00e9ric Gollong<\/b><br>59 rue Grande<br>06570 Saint-Paul-de-Vence<br><strong><a href=\"https:\/\/www.gollong.net\/\" target=\"_blank\" rel=\"noopener\">www.gollong.net<\/a><\/strong><\/p>\n<p><\/p>\n\n\n\n<p><\/p>\n<\/div>\n\n\n\n<div class=\"wp-block-column is-vertically-aligned-top\" style=\"flex-basis:66.66%\">\n<p>La Galerie Fr\u00e9d\u00e9ric Gollong pr\u00e9sente depuis plus de 45 ans des peintures, sculptures, lithographies et bijoux d\u2019artistes contemporains c\u00e9l\u00e8bres et \u00e0 d\u00e9couvrir.<\/p>\n<p><b>La Galerie Fr\u00e9d\u00e9ric Gollong pr\u00e9sente Alexis Gorodine<\/b><\/p>\n<p>Alexis Gorodine est n\u00e9 en 1954. Ing\u00e9nieur des travaux publics, il se consacre depuis 1972 \u00e0 la peinture. Il vit et travaille \u00e0 Paris.<\/p>\n<p>\u00ab Trac\u00e9s au fusain, les animaux de Gorodine participent autant de la r\u00e9alit\u00e9 que du fantastique. Cerfs, h\u00e9rons, li\u00e8vres, mais aussi griffons et licornes, d\u2019autres esp\u00e8ces \u00e9chappent \u00e0 toute cat\u00e9gorisation. Plut\u00f4t que de s\u2019int\u00e9resser comme le font les pal\u00e9ontologues aux esp\u00e8ces animales d\u2019un lointain pass\u00e9, il s\u2019est interrog\u00e9 sur l\u2019\u00e9volution probable des animaux dans un lointain futur, \u00e0 quarante millions d\u2019ann\u00e9es.<\/p>\n<p>Mais r\u00e9els, mythologiques ou futuristes tous ces animaux sont trait\u00e9s avec une identique attention \u00e0 la mati\u00e8re, cendre de bois travaill\u00e9e avec un liant, et acrylique. Le r\u00e9sultat donne l\u2019impression d\u2019une peinture sur laquelle le temps aurait fait son \u0153uvre\u2026 \u00bb &#8211; Serge Hartmann<\/p>\n<p><\/p>\n\n\n\n<hr class=\"wp-block-separator has-text-color has-background has-ast-global-color-0-background-color has-ast-global-color-0-color is-style-wide\"\/>\n\n\n\n<p><em>Galerie Fr\u00e9d\u00e9ric Gollong has been exhibiting paintings, sculptures, lithographs and jewellery by famous and up-and-coming contemporary artists for over 45 years.<\/em><\/p>\n<p><em><b>Galerie Fr\u00e9d\u00e9ric Gollong presents Alexis Gorodine<\/b><\/em><\/p>\n<p><em>Alexis Gorodine was born in 1954. A public works engineer, he has devoted himself to painting since 1972. He lives and works in Paris.<\/em><\/p>\n<p><em>&#8220;Drawn in charcoal, Gorodine&#8217;s animals are as much part of reality as fantasy. Deer, herons, hares, but also griffins and unicorns, other species escape any categorisation. Rather than focusing, as palaeontologists do, on animal species from the distant past, he looked at the likely evolution of animals in the distant future, forty million years from now.<\/em><\/p>\n<p><em>Whether real, mythological or futuristic, all these animals are treated with the same attention to material, wood ash worked with a binder, and acrylic. The result gives the impression of a painting on which time has done its work&#8230;&#8221;. &#8211; Serge Hartmann<\/em><\/p>\n\n\n\n<p><\/p>\n<\/div>\n<\/div>\n\n\n\n<hr class=\"wp-block-separator has-text-color has-background has-ast-global-color-0-background-color has-ast-global-color-0-color is-style-wide\"\/>\n\n\n<p><a href=\"https:\/\/bis-art.com\/index.php\/2023-le-parcours-des-galeries\/\"><span style=\"color: #4b86c7;\"><strong>&gt; Retour &nbsp;Le parcours des galeries de Saint-Paul de Vence<\/strong><\/span><\/a><\/p>\n\n\n<div style=\"height:60px\" aria-hidden=\"true\" class=\"wp-block-spacer\"><\/div>\n","protected":false},"excerpt":{"rendered":"<p>Edition 2023 &#8211; une galerie &#8211; un artiste Galerie Fr\u00e9d\u00e9ric Gollong Galerie Fr\u00e9d\u00e9ric Gollong59 rue Grande06570 Saint-Paul-de-Vencewww.gollong.net La Galerie Fr\u00e9d\u00e9ric Gollong pr\u00e9sente depuis plus de 45 ans des peintures, sculptures, lithographies et bijoux d\u2019artistes contemporains c\u00e9l\u00e8bres et \u00e0 d\u00e9couvrir. La Galerie Fr\u00e9d\u00e9ric Gollong pr\u00e9sente Alexis Gorodine Alexis Gorodine est n\u00e9 en 1954. Ing\u00e9nieur des travaux &hellip;<\/p>\n<p class=\"read-more\"> <a class=\"\" href=\"https:\/\/bis-art.com\/index.php\/2023-parcours-galerie-frederic-gollong\/\"> <span class=\"screen-reader-text\">2023-Parcours-Galerie Fr\u00e9d\u00e9ric Gollong<\/span> Lire la suite \u00bb<\/a><\/p>\n","protected":false},"author":1,"featured_media":0,"parent":0,"menu_order":0,"comment_status":"closed","ping_status":"closed","template":"","meta":{"site-sidebar-layout":"default","site-content-layout":"default","ast-global-header-display":"","ast-main-header-display":"","ast-hfb-above-header-display":"","ast-hfb-below-header-display":"","ast-hfb-mobile-header-display":"","site-post-title":"disabled","ast-breadcrumbs-content":"","ast-featured-img":"","footer-sml-layout":"","theme-transparent-header-meta":"","adv-header-id-meta":"","stick-header-meta":"","header-above-stick-meta":"","header-main-stick-meta":"","header-below-stick-meta":""},"_links":{"self":[{"href":"https:\/\/bis-art.com\/index.php\/wp-json\/wp\/v2\/pages\/3058"}],"collection":[{"href":"https:\/\/bis-art.com\/index.php\/wp-json\/wp\/v2\/pages"}],"about":[{"href":"https:\/\/bis-art.com\/index.php\/wp-json\/wp\/v2\/types\/page"}],"author":[{"embeddable":true,"href":"https:\/\/bis-art.com\/index.php\/wp-json\/wp\/v2\/users\/1"}],"replies":[{"embeddable":true,"href":"https:\/\/bis-art.com\/index.php\/wp-json\/wp\/v2\/comments?post=3058"}],"version-history":[{"count":5,"href":"https:\/\/bis-art.com\/index.php\/wp-json\/wp\/v2\/pages\/3058\/revisions"}],"predecessor-version":[{"id":3117,"href":"https:\/\/bis-art.com\/index.php\/wp-json\/wp\/v2\/pages\/3058\/revisions\/3117"}],"wp:attachment":[{"href":"https:\/\/bis-art.com\/index.php\/wp-json\/wp\/v2\/media?parent=3058"}],"curies":[{"name":"wp","href":"https:\/\/api.w.org\/{rel}","templated":true}]}}