{"id":3081,"date":"2023-06-11T10:46:16","date_gmt":"2023-06-11T08:46:16","guid":{"rendered":"https:\/\/bis-art.com\/?page_id=3081"},"modified":"2023-06-11T11:37:59","modified_gmt":"2023-06-11T09:37:59","slug":"2023-parcours-galerie-lefakis","status":"publish","type":"page","link":"https:\/\/bis-art.com\/index.php\/2023-parcours-galerie-lefakis\/","title":{"rendered":"2023-Parcours-Galerie Lefakis"},"content":{"rendered":"\n<div style=\"height:60px\" aria-hidden=\"true\" class=\"wp-block-spacer\"><\/div>\n\n\n<h2><span style=\"color: #4b86c7;\">Edition 2023 &#8211; <\/span><span style=\"color: #4b86c7;\">une galerie &#8211; un artiste<\/span><\/h2>\n<h2>Galerie Lefakis<\/h2>\n\n\n<div style=\"height:30px\" aria-hidden=\"true\" class=\"wp-block-spacer\"><\/div>\n\n\n\n<div class=\"wp-block-columns\">\n<div class=\"wp-block-column is-vertically-aligned-top\" style=\"flex-basis:33.33%\">\n<div class=\"wp-block-image is-style-default\"><figure class=\"alignleft size-large\"><img loading=\"lazy\" width=\"1080\" height=\"1440\" src=\"https:\/\/bis-art.com\/wp-content\/uploads\/2023\/06\/GalerieLefakis_CostasVarotsos.jpg\" alt=\"\" class=\"wp-image-3083\" srcset=\"https:\/\/bis-art.com\/wp-content\/uploads\/2023\/06\/GalerieLefakis_CostasVarotsos.jpg 1080w, https:\/\/bis-art.com\/wp-content\/uploads\/2023\/06\/GalerieLefakis_CostasVarotsos-225x300.jpg 225w, https:\/\/bis-art.com\/wp-content\/uploads\/2023\/06\/GalerieLefakis_CostasVarotsos-768x1024.jpg 768w\" sizes=\"(max-width: 1080px) 100vw, 1080px\" \/><figcaption><strong>Costas Varotsos<\/strong><\/figcaption><\/figure><\/div>\n\n\n\n<p><\/p>\n\n\n\n<p><b>Galerie Lefakis<\/b><br>13 et 14 rue Grande<br>06570 Saint-Paul-de-Vence<br><strong><a href=\"https:\/\/fr.galerielefakis-stpaul.com\/\" target=\"_blank\" rel=\"noopener\">fr.galerielefakis-stpaul.com<\/a><\/strong><\/p>\n\n\n\n<p><\/p>\n<\/div>\n\n\n\n<div class=\"wp-block-column is-vertically-aligned-top\" style=\"flex-basis:66.66%\">\n<p>La Galerie Lefakis a \u00e9t\u00e9 fond\u00e9e par Zinon Lefakis en 1979 \u00e0 Ath\u00e8nes. Cette galerie d&#8217;art contemporain travaille en \u00e9troite collaboration avec des artistes choisis pour la qualit\u00e9 de leur travail et l&#8217;originalit\u00e9 de leur expression artistique.<br \/>Au cours des 40 derni\u00e8res ann\u00e9es, la Galerie Lefakis s&#8217;est impos\u00e9e comme l&#8217;une des galeries les plus prestigieuses de Gr\u00e8ce, pr\u00e9sentant certains des artistes grecs et internationaux les plus en vue.<\/p>\n<p><b>La Galerie Lefakis pr\u00e9sente Costas Varotsos<\/b><\/p>\n<p>Costas Varotsos est n\u00e9 \u00e0 Ath\u00e8nes en 1955. Il \u00e9tudie la peinture \u00e0 l&#8217;Accademia di Belle Arti de Rome et poursuit ses \u00e9tudes d&#8217;architecture \u00e0 l&#8217;ArteScuola di Architettura de l&#8217;Universit\u00e9 de Pescara en Italie.<\/p>\n<p>Sa c\u00e9l\u00e8bre sculpture de 8 m\u00e8tres de haut &#8220;The Runner&#8221; est un point de rep\u00e8re du centre d&#8217;Ath\u00e8nes. Au cours de sa carri\u00e8re, Varotsos a cr\u00e9\u00e9 et install\u00e9 des sculptures pour des collections priv\u00e9es et des espaces publics et des mus\u00e9es en Italie, en Gr\u00e8ce, \u00e0 Chypre, en Allemagne, en France, en Belgique, en Suisse, en Espagne, en Chine, au Japon, en \u00c9gypte, au Br\u00e9sil, aux \u00c9tats-Unis et au Royaume-Uni.<\/p>\n<p>\u00a0<\/p>\n\n\n\n<hr class=\"wp-block-separator has-text-color has-background has-ast-global-color-0-background-color has-ast-global-color-0-color is-style-wide\"\/>\n\n\n\n<p><em>The Lefakis Gallery was founded by Zinon Lefakis in 1979 in Athens. This contemporary art gallery works closely with artists chosen for the quality of their work and the originality of their artistic expression.<\/em><br><em>Over the past 40 years, the Lefakis Gallery has established itself as one of the most prestigious galleries in Greece, presenting some of the most prominent Greek and international artists.<\/em><\/p>\n<p><em><b>The Lefakis Gallery presents Costas Varotsos<\/b><\/em><\/p>\n<p><em>Costas Varotsos was born in Athens in 1955. He studied painting at the Accademia di Belle Arti in Rome and architecture at the ArteScuola di Architettura of the University of Pescara in Italy.<\/em><\/p>\n<p><em>His famous 8-metre-high sculpture &#8220;The Runner&#8221; is a landmark in the centre of Athens. Over the course of his career, Varotsos has created and installed sculptures for private collections, public spaces and museums in Italy, Greece, Cyprus, Germany, France, Belgium, Switzerland, Spain, China, Japan, Egypt, Brazil, the United States and the United Kingdom.<\/em><\/p>\n\n\n\n<p><\/p>\n<\/div>\n<\/div>\n\n\n\n<hr class=\"wp-block-separator has-text-color has-background has-ast-global-color-0-background-color has-ast-global-color-0-color is-style-wide\"\/>\n\n\n<p><a href=\"https:\/\/bis-art.com\/index.php\/2023-le-parcours-des-galeries\/\"><span style=\"color: #4b86c7;\"><strong>&gt; Retour &nbsp;Le parcours des galeries de Saint-Paul de Vence<\/strong><\/span><\/a><\/p>\n\n\n<div style=\"height:60px\" aria-hidden=\"true\" class=\"wp-block-spacer\"><\/div>\n","protected":false},"excerpt":{"rendered":"<p>Edition 2023 &#8211; une galerie &#8211; un artiste Galerie Lefakis Galerie Lefakis13 et 14 rue Grande06570 Saint-Paul-de-Vencefr.galerielefakis-stpaul.com La Galerie Lefakis a \u00e9t\u00e9 fond\u00e9e par Zinon Lefakis en 1979 \u00e0 Ath\u00e8nes. Cette galerie d&#8217;art contemporain travaille en \u00e9troite collaboration avec des artistes choisis pour la qualit\u00e9 de leur travail et l&#8217;originalit\u00e9 de leur expression artistique.Au cours &hellip;<\/p>\n<p class=\"read-more\"> <a class=\"\" href=\"https:\/\/bis-art.com\/index.php\/2023-parcours-galerie-lefakis\/\"> <span class=\"screen-reader-text\">2023-Parcours-Galerie Lefakis<\/span> Lire la suite \u00bb<\/a><\/p>\n","protected":false},"author":1,"featured_media":0,"parent":0,"menu_order":0,"comment_status":"closed","ping_status":"closed","template":"","meta":{"site-sidebar-layout":"default","site-content-layout":"default","ast-global-header-display":"","ast-main-header-display":"","ast-hfb-above-header-display":"","ast-hfb-below-header-display":"","ast-hfb-mobile-header-display":"","site-post-title":"disabled","ast-breadcrumbs-content":"","ast-featured-img":"","footer-sml-layout":"","theme-transparent-header-meta":"","adv-header-id-meta":"","stick-header-meta":"","header-above-stick-meta":"","header-main-stick-meta":"","header-below-stick-meta":""},"_links":{"self":[{"href":"https:\/\/bis-art.com\/index.php\/wp-json\/wp\/v2\/pages\/3081"}],"collection":[{"href":"https:\/\/bis-art.com\/index.php\/wp-json\/wp\/v2\/pages"}],"about":[{"href":"https:\/\/bis-art.com\/index.php\/wp-json\/wp\/v2\/types\/page"}],"author":[{"embeddable":true,"href":"https:\/\/bis-art.com\/index.php\/wp-json\/wp\/v2\/users\/1"}],"replies":[{"embeddable":true,"href":"https:\/\/bis-art.com\/index.php\/wp-json\/wp\/v2\/comments?post=3081"}],"version-history":[{"count":3,"href":"https:\/\/bis-art.com\/index.php\/wp-json\/wp\/v2\/pages\/3081\/revisions"}],"predecessor-version":[{"id":3119,"href":"https:\/\/bis-art.com\/index.php\/wp-json\/wp\/v2\/pages\/3081\/revisions\/3119"}],"wp:attachment":[{"href":"https:\/\/bis-art.com\/index.php\/wp-json\/wp\/v2\/media?parent=3081"}],"curies":[{"name":"wp","href":"https:\/\/api.w.org\/{rel}","templated":true}]}}