{"id":3089,"date":"2023-06-11T10:59:07","date_gmt":"2023-06-11T08:59:07","guid":{"rendered":"https:\/\/bis-art.com\/?page_id=3089"},"modified":"2023-06-11T11:39:50","modified_gmt":"2023-06-11T09:39:50","slug":"2023-parcours-mff-galerie","status":"publish","type":"page","link":"https:\/\/bis-art.com\/index.php\/2023-parcours-mff-galerie\/","title":{"rendered":"2023-Parcours-MFF Galerie"},"content":{"rendered":"\n<div style=\"height:60px\" aria-hidden=\"true\" class=\"wp-block-spacer\"><\/div>\n\n\n<h2><span style=\"color: #4b86c7;\">Edition 2023 &#8211; <\/span><span style=\"color: #4b86c7;\">une galerie &#8211; un artiste<\/span><\/h2>\n<h2>MFF Galerie<\/h2>\n\n\n<div style=\"height:30px\" aria-hidden=\"true\" class=\"wp-block-spacer\"><\/div>\n\n\n\n<div class=\"wp-block-columns\">\n<div class=\"wp-block-column is-vertically-aligned-top\" style=\"flex-basis:33.33%\">\n<div class=\"wp-block-image is-style-default\"><figure class=\"alignleft size-large\"><img loading=\"lazy\" width=\"1440\" height=\"1082\" src=\"https:\/\/bis-art.com\/wp-content\/uploads\/2023\/06\/MFFGalerie_AlfonsoFortuna.jpg\" alt=\"\" class=\"wp-image-3090\" srcset=\"https:\/\/bis-art.com\/wp-content\/uploads\/2023\/06\/MFFGalerie_AlfonsoFortuna.jpg 1440w, https:\/\/bis-art.com\/wp-content\/uploads\/2023\/06\/MFFGalerie_AlfonsoFortuna-300x225.jpg 300w, https:\/\/bis-art.com\/wp-content\/uploads\/2023\/06\/MFFGalerie_AlfonsoFortuna-768x577.jpg 768w\" sizes=\"(max-width: 1440px) 100vw, 1440px\" \/><figcaption><strong>Alfonso Fortuna<\/strong><\/figcaption><\/figure><\/div>\n\n\n\n<p><\/p>\n\n\n\n<p><b>MFF Galerie<\/b><br>60 rue Grande<br>06570 Saint-Paul de Vence<br><strong><a href=\"https:\/\/www.mffgalerie.com\/\" target=\"_blank\" rel=\"noopener\">www.mffgalerie.com<\/a><\/strong><\/p>\n<p><\/p>\n\n\n\n<p><\/p>\n<\/div>\n\n\n\n<div class=\"wp-block-column is-vertically-aligned-top\" style=\"flex-basis:66.66%\">\n<p>La MFF Galerie est pr\u00e9sente \u00e0 Saint-Paul-de-Vence depuis 2003. Elle expose principalement des artistes, peintres et sculpteurs, Italiens contemporains.<\/p>\n<p><b>MFF Galerie pr\u00e9sente Alfonso Fortuna<\/b><\/p>\n<p>Alfonso Fortuna (Italie &#8211; 1953) est un sculpteur qui peut s&#8217;exprimer \u00e0 travers plusieurs mat\u00e9riaux : bois avec lequel il a commenc\u00e9, terre cuite et bronze qui repr\u00e9sente \u00e0 pr\u00e9sent la majeure partie de son travail.<\/p>\n<p>Il a depuis son plus jeune \u00e2ge des dispositions pour la sculpture et c&#8217;est \u00e0 partir de la naissance de sa fille qu&#8217;il commence \u00e0 cr\u00e9er ses fameux\u00a0<i>Bambini<\/i>. Il y exprime ses pens\u00e9es, ses \u00e9motions avec un don d&#8217;observation du monde enfantin. Il ajoute \u00e0 ses sculptures diff\u00e9rents \u00e9l\u00e9ments qui font partie int\u00e9grante de la composition : oiseaux, papillons, fleurs, \u00e9chelles, livres &#8230; et qui contribuent \u00e0 la magie et po\u00e9sie de l&#8217;ensemble.<\/p>\n<p>C&#8217;est lui-m\u00eame qui r\u00e9sume le mieux son travail : &#8221; Morceaux de bronze, bois ou terre qui comme par magie se transforment en enfants qui jouent et s&#8217;amusent et en silence nous communiquent quelque chose : ceux que nous \u00e9tions &#8220;.<\/p>\n<p>\u00a0<\/p>\n\n\n\n<hr class=\"wp-block-separator has-text-color has-background has-ast-global-color-0-background-color has-ast-global-color-0-color is-style-wide\"\/>\n\n\n\n<p><em>The MFF Galerie has been based in Saint Paul de Vence since 2003. It mainly exhibits contemporary Italian artists, painters and sculptors.<\/em><\/p>\n<p><em><b>MFF Galerie presents Alfonso Fortuna<\/b><\/em><\/p>\n<p><em>Alfonso Fortuna (Italy &#8211; 1953) is a sculptor who can express himself through several materials: wood, with which he began, terracotta and bronze, which now represent the major part of his work.<\/em><\/p>\n<p><em>From an early age, he had a talent for sculpture, and it was when his daughter was born that he began to create his famous Bambini. In them, he expresses his thoughts and emotions with a gift for observing the childlike world. He adds various elements to his sculptures that form an integral part of the composition: birds, butterflies, flowers, ladders, books, etc., all of which contribute to the magic and poetry of the whole.<\/em><\/p>\n<p><em>His work is best summed up by himself: &#8220;Pieces of bronze, wood or clay that magically transform into children playing and having fun, and in silence communicate something to us: who we used to be&#8221;.<\/em><\/p>\n\n\n\n<p><\/p>\n<\/div>\n<\/div>\n\n\n\n<hr class=\"wp-block-separator has-text-color has-background has-ast-global-color-0-background-color has-ast-global-color-0-color is-style-wide\"\/>\n\n\n<p><a href=\"https:\/\/bis-art.com\/index.php\/2023-le-parcours-des-galeries\/\"><span style=\"color: #4b86c7;\"><strong>&gt; Retour &nbsp;Le parcours des galeries de Saint-Paul de Vence<\/strong><\/span><\/a><\/p>\n\n\n<div style=\"height:60px\" aria-hidden=\"true\" class=\"wp-block-spacer\"><\/div>\n","protected":false},"excerpt":{"rendered":"<p>Edition 2023 &#8211; une galerie &#8211; un artiste MFF Galerie MFF Galerie60 rue Grande06570 Saint-Paul de Vencewww.mffgalerie.com La MFF Galerie est pr\u00e9sente \u00e0 Saint-Paul-de-Vence depuis 2003. Elle expose principalement des artistes, peintres et sculpteurs, Italiens contemporains. MFF Galerie pr\u00e9sente Alfonso Fortuna Alfonso Fortuna (Italie &#8211; 1953) est un sculpteur qui peut s&#8217;exprimer \u00e0 travers plusieurs &hellip;<\/p>\n<p class=\"read-more\"> <a class=\"\" href=\"https:\/\/bis-art.com\/index.php\/2023-parcours-mff-galerie\/\"> <span class=\"screen-reader-text\">2023-Parcours-MFF Galerie<\/span> Lire la suite \u00bb<\/a><\/p>\n","protected":false},"author":1,"featured_media":0,"parent":0,"menu_order":0,"comment_status":"closed","ping_status":"closed","template":"","meta":{"site-sidebar-layout":"default","site-content-layout":"default","ast-global-header-display":"","ast-main-header-display":"","ast-hfb-above-header-display":"","ast-hfb-below-header-display":"","ast-hfb-mobile-header-display":"","site-post-title":"disabled","ast-breadcrumbs-content":"","ast-featured-img":"","footer-sml-layout":"","theme-transparent-header-meta":"","adv-header-id-meta":"","stick-header-meta":"","header-above-stick-meta":"","header-main-stick-meta":"","header-below-stick-meta":""},"_links":{"self":[{"href":"https:\/\/bis-art.com\/index.php\/wp-json\/wp\/v2\/pages\/3089"}],"collection":[{"href":"https:\/\/bis-art.com\/index.php\/wp-json\/wp\/v2\/pages"}],"about":[{"href":"https:\/\/bis-art.com\/index.php\/wp-json\/wp\/v2\/types\/page"}],"author":[{"embeddable":true,"href":"https:\/\/bis-art.com\/index.php\/wp-json\/wp\/v2\/users\/1"}],"replies":[{"embeddable":true,"href":"https:\/\/bis-art.com\/index.php\/wp-json\/wp\/v2\/comments?post=3089"}],"version-history":[{"count":3,"href":"https:\/\/bis-art.com\/index.php\/wp-json\/wp\/v2\/pages\/3089\/revisions"}],"predecessor-version":[{"id":3122,"href":"https:\/\/bis-art.com\/index.php\/wp-json\/wp\/v2\/pages\/3089\/revisions\/3122"}],"wp:attachment":[{"href":"https:\/\/bis-art.com\/index.php\/wp-json\/wp\/v2\/media?parent=3089"}],"curies":[{"name":"wp","href":"https:\/\/api.w.org\/{rel}","templated":true}]}}