{"id":3093,"date":"2023-06-11T11:05:25","date_gmt":"2023-06-11T09:05:25","guid":{"rendered":"https:\/\/bis-art.com\/?page_id=3093"},"modified":"2023-06-11T11:41:43","modified_gmt":"2023-06-11T09:41:43","slug":"2023-parcours-mirena-art-gallery","status":"publish","type":"page","link":"https:\/\/bis-art.com\/index.php\/2023-parcours-mirena-art-gallery\/","title":{"rendered":"2023-Parcours-Mirena Art Gallery"},"content":{"rendered":"\n<div style=\"height:60px\" aria-hidden=\"true\" class=\"wp-block-spacer\"><\/div>\n\n\n<h2><span style=\"color: #4b86c7;\">Edition 2023 &#8211; <\/span><span style=\"color: #4b86c7;\">une galerie &#8211; un artiste<\/span><\/h2>\n<h2>Mirena Art Gallery<\/h2>\n\n\n<div style=\"height:30px\" aria-hidden=\"true\" class=\"wp-block-spacer\"><\/div>\n\n\n\n<div class=\"wp-block-columns\">\n<div class=\"wp-block-column is-vertically-aligned-top\" style=\"flex-basis:33.33%\">\n<div class=\"wp-block-image is-style-default\"><figure class=\"alignleft size-large\"><img loading=\"lazy\" width=\"1440\" height=\"900\" src=\"https:\/\/bis-art.com\/wp-content\/uploads\/2023\/06\/MirenaArtGallery_Aleksandar_Zafirovski.jpg\" alt=\"\" class=\"wp-image-3094\" srcset=\"https:\/\/bis-art.com\/wp-content\/uploads\/2023\/06\/MirenaArtGallery_Aleksandar_Zafirovski.jpg 1440w, https:\/\/bis-art.com\/wp-content\/uploads\/2023\/06\/MirenaArtGallery_Aleksandar_Zafirovski-300x188.jpg 300w, https:\/\/bis-art.com\/wp-content\/uploads\/2023\/06\/MirenaArtGallery_Aleksandar_Zafirovski-768x480.jpg 768w\" sizes=\"(max-width: 1440px) 100vw, 1440px\" \/><figcaption><strong>Aleksandar Zafirovski\u00a0<\/strong><br>Moonlight meadow, 2023<br>Oil mixed media<br>130x160cm<\/figcaption><\/figure><\/div>\n\n\n\n<p><\/p>\n\n\n\n<p><b>Mirena Art Gallery<\/b><br>53 rue grande<br>06570 Saint-Paul-de-Vence<br><strong><a href=\"https:\/\/www.mirena-art-gallery.com\/\" target=\"_blank\" rel=\"noopener\">www.mirena-art-gallery.com<\/a><\/strong><\/p>\n<p><\/p>\n\n\n\n<p><\/p>\n<\/div>\n\n\n\n<div class=\"wp-block-column is-vertically-aligned-top\" style=\"flex-basis:66.66%\">\n<p>L\u2019\u00e9quipe de Mirena Art se consacre \u00e0 rendre le monde plus beau gr\u00e2ce \u00e0 l\u2019art. C\u2019est une famille d\u2019esprits cr\u00e9atifs, d\u2019artistes, li\u00e9s par une passion ind\u00e9fectible pour le monde de l\u2019art.<\/p>\n<p><b>Mirena Art Gallery pr\u00e9sente Aleksandar Zafirovski<\/b><\/p>\n<p>Les \u0153uvres d&#8217;Aleksandar Zafirovski ne repr\u00e9sentent ni personnes, ni animaux, ni pr\u00e9sence de la soci\u00e9t\u00e9 moderne. Les paysages qu&#8217;il nous pr\u00e9sente sont purs, intacts, virginaux. Mais cela ne signifie pas que les gens ne laissent pas de traces dans ses peintures.<\/p>\n<p>L&#8217;art de Zafirovski est bas\u00e9 sur les valeurs traditionnelles de la peinture classique. Mais il utilise un langage visuel moderne o\u00f9 les coups de pinceau, la suggestion et l&#8217;abstraction se compl\u00e8tent. La ma\u00eetrise technique est imm\u00e9diatement reconnaissable dans la texture temp\u00e9tueuse mais discr\u00e8te de la surface peinte.<\/p>\n<p>La subtilit\u00e9 des traits et le mouvement l\u00e9ger du pinceau, ainsi que la puissance de l&#8217;expression, nous montrent clairement que Zafirovski est un artiste qui poss\u00e8de le talent, les comp\u00e9tences et la qualit\u00e9 des grands ma\u00eetres du pass\u00e9.<\/p>\n<p><\/p>\n\n\n\n<hr class=\"wp-block-separator has-text-color has-background has-ast-global-color-0-background-color has-ast-global-color-0-color is-style-wide\"\/>\n\n\n\n<p><em>The Mirena Art team is dedicated to making the world a more beautiful place through art. They are a family of creative minds and artists, bound together by an unwavering passion for the world of art.<\/em><\/p>\n<p><em><b>Mirena Art Gallery presents Aleksandar Zafirovski<\/b><\/em><\/p>\n<p><em>Aleksandar Zafirovski&#8217;s works do not depict people, animals or modern society. The landscapes he presents are pure, untouched, virginal. But that doesn&#8217;t mean that people don&#8217;t leave their mark on his paintings.<\/em><\/p>\n<p><em>Zafirovski&#8217;s art is based on the traditional values of classical painting. But he uses a modern visual language in which brushstrokes, suggestion and abstraction complement each other. His technical mastery is immediately recognisable in the tempestuous yet discreet texture of the painted surface.<\/em><\/p>\n<p><em>The subtlety of the strokes and the light movement of the brush, as well as the power of expression, make it clear that Zafirovski is an artist who possesses the talent, skill and quality of the great masters of the past.<\/em><\/p>\n\n\n\n<p><\/p>\n<\/div>\n<\/div>\n\n\n\n<hr class=\"wp-block-separator has-text-color has-background has-ast-global-color-0-background-color has-ast-global-color-0-color is-style-wide\"\/>\n\n\n<p><a href=\"https:\/\/bis-art.com\/index.php\/2023-le-parcours-des-galeries\/\"><span style=\"color: #4b86c7;\"><strong>&gt; Retour &nbsp;Le parcours des galeries de Saint-Paul de Vence<\/strong><\/span><\/a><\/p>\n\n\n<div style=\"height:60px\" aria-hidden=\"true\" class=\"wp-block-spacer\"><\/div>\n","protected":false},"excerpt":{"rendered":"<p>Edition 2023 &#8211; une galerie &#8211; un artiste Mirena Art Gallery Mirena Art Gallery53 rue grande06570 Saint-Paul-de-Vencewww.mirena-art-gallery.com L\u2019\u00e9quipe de Mirena Art se consacre \u00e0 rendre le monde plus beau gr\u00e2ce \u00e0 l\u2019art. C\u2019est une famille d\u2019esprits cr\u00e9atifs, d\u2019artistes, li\u00e9s par une passion ind\u00e9fectible pour le monde de l\u2019art. Mirena Art Gallery pr\u00e9sente Aleksandar Zafirovski Les &hellip;<\/p>\n<p class=\"read-more\"> <a class=\"\" href=\"https:\/\/bis-art.com\/index.php\/2023-parcours-mirena-art-gallery\/\"> <span class=\"screen-reader-text\">2023-Parcours-Mirena Art Gallery<\/span> Lire la suite \u00bb<\/a><\/p>\n","protected":false},"author":1,"featured_media":0,"parent":0,"menu_order":0,"comment_status":"closed","ping_status":"closed","template":"","meta":{"site-sidebar-layout":"default","site-content-layout":"default","ast-global-header-display":"","ast-main-header-display":"","ast-hfb-above-header-display":"","ast-hfb-below-header-display":"","ast-hfb-mobile-header-display":"","site-post-title":"disabled","ast-breadcrumbs-content":"","ast-featured-img":"","footer-sml-layout":"","theme-transparent-header-meta":"","adv-header-id-meta":"","stick-header-meta":"","header-above-stick-meta":"","header-main-stick-meta":"","header-below-stick-meta":""},"_links":{"self":[{"href":"https:\/\/bis-art.com\/index.php\/wp-json\/wp\/v2\/pages\/3093"}],"collection":[{"href":"https:\/\/bis-art.com\/index.php\/wp-json\/wp\/v2\/pages"}],"about":[{"href":"https:\/\/bis-art.com\/index.php\/wp-json\/wp\/v2\/types\/page"}],"author":[{"embeddable":true,"href":"https:\/\/bis-art.com\/index.php\/wp-json\/wp\/v2\/users\/1"}],"replies":[{"embeddable":true,"href":"https:\/\/bis-art.com\/index.php\/wp-json\/wp\/v2\/comments?post=3093"}],"version-history":[{"count":2,"href":"https:\/\/bis-art.com\/index.php\/wp-json\/wp\/v2\/pages\/3093\/revisions"}],"predecessor-version":[{"id":3123,"href":"https:\/\/bis-art.com\/index.php\/wp-json\/wp\/v2\/pages\/3093\/revisions\/3123"}],"wp:attachment":[{"href":"https:\/\/bis-art.com\/index.php\/wp-json\/wp\/v2\/media?parent=3093"}],"curies":[{"name":"wp","href":"https:\/\/api.w.org\/{rel}","templated":true}]}}