{"id":3096,"date":"2023-06-11T11:10:01","date_gmt":"2023-06-11T09:10:01","guid":{"rendered":"https:\/\/bis-art.com\/?page_id=3096"},"modified":"2023-06-11T11:10:02","modified_gmt":"2023-06-11T09:10:02","slug":"2023-parcours-la-petite-galerie","status":"publish","type":"page","link":"https:\/\/bis-art.com\/index.php\/2023-parcours-la-petite-galerie\/","title":{"rendered":"2023-Parcours-La petite Galerie"},"content":{"rendered":"\n<div style=\"height:60px\" aria-hidden=\"true\" class=\"wp-block-spacer\"><\/div>\n\n\n<h2><span style=\"color: #4b86c7;\">Edition 2023 &#8211; <\/span><span style=\"color: #4b86c7;\">une galerie &#8211; un artiste<\/span><\/h2>\n<h2>La Petite Galerie<\/h2>\n\n\n<div style=\"height:30px\" aria-hidden=\"true\" class=\"wp-block-spacer\"><\/div>\n\n\n\n<div class=\"wp-block-columns\">\n<div class=\"wp-block-column is-vertically-aligned-top\" style=\"flex-basis:33.33%\">\n<div class=\"wp-block-image is-style-default\"><figure class=\"alignleft size-large\"><img loading=\"lazy\" width=\"1143\" height=\"1440\" src=\"https:\/\/bis-art.com\/wp-content\/uploads\/2023\/06\/LaPetiteGalerie_DavidFerreira.jpg\" alt=\"\" class=\"wp-image-3097\" srcset=\"https:\/\/bis-art.com\/wp-content\/uploads\/2023\/06\/LaPetiteGalerie_DavidFerreira.jpg 1143w, https:\/\/bis-art.com\/wp-content\/uploads\/2023\/06\/LaPetiteGalerie_DavidFerreira-238x300.jpg 238w, https:\/\/bis-art.com\/wp-content\/uploads\/2023\/06\/LaPetiteGalerie_DavidFerreira-768x968.jpg 768w\" sizes=\"(max-width: 1143px) 100vw, 1143px\" \/><figcaption><strong>David Ferreira<\/strong><\/figcaption><\/figure><\/div>\n\n\n\n<p><\/p>\n\n\n\n<p><b>La Petite Galerie<\/b><br \/>80 rue Grande<br \/>06570 Saint-Paul-de-Vence<br \/><strong><a href=\"https:\/\/www.art-lapetitegalerie.fr\/\" target=\"_blank\" rel=\"noopener\">www.art-lapetitegalerie.fr<\/a><\/strong><\/p>\n<p>\u00a0<\/p>\n\n\n\n<p><\/p>\n<\/div>\n\n\n\n<div class=\"wp-block-column is-vertically-aligned-top\" style=\"flex-basis:66.66%\">\n<p>Nich\u00e9e dans les petites ruelles de Saint Paul de Vence, La Petite Galerie est une galerie d\u2019art originale et d\u00e9cal\u00e9e cr\u00e9\u00e9e en 2017 par Terry Boulet.<\/p>\n<p><b>La Petite Galerie pr\u00e9sente David Ferreira<\/b><\/p>\n<p>David Ferreira est un jeune artiste fran\u00e7ais originaire de Pau. Il est un des premiers artistes \u00e0 nous avoir fait confiance lors de la cr\u00e9ation de notre galerie que nous voulions joyeuse et d\u00e9cal\u00e9e. C\u2019est un artiste, un vrai, un cr\u00e9ateur, un autodidacte au talent brut, un bosseur acharn\u00e9 \u00e0 la recherche de la diff\u00e9rence, d\u2019une identit\u00e9 visuelle bien \u00e0 lui. Son univers est \u00e0 son image, plein de couleurs, de romantisme, et de vie !<\/p>\n<p>\u00a0<\/p>\n\n\n\n<hr class=\"wp-block-separator has-text-color has-background has-ast-global-color-0-background-color has-ast-global-color-0-color is-style-wide\"\/>\n\n\n\n<p><em>Nestled in the narrow streets of Saint Paul de Vence, La Petite Galerie is an original and quirky art gallery created in 2017 by Terry Boulet.<\/em><\/p>\n<p><em><b>La Petite Galerie presents David Ferreira<\/b><\/em><\/p>\n<p><em>David Ferreira is a young french artist from Pau. He was one of the first artists to put their trust in us when we set up our gallery, which we wanted to be cheerful and quirky. He&#8217;s a real artist, a creator, a self-taught raw talent, a hard worker in search of something different, a visual identity all his own. His world is just like him, full of colour, romance and life!<\/em><\/p>\n\n\n\n<p><\/p>\n<\/div>\n<\/div>\n\n\n\n<hr class=\"wp-block-separator has-text-color has-background has-ast-global-color-0-background-color has-ast-global-color-0-color is-style-wide\"\/>\n\n\n<p><a href=\"https:\/\/bis-art.com\/index.php\/2023-le-parcours-des-galeries\/\"><span style=\"color: #4b86c7;\"><strong>&gt; Retour &nbsp;Le parcours des galeries de Saint-Paul de Vence<\/strong><\/span><\/a><\/p>\n\n\n<div style=\"height:60px\" aria-hidden=\"true\" class=\"wp-block-spacer\"><\/div>\n","protected":false},"excerpt":{"rendered":"<p>Edition 2023 &#8211; une galerie &#8211; un artiste La Petite Galerie La Petite Galerie80 rue Grande06570 Saint-Paul-de-Vencewww.art-lapetitegalerie.fr \u00a0 Nich\u00e9e dans les petites ruelles de Saint Paul de Vence, La Petite Galerie est une galerie d\u2019art originale et d\u00e9cal\u00e9e cr\u00e9\u00e9e en 2017 par Terry Boulet. La Petite Galerie pr\u00e9sente David Ferreira David Ferreira est un jeune &hellip;<\/p>\n<p class=\"read-more\"> <a class=\"\" href=\"https:\/\/bis-art.com\/index.php\/2023-parcours-la-petite-galerie\/\"> <span class=\"screen-reader-text\">2023-Parcours-La petite Galerie<\/span> Lire la suite \u00bb<\/a><\/p>\n","protected":false},"author":1,"featured_media":0,"parent":0,"menu_order":0,"comment_status":"closed","ping_status":"closed","template":"","meta":{"site-sidebar-layout":"default","site-content-layout":"default","ast-global-header-display":"","ast-main-header-display":"","ast-hfb-above-header-display":"","ast-hfb-below-header-display":"","ast-hfb-mobile-header-display":"","site-post-title":"disabled","ast-breadcrumbs-content":"","ast-featured-img":"","footer-sml-layout":"","theme-transparent-header-meta":"","adv-header-id-meta":"","stick-header-meta":"","header-above-stick-meta":"","header-main-stick-meta":"","header-below-stick-meta":""},"_links":{"self":[{"href":"https:\/\/bis-art.com\/index.php\/wp-json\/wp\/v2\/pages\/3096"}],"collection":[{"href":"https:\/\/bis-art.com\/index.php\/wp-json\/wp\/v2\/pages"}],"about":[{"href":"https:\/\/bis-art.com\/index.php\/wp-json\/wp\/v2\/types\/page"}],"author":[{"embeddable":true,"href":"https:\/\/bis-art.com\/index.php\/wp-json\/wp\/v2\/users\/1"}],"replies":[{"embeddable":true,"href":"https:\/\/bis-art.com\/index.php\/wp-json\/wp\/v2\/comments?post=3096"}],"version-history":[{"count":1,"href":"https:\/\/bis-art.com\/index.php\/wp-json\/wp\/v2\/pages\/3096\/revisions"}],"predecessor-version":[{"id":3098,"href":"https:\/\/bis-art.com\/index.php\/wp-json\/wp\/v2\/pages\/3096\/revisions\/3098"}],"wp:attachment":[{"href":"https:\/\/bis-art.com\/index.php\/wp-json\/wp\/v2\/media?parent=3096"}],"curies":[{"name":"wp","href":"https:\/\/api.w.org\/{rel}","templated":true}]}}