{"id":3099,"date":"2023-06-11T11:22:44","date_gmt":"2023-06-11T09:22:44","guid":{"rendered":"https:\/\/bis-art.com\/?page_id=3099"},"modified":"2023-06-11T11:22:45","modified_gmt":"2023-06-11T09:22:45","slug":"2023-parcours-galerie-podgorny-robinson","status":"publish","type":"page","link":"https:\/\/bis-art.com\/index.php\/2023-parcours-galerie-podgorny-robinson\/","title":{"rendered":"2023-Parcours-Galerie Podgorny Robinson"},"content":{"rendered":"\n<div style=\"height:60px\" aria-hidden=\"true\" class=\"wp-block-spacer\"><\/div>\n\n\n<h2><span style=\"color: #4b86c7;\">Edition 2023 &#8211; <\/span><span style=\"color: #4b86c7;\">une galerie &#8211; un artiste<\/span><\/h2>\n<h2>Galerie Podgorny Robinson<\/h2>\n\n\n<div style=\"height:30px\" aria-hidden=\"true\" class=\"wp-block-spacer\"><\/div>\n\n\n\n<div class=\"wp-block-columns\">\n<div class=\"wp-block-column is-vertically-aligned-top\" style=\"flex-basis:33.33%\">\n<div class=\"wp-block-image is-style-default\"><figure class=\"alignleft size-large\"><img loading=\"lazy\" width=\"1075\" height=\"1440\" src=\"https:\/\/bis-art.com\/wp-content\/uploads\/2023\/06\/GaleriePodgornyRobinson_ArikLevy_2.jpg\" alt=\"\" class=\"wp-image-3100\" srcset=\"https:\/\/bis-art.com\/wp-content\/uploads\/2023\/06\/GaleriePodgornyRobinson_ArikLevy_2.jpg 1075w, https:\/\/bis-art.com\/wp-content\/uploads\/2023\/06\/GaleriePodgornyRobinson_ArikLevy_2-224x300.jpg 224w, https:\/\/bis-art.com\/wp-content\/uploads\/2023\/06\/GaleriePodgornyRobinson_ArikLevy_2-768x1029.jpg 768w\" sizes=\"(max-width: 1075px) 100vw, 1075px\" \/><figcaption><strong>Arik Levy<br><\/strong>CraterCube 160, 2022<br>Fine textured painted stainless steel<br>160 \u00d7 65 \u00d7 65 cm<\/figcaption><\/figure><\/div>\n\n\n\n<p><\/p>\n\n\n\n<p><b>Galerie Podgorny Robinson<\/b><br \/>Place du G\u00e9n\u00e9ral de Gaulle<br \/>06570 Saint-Paul-De-Vence<br \/><strong><a href=\"https:\/\/www.pr-gallery.com\/\" target=\"_blank\" rel=\"noopener\">www.pr-gallery.com<\/a><\/strong><\/p>\n<p>\u00a0<\/p>\n\n\n\n<p><\/p>\n<\/div>\n\n\n\n<div class=\"wp-block-column is-vertically-aligned-top\" style=\"flex-basis:66.66%\">\n<p>Fond\u00e9e en 2015 par Jason Robinson, la galerie Podgorny Robinson accompagne aussi bien des artistes renomm\u00e9s que de jeunes cr\u00e9ateurs dans le d\u00e9veloppement de leurs projets.<\/p>\n<p><b>La Galerie Podgorny Robinson\u00a0 pr\u00e9sente Arik Levy<\/b><\/p>\n<p>&#8220;La cr\u00e9ation est un muscle incontr\u00f4l\u00e9&#8221; selon Arik Levy (n\u00e9 en 1963).<\/p>\n<p>Artiste, technicien, photographe, designer, vid\u00e9aste, les comp\u00e9tences de Levy sont pluridisciplinaires et son travail est expos\u00e9 dans de prestigieuses galeries et mus\u00e9es du monde entier. Mieux connu publiquement pour ses sculptures &#8211; telles que ses embl\u00e9matiques \u0153uvres Rock -, ses installations, ses \u00e9ditions limit\u00e9es et son design, Levy a n\u00e9anmoins le sentiment que &#8220;le monde concerne les gens, pas les objets&#8221;.<\/p>\n<p>Les crat\u00e8res naissent lors du processus de distillation et d&#8217;extraction du concentr\u00e9 de grain de roche. Invisible \u00e0 l&#8217;\u0153il nu, lorsqu&#8217;une roche germe, le grain est le d\u00e9veloppement incarn\u00e9 de la peau des cellules qui se fond au centre. Ce vortex multicellulaire g\u00e9n\u00e8re des formations infinies d&#8217;images, de profondeurs et de micro espaces. L&#8217;\u0153il compl\u00e8te la peau non pr\u00e9sente comme il compl\u00e9terait la pr\u00e9sence partielle d&#8217;une personne dans la pi\u00e8ce. Crater est \u00e0 la fois int\u00e9rieur et ext\u00e9rieur&#8230; un grain d&#8217;arbre que nous ne verrons jamais, une nature d&#8217;une autre plan\u00e8te. Son bleu velours provient de la gamme des couleurs qui apparaissent au moment de la fusion de l&#8217;acier ou \u00e0 l&#8217;\u00e9ruption de la lave&#8230; la couleur froide d&#8217;une flamme br\u00fblante. Les cellules vides sont aussi des espaces de parties manquantes et, comme la roche qui se cr\u00e9e par soustraction, le crat\u00e8re existe par ses \u00e9l\u00e9ments disparus. Son apparence et sa forme complexes font voyager notre esprit et nos yeux sans fin sur ses surfaces et redimensionnent la pi\u00e8ce encore et encore.<\/p>\n<p>\u00a0<\/p>\n\n\n\n<hr class=\"wp-block-separator has-text-color has-background has-ast-global-color-0-background-color has-ast-global-color-0-color is-style-wide\"\/>\n\n\n\n<p><em>Founded in 2015 by Jason Robinson, Podgorny Robinson Gallery supports both renowned artists and young creators in the development of their projects.<\/em><\/p>\n<p><em><b>Galerie Podgorny Robinson presents Arik Levy<\/b><\/em><\/p>\n<p><em>&#8220;Creation is an uncontrolled muscle&#8221; according to Arik Levy (born in 1963).<\/em><\/p>\n<p><em>An artist, technician, photographer, designer and video artist, Levy&#8217;s skills are multidisciplinary and his work is exhibited in prestigious galleries and museums around the world. Best known publicly for his sculptures &#8211; such as his iconic Rock works &#8211; installations, limited editions and design, Levy nevertheless feels that &#8220;the world is about people, not objects&#8221;.<\/em><\/p>\n<p><em>The craters are created during the process of distilling and extracting the concentrate from the rock grain. Invisible to the naked eye, when a rock germinates, the grain is the embodied development of the skin of the cells that merge at the centre. This multicellular vortex generates infinite formations of images, depths and micro-spaces. The eye completes the non-present skin as it would complete the partial presence of a person in the room. Crater is both inside and outside&#8230; a grain of tree that we will never see, a nature from another planet. Its velvety blue comes from the range of colours that appear when steel melts or lava erupts&#8230; the cold colour of a burning flame. The empty cells are also spaces of missing parts and, like rock created by subtraction, the crater exists through its missing elements. Its complex appearance and form make our minds and eyes travel endlessly over its surfaces, resizing the piece again and again.<\/em><\/p>\n\n\n\n<p><\/p>\n<\/div>\n<\/div>\n\n\n\n<hr class=\"wp-block-separator has-text-color has-background has-ast-global-color-0-background-color has-ast-global-color-0-color is-style-wide\"\/>\n\n\n<p><a href=\"https:\/\/bis-art.com\/index.php\/2023-le-parcours-des-galeries\/\"><span style=\"color: #4b86c7;\"><strong>&gt; Retour &nbsp;Le parcours des galeries de Saint-Paul de Vence<\/strong><\/span><\/a><\/p>\n\n\n<div style=\"height:60px\" aria-hidden=\"true\" class=\"wp-block-spacer\"><\/div>\n","protected":false},"excerpt":{"rendered":"<p>Edition 2023 &#8211; une galerie &#8211; un artiste Galerie Podgorny Robinson Galerie Podgorny RobinsonPlace du G\u00e9n\u00e9ral de Gaulle06570 Saint-Paul-De-Vencewww.pr-gallery.com \u00a0 Fond\u00e9e en 2015 par Jason Robinson, la galerie Podgorny Robinson accompagne aussi bien des artistes renomm\u00e9s que de jeunes cr\u00e9ateurs dans le d\u00e9veloppement de leurs projets. La Galerie Podgorny Robinson\u00a0 pr\u00e9sente Arik Levy &#8220;La cr\u00e9ation &hellip;<\/p>\n<p class=\"read-more\"> <a class=\"\" href=\"https:\/\/bis-art.com\/index.php\/2023-parcours-galerie-podgorny-robinson\/\"> <span class=\"screen-reader-text\">2023-Parcours-Galerie Podgorny Robinson<\/span> Lire la suite \u00bb<\/a><\/p>\n","protected":false},"author":1,"featured_media":0,"parent":0,"menu_order":0,"comment_status":"closed","ping_status":"closed","template":"","meta":{"site-sidebar-layout":"default","site-content-layout":"default","ast-global-header-display":"","ast-main-header-display":"","ast-hfb-above-header-display":"","ast-hfb-below-header-display":"","ast-hfb-mobile-header-display":"","site-post-title":"disabled","ast-breadcrumbs-content":"","ast-featured-img":"","footer-sml-layout":"","theme-transparent-header-meta":"","adv-header-id-meta":"","stick-header-meta":"","header-above-stick-meta":"","header-main-stick-meta":"","header-below-stick-meta":""},"_links":{"self":[{"href":"https:\/\/bis-art.com\/index.php\/wp-json\/wp\/v2\/pages\/3099"}],"collection":[{"href":"https:\/\/bis-art.com\/index.php\/wp-json\/wp\/v2\/pages"}],"about":[{"href":"https:\/\/bis-art.com\/index.php\/wp-json\/wp\/v2\/types\/page"}],"author":[{"embeddable":true,"href":"https:\/\/bis-art.com\/index.php\/wp-json\/wp\/v2\/users\/1"}],"replies":[{"embeddable":true,"href":"https:\/\/bis-art.com\/index.php\/wp-json\/wp\/v2\/comments?post=3099"}],"version-history":[{"count":1,"href":"https:\/\/bis-art.com\/index.php\/wp-json\/wp\/v2\/pages\/3099\/revisions"}],"predecessor-version":[{"id":3101,"href":"https:\/\/bis-art.com\/index.php\/wp-json\/wp\/v2\/pages\/3099\/revisions\/3101"}],"wp:attachment":[{"href":"https:\/\/bis-art.com\/index.php\/wp-json\/wp\/v2\/media?parent=3099"}],"curies":[{"name":"wp","href":"https:\/\/api.w.org\/{rel}","templated":true}]}}