{"id":3102,"date":"2023-06-11T11:26:44","date_gmt":"2023-06-11T09:26:44","guid":{"rendered":"https:\/\/bis-art.com\/?page_id=3102"},"modified":"2023-06-11T11:26:44","modified_gmt":"2023-06-11T09:26:44","slug":"2023-parcours-saint-paul-galerie","status":"publish","type":"page","link":"https:\/\/bis-art.com\/index.php\/2023-parcours-saint-paul-galerie\/","title":{"rendered":"2023-Parcours-Saint-Paul Galerie"},"content":{"rendered":"\n<div style=\"height:60px\" aria-hidden=\"true\" class=\"wp-block-spacer\"><\/div>\n\n\n<h2><span style=\"color: #4b86c7;\">Edition 2023 &#8211; <\/span><span style=\"color: #4b86c7;\">une galerie &#8211; un artiste<\/span><\/h2>\n<h2>Saint-Paul Galerie<\/h2>\n\n\n<div style=\"height:30px\" aria-hidden=\"true\" class=\"wp-block-spacer\"><\/div>\n\n\n\n<div class=\"wp-block-columns\">\n<div class=\"wp-block-column is-vertically-aligned-top\" style=\"flex-basis:33.33%\">\n<div class=\"wp-block-image is-style-default\"><figure class=\"alignleft size-large\"><img loading=\"lazy\" width=\"1440\" height=\"1440\" src=\"https:\/\/bis-art.com\/wp-content\/uploads\/2023\/06\/SaintPaulGalerie_ChristianBarbier.jpg\" alt=\"\" class=\"wp-image-3103\" srcset=\"https:\/\/bis-art.com\/wp-content\/uploads\/2023\/06\/SaintPaulGalerie_ChristianBarbier.jpg 1440w, https:\/\/bis-art.com\/wp-content\/uploads\/2023\/06\/SaintPaulGalerie_ChristianBarbier-300x300.jpg 300w, https:\/\/bis-art.com\/wp-content\/uploads\/2023\/06\/SaintPaulGalerie_ChristianBarbier-150x150.jpg 150w, https:\/\/bis-art.com\/wp-content\/uploads\/2023\/06\/SaintPaulGalerie_ChristianBarbier-768x768.jpg 768w\" sizes=\"(max-width: 1440px) 100vw, 1440px\" \/><figcaption><strong>Christian Barbier<\/strong><\/figcaption><\/figure><\/div>\n\n\n\n<p><\/p>\n\n\n\n<p><b>Saint-Paul Galerie<\/b><br \/>19 rue Grande<br \/>06570 Saint-Paul-de-Vence<br \/><strong><a href=\"http:\/\/saint-paul-galerie.e-monsite.com\/\" target=\"_blank\" rel=\"noopener\">www.saint-paul-galerie.e-monsite.com<\/a><\/strong><\/p>\n<p>\u00a0<\/p>\n\n\n\n<p><\/p>\n<\/div>\n\n\n\n<div class=\"wp-block-column is-vertically-aligned-top\" style=\"flex-basis:66.66%\">\n<p>Saint-Paul Galerie pr\u00e9sente une vingtaine d\u2019artistes talentueux, originaux, d\u2019une haute vari\u00e9t\u00e9 cr\u00e9ative, de la nouvelle sc\u00e8ne \u00e9mergente aux artistes certifi\u00e9s sur le march\u00e9 de l\u2019art.<\/p>\n<p><b>Saint-Paul Galerie pr\u00e9sente Christian Barbier<\/b><\/p>\n<p>Christian Barbier, n\u00e9 en 1971 peint des visages humains qui sont en r\u00e9alit\u00e9 des sculptures sur toile. Le regard de ces \u00eatres nous d\u00e9visage, perplexe, s\u2019accroche \u00e0 celui du visiteur et ne le quitte plus. L&#8217;artiste agit comme un arch\u00e9ologue qui creuse dans les strates du terrain pour y retrouver des d\u00e9bris du pass\u00e9 ; il proc\u00e8de par recouvrement, effacement, superposition de couches, parfois extr\u00eamement t\u00e9nues, tout en laissant une part importante \u00e0 l\u2019impulsion et \u00e0 la spontan\u00e9it\u00e9 du geste. Du bout de ses pinceaux, spatules ou couteaux, il d\u00e9pose, colle et enduit sa mati\u00e8re en couches successives pour parvenir \u00e0 une \u00e9paisseur palpable puis physique.<\/p>\n<p>Christian Barbier ne cherche pas automatiquement le rendu esth\u00e9tique mais tente plut\u00f4t de nous interroger sur le bien le plus pr\u00e9cieux que nous recelons au plus profond de nous, l\u2019\u00e9tincelle vitale qui rallume la flamme de l\u2019espoir.<\/p>\n<p>\u00a0<\/p>\n\n\n\n<hr class=\"wp-block-separator has-text-color has-background has-ast-global-color-0-background-color has-ast-global-color-0-color is-style-wide\"\/>\n\n\n\n<p><em>Saint-Paul Galerie presents some twenty talented, original artists of great creative variety, from the new emerging scene to artists certified on the art market.<\/em><\/p>\n<p><em><b>Saint-Paul Galerie presents Christian Barbier<\/b><\/em><\/p>\n<p><em>Christian Barbier, born in 1971, paints human faces that are actually sculptures on canvas. The eyes of these beings stare at us, perplexed, catching the visitor&#8217;s gaze and never leaving it. The artist acts like an archaeologist digging into the strata of the ground to find debris from the past; he proceeds by covering, erasing, superimposing layers, sometimes extremely thin, while leaving a large part to the impulse and spontaneity of the gesture. With the tip of his brush, spatula or knife, he deposits, glues and coats his material in successive layers to achieve a palpable and then physical thickness.<\/em><\/p>\n<p><em>Christian Barbier&#8217;s aim is not automatically to achieve an aesthetic result, but rather to ask us about the most precious commodity we hold deep within us, the vital spark that rekindles the flame of hope.<\/em><\/p>\n\n\n\n<p><\/p>\n<\/div>\n<\/div>\n\n\n\n<hr class=\"wp-block-separator has-text-color has-background has-ast-global-color-0-background-color has-ast-global-color-0-color is-style-wide\"\/>\n\n\n<p><a href=\"https:\/\/bis-art.com\/index.php\/2023-le-parcours-des-galeries\/\"><span style=\"color: #4b86c7;\"><strong>&gt; Retour &nbsp;Le parcours des galeries de Saint-Paul de Vence<\/strong><\/span><\/a><\/p>\n\n\n<div style=\"height:60px\" aria-hidden=\"true\" class=\"wp-block-spacer\"><\/div>\n","protected":false},"excerpt":{"rendered":"<p>Edition 2023 &#8211; une galerie &#8211; un artiste Saint-Paul Galerie Saint-Paul Galerie19 rue Grande06570 Saint-Paul-de-Vencewww.saint-paul-galerie.e-monsite.com \u00a0 Saint-Paul Galerie pr\u00e9sente une vingtaine d\u2019artistes talentueux, originaux, d\u2019une haute vari\u00e9t\u00e9 cr\u00e9ative, de la nouvelle sc\u00e8ne \u00e9mergente aux artistes certifi\u00e9s sur le march\u00e9 de l\u2019art. Saint-Paul Galerie pr\u00e9sente Christian Barbier Christian Barbier, n\u00e9 en 1971 peint des visages humains &hellip;<\/p>\n<p class=\"read-more\"> <a class=\"\" href=\"https:\/\/bis-art.com\/index.php\/2023-parcours-saint-paul-galerie\/\"> <span class=\"screen-reader-text\">2023-Parcours-Saint-Paul Galerie<\/span> Lire la suite \u00bb<\/a><\/p>\n","protected":false},"author":1,"featured_media":0,"parent":0,"menu_order":0,"comment_status":"closed","ping_status":"closed","template":"","meta":{"site-sidebar-layout":"default","site-content-layout":"default","ast-global-header-display":"","ast-main-header-display":"","ast-hfb-above-header-display":"","ast-hfb-below-header-display":"","ast-hfb-mobile-header-display":"","site-post-title":"disabled","ast-breadcrumbs-content":"","ast-featured-img":"","footer-sml-layout":"","theme-transparent-header-meta":"","adv-header-id-meta":"","stick-header-meta":"","header-above-stick-meta":"","header-main-stick-meta":"","header-below-stick-meta":""},"_links":{"self":[{"href":"https:\/\/bis-art.com\/index.php\/wp-json\/wp\/v2\/pages\/3102"}],"collection":[{"href":"https:\/\/bis-art.com\/index.php\/wp-json\/wp\/v2\/pages"}],"about":[{"href":"https:\/\/bis-art.com\/index.php\/wp-json\/wp\/v2\/types\/page"}],"author":[{"embeddable":true,"href":"https:\/\/bis-art.com\/index.php\/wp-json\/wp\/v2\/users\/1"}],"replies":[{"embeddable":true,"href":"https:\/\/bis-art.com\/index.php\/wp-json\/wp\/v2\/comments?post=3102"}],"version-history":[{"count":1,"href":"https:\/\/bis-art.com\/index.php\/wp-json\/wp\/v2\/pages\/3102\/revisions"}],"predecessor-version":[{"id":3104,"href":"https:\/\/bis-art.com\/index.php\/wp-json\/wp\/v2\/pages\/3102\/revisions\/3104"}],"wp:attachment":[{"href":"https:\/\/bis-art.com\/index.php\/wp-json\/wp\/v2\/media?parent=3102"}],"curies":[{"name":"wp","href":"https:\/\/api.w.org\/{rel}","templated":true}]}}