{"id":3223,"date":"2023-06-24T10:21:34","date_gmt":"2023-06-24T08:21:34","guid":{"rendered":"https:\/\/bis-art.com\/?page_id=3223"},"modified":"2023-06-24T14:52:38","modified_gmt":"2023-06-24T12:52:38","slug":"alex-ayed-untitled-beit-el-hmam-i-ii-iii-2023","status":"publish","type":"page","link":"https:\/\/bis-art.com\/index.php\/alex-ayed-untitled-beit-el-hmam-i-ii-iii-2023\/","title":{"rendered":"Alex Ayed &#8211; Untitled (Beit el hmam I II III), 2023"},"content":{"rendered":"\n<div style=\"height:60px\" aria-hidden=\"true\" class=\"wp-block-spacer\"><\/div>\n\n\n\n<div class=\"wp-block-columns\">\n<div class=\"wp-block-column\">\n<h2 class=\"p1\"><span style=\"color: #333333;\">Alex Ayed<br \/><\/span>Untitled (Beit el hmam I II III), 2023<span class=\"Apple-converted-space\">\u00a0<\/span><\/h2>\n<p>\u00a0<\/p>\n<div class=\"page\" title=\"Page 21\">\n<div class=\"section\">\n<div class=\"layoutArea\">\n<div class=\"column\">\n<p>L\u2019oeuvre de l\u2019artiste franco-tunisien Alex Ayed, intitul\u00e9e <i>Untitled (Beit el hmam) <\/i>prend la forme d\u2019un pigeonnier fabriqu\u00e9 en bois d\u2019olivier, en argile, en paille et recouvert de chaux. Cette technique, caract\u00e9ristique de l\u2019architecture vernaculaire du nord de l\u2019Afrique, constitue encore de nos jours une alternative pr\u00e9existante aux constructions plus modernes trouv\u00e9es autour de la M\u00e9diterran\u00e9e.<span class=\"Apple-converted-space\">\u00a0<\/span><\/p>\n<p>Comme d\u2019autres oeuvres d\u2019Ayed, ce pigeonnier est le fruit de la convergence de diff\u00e9rentes narrations, tant issues de l\u2019histoire locale que de situations provoqu\u00e9es par l\u2019artiste.<span class=\"Apple-converted-space\">\u00a0<\/span><\/p>\n<p>En 2019, Ayed avait construit une oeuvre similaire \u00e0 l\u2019int\u00e9rieur du centre B7L9 \u00e0 Tunis, afin d\u2019y accueillir une soixantaine de pigeons recueillis aux alentours.<span class=\"Apple-converted-space\">\u00a0<\/span><\/p>\n<p>La curatrice Myriam Ben Salah souligne que les oeuvres d\u2019Ayed sont des \u00ab incarnations physiques d\u2019une tradition orale \u00bb et t\u00e9moignent des migrations des objets et des individus \u00e0 travers l\u2019espace et le temps. Ainsi, la pratique itin\u00e9rante d\u2019Alex Ayed consiste \u00e0 s\u2019int\u00e9resser \u00e0 l\u2019histoire des lieux o\u00f9 il travaille et \u00e0 d\u00e9velopper les imaginaires qui y sont pr\u00e9sents.<span class=\"Apple-converted-space\">\u00a0<\/span><\/p>\n<p>Il s\u00e9lectionne minutieusement des objets, les collectionne et les introduit dans l\u2019espace d\u2019exposition, non pas pour les f\u00e9tichiser, mais pour y puiser des histoires locales et universelles qu\u2019il assemble et recoupe dans des sculptures, installations ou oeuvres sonores.<span class=\"Apple-converted-space\">\u00a0<\/span><\/p>\n<\/div>\n<\/div>\n<\/div>\n<\/div>\n<p class=\"p1\">Alex Ayed est repr\u00e9sent\u00e9 par la <a href=\"https:\/\/bis-art.com\/index.php\/galerie-balice-hertling\/\">Galerie Balice Hertling<\/a><\/p>\n<p>\u00a0<\/p>\n\n\n\n<hr class=\"wp-block-separator has-text-color has-background has-ast-global-color-0-background-color has-ast-global-color-0-color is-style-wide\"\/>\n\n\n\n<div class=\"page\" title=\"Page 22\">\n<div class=\"section\">\n<div class=\"layoutArea\">\n<div class=\"column\">\n<p><em>The work of Franco-Tunisian artist Alex Ayed, entitled Untitled (Beit el hmam), takes the form of a dovecote made of olive wood, clay, straw and covered with lime. This technique, characteristic of the vernacular architecture of North Africa, still constitutes a pre-existing alternative to the more modern constructions found around the Mediterranean. Like other works by Ayed, this dovecote is the result of the convergence of different narratives, both from local history and from situations provoked by the artist.<span class=\"Apple-converted-space\">\u00a0<\/span><\/em><\/p>\n<p><em>In 2019, Ayed had built a similar work inside the B7L9 center in Tunis, to accommodate about sixty pigeons collected from the surroundings.<span class=\"Apple-converted-space\">\u00a0<\/span><\/em><\/p>\n<p><em>Myriam Ben Salah, curator, emphasizes that Ayed\u2019s works are \u201cphysical embodiments of an oral tradition\u201d and bear witness to the migrations of objects and individuals through space and time. Thus, Alex Ayed\u2019s itinerant practice consists of taking an interest in the history of the places where he works and developing the imaginaries present there. He carefully selects objects, collects them, and introduces them into the exhibition space, not to fetishize them, but to draw from them local and universal histories that he assembles and cross-references in sculptures, installations or sound works.<span class=\"Apple-converted-space\">\u00a0<\/span><\/em><\/p>\n<\/div>\n<\/div>\n<\/div>\n<\/div>\n<p><em>Alex Ayed is represented by <a href=\"https:\/\/bis-art.com\/index.php\/galerie-balice-hertling\/\">Galerie Balice Hertling<\/a><\/em><\/p>\n<p>\u00a0<\/p>\n\n\n\n<hr class=\"wp-block-separator has-text-color has-background has-ast-global-color-0-background-color has-ast-global-color-0-color is-style-wide\"\/>\n\n\n\n<p><strong><a href=\"https:\/\/bis-art.com\/index.php\/alex-ayed\/\">&gt; Alex Ayed<\/a><a href=\"https:\/\/bis-art.com\/index.php\/edition-2023-les-artistes\/\"><br \/><\/a><a href=\"https:\/\/bis-art.com\/index.php\/edition-2023-les-oeuvres\/\">&gt; Retour Liste des \u0153uvres<\/a><\/strong><\/p>\n\n\n\n<p><\/p>\n<\/div>\n\n\n\n<div class=\"wp-block-column\">\n<div class=\"alignfull\"><div id=\"metaslider-id-3224\" style=\"max-width: 800px; margin: 0 auto;\" class=\"ml-slider-3-31-0 metaslider metaslider-nivo metaslider-3224 ml-slider ms-theme-nivo-light has-dots-nav\">\n    <div id=\"metaslider_container_3224\">\n        <div class='slider-wrapper theme-default'><div class='ribbon'><\/div><div id='metaslider_3224' class='nivoSlider'><img width=\"1440\" height=\"960\" src=\"https:\/\/bis-art.com\/wp-content\/uploads\/2023\/06\/3_26_Alex_AYED_Untitled_Beit_el_hmam_II_Untitled_Beit_el_hmam_III_Courtesy_of_the_artist_and_Galerie_Balice_Hertling_Photo_Frederic_PASQUINI.jpg\" class=\"slider-3224 slide-3229\" alt=\"\" loading=\"lazy\" data-caption=\"\" data-thumb=\"\" title=\"3_26_Alex_AYED_Untitled_(Beit_el_hmam_II)_Untitled_(Beit_el_hmam_III)_Courtesy_of_the_artist_and_Galerie_Balice_Hertling_Photo_Frederic_PASQUINI\" rel=\"\" srcset=\"https:\/\/bis-art.com\/wp-content\/uploads\/2023\/06\/3_26_Alex_AYED_Untitled_Beit_el_hmam_II_Untitled_Beit_el_hmam_III_Courtesy_of_the_artist_and_Galerie_Balice_Hertling_Photo_Frederic_PASQUINI.jpg 1440w, https:\/\/bis-art.com\/wp-content\/uploads\/2023\/06\/3_26_Alex_AYED_Untitled_Beit_el_hmam_II_Untitled_Beit_el_hmam_III_Courtesy_of_the_artist_and_Galerie_Balice_Hertling_Photo_Frederic_PASQUINI-300x200.jpg 300w, https:\/\/bis-art.com\/wp-content\/uploads\/2023\/06\/3_26_Alex_AYED_Untitled_Beit_el_hmam_II_Untitled_Beit_el_hmam_III_Courtesy_of_the_artist_and_Galerie_Balice_Hertling_Photo_Frederic_PASQUINI-768x512.jpg 768w\" sizes=\"(max-width: 1440px) 100vw, 1440px\" \/><img width=\"1440\" height=\"960\" src=\"https:\/\/bis-art.com\/wp-content\/uploads\/2023\/06\/3_31_Alex_AYED_Untitled_Beit_el_hmam_II_Untitled_Beit_el_hmam_III_Courtesy_of_the_artist_and_Galerie_Balice_Hertling_Photo_Frederic_PASQUINI.jpg\" class=\"slider-3224 slide-3230\" alt=\"\" loading=\"lazy\" data-caption=\"\" data-thumb=\"\" title=\"3_31_Alex_AYED_Untitled_(Beit_el_hmam_II)_Untitled_(Beit_el_hmam_III)_Courtesy_of_the_artist_and_Galerie_Balice_Hertling_Photo_Frederic_PASQUINI\" rel=\"\" srcset=\"https:\/\/bis-art.com\/wp-content\/uploads\/2023\/06\/3_31_Alex_AYED_Untitled_Beit_el_hmam_II_Untitled_Beit_el_hmam_III_Courtesy_of_the_artist_and_Galerie_Balice_Hertling_Photo_Frederic_PASQUINI.jpg 1440w, https:\/\/bis-art.com\/wp-content\/uploads\/2023\/06\/3_31_Alex_AYED_Untitled_Beit_el_hmam_II_Untitled_Beit_el_hmam_III_Courtesy_of_the_artist_and_Galerie_Balice_Hertling_Photo_Frederic_PASQUINI-300x200.jpg 300w, https:\/\/bis-art.com\/wp-content\/uploads\/2023\/06\/3_31_Alex_AYED_Untitled_Beit_el_hmam_II_Untitled_Beit_el_hmam_III_Courtesy_of_the_artist_and_Galerie_Balice_Hertling_Photo_Frederic_PASQUINI-768x512.jpg 768w\" sizes=\"(max-width: 1440px) 100vw, 1440px\" \/><img width=\"1440\" height=\"1440\" src=\"https:\/\/bis-art.com\/wp-content\/uploads\/2023\/06\/3_17_Alex_AYED_Untitled_Beit_el_hmam_II_Untitled_Beit_el_hmam_III_Courtesy_of_the_artist_and_Galerie_Balice_Hertling_Photo_Frederic_PASQUINI.jpg\" class=\"slider-3224 slide-3231\" alt=\"\" loading=\"lazy\" data-caption=\"\" data-thumb=\"\" title=\"3_17_Alex_AYED_Untitled_(Beit_el_hmam_II)_Untitled_(Beit_el_hmam_III)_Courtesy_of_the_artist_and_Galerie_Balice_Hertling_Photo_Frederic_PASQUINI\" rel=\"\" srcset=\"https:\/\/bis-art.com\/wp-content\/uploads\/2023\/06\/3_17_Alex_AYED_Untitled_Beit_el_hmam_II_Untitled_Beit_el_hmam_III_Courtesy_of_the_artist_and_Galerie_Balice_Hertling_Photo_Frederic_PASQUINI.jpg 1440w, https:\/\/bis-art.com\/wp-content\/uploads\/2023\/06\/3_17_Alex_AYED_Untitled_Beit_el_hmam_II_Untitled_Beit_el_hmam_III_Courtesy_of_the_artist_and_Galerie_Balice_Hertling_Photo_Frederic_PASQUINI-300x300.jpg 300w, https:\/\/bis-art.com\/wp-content\/uploads\/2023\/06\/3_17_Alex_AYED_Untitled_Beit_el_hmam_II_Untitled_Beit_el_hmam_III_Courtesy_of_the_artist_and_Galerie_Balice_Hertling_Photo_Frederic_PASQUINI-150x150.jpg 150w, https:\/\/bis-art.com\/wp-content\/uploads\/2023\/06\/3_17_Alex_AYED_Untitled_Beit_el_hmam_II_Untitled_Beit_el_hmam_III_Courtesy_of_the_artist_and_Galerie_Balice_Hertling_Photo_Frederic_PASQUINI-768x768.jpg 768w\" sizes=\"(max-width: 1440px) 100vw, 1440px\" \/><img width=\"1440\" height=\"960\" src=\"https:\/\/bis-art.com\/wp-content\/uploads\/2023\/06\/3_19_Alex_AYED_Untitled_Beit_el_hmam_II_Untitled_Beit_el_hmam_III_Courtesy_of_the_artist_and_Galerie_Balice_Hertling_Photo_Frederic_PASQUINI.jpg\" class=\"slider-3224 slide-3232\" alt=\"\" loading=\"lazy\" data-caption=\"\" data-thumb=\"\" title=\"3_19_Alex_AYED_Untitled_(Beit_el_hmam_II)_Untitled_(Beit_el_hmam_III)_Courtesy_of_the_artist_and_Galerie_Balice_Hertling_Photo_Frederic_PASQUINI\" rel=\"\" srcset=\"https:\/\/bis-art.com\/wp-content\/uploads\/2023\/06\/3_19_Alex_AYED_Untitled_Beit_el_hmam_II_Untitled_Beit_el_hmam_III_Courtesy_of_the_artist_and_Galerie_Balice_Hertling_Photo_Frederic_PASQUINI.jpg 1440w, https:\/\/bis-art.com\/wp-content\/uploads\/2023\/06\/3_19_Alex_AYED_Untitled_Beit_el_hmam_II_Untitled_Beit_el_hmam_III_Courtesy_of_the_artist_and_Galerie_Balice_Hertling_Photo_Frederic_PASQUINI-300x200.jpg 300w, https:\/\/bis-art.com\/wp-content\/uploads\/2023\/06\/3_19_Alex_AYED_Untitled_Beit_el_hmam_II_Untitled_Beit_el_hmam_III_Courtesy_of_the_artist_and_Galerie_Balice_Hertling_Photo_Frederic_PASQUINI-768x512.jpg 768w\" sizes=\"(max-width: 1440px) 100vw, 1440px\" \/><\/div><\/div>\n        \n    <\/div>\n<\/div><\/div>\n\n\n\n<div class=\"page\" title=\"Page 21\">\n<div class=\"section\">\n<div class=\"layoutArea\">\n<div class=\"column\">\n<p style=\"text-align: right;\"><span style=\"color: #4b86c7;\"><strong>Untitled (Beit el hmam I), 2023<\/strong><\/span><span class=\"Apple-converted-space\"><span style=\"color: #4b86c7;\"><strong>\u00a0<\/strong><\/span><br \/><span style=\"color: #4b86c7;\"><strong>Untitled (Beit el hmam I), 2023 <\/strong><\/span><br \/><span style=\"color: #4b86c7;\"><strong>Untitled (Beit el hmam III), 2023<\/strong> <\/span><br \/><\/span>Bois d\u2019olivier, chaux, acier, pl\u00e2tre, argile, foin<span class=\"Apple-converted-space\">\u00a0<br \/><\/span>Olive wood, lime, steel, plaster, clay, hay<span class=\"Apple-converted-space\">\u00a0<br \/><\/span>451,5 x 156 x 162 cm<span class=\"Apple-converted-space\">\u00a0<br \/><\/span>280 x 107,5 x 118 cm<span class=\"Apple-converted-space\">\u00a0<br \/><\/span>247 x 156,5 x 160,5 cm<span class=\"Apple-converted-space\">\u00a0<br \/><\/span>Courtesy of the artist and Galerie Balice Hertling<br \/>Photos Fr\u00e9d\u00e9ric Pasquini<\/p>\n<p>\u00a0<\/p>\n<\/div>\n<\/div>\n<\/div>\n<\/div>\n\n\n\n<p><\/p>\n<\/div>\n<\/div>\n\n\n\n<div style=\"height:60px\" aria-hidden=\"true\" class=\"wp-block-spacer\"><\/div>\n\n\n\n<p><\/p>\n","protected":false},"excerpt":{"rendered":"<p>Alex AyedUntitled (Beit el hmam I II III), 2023\u00a0 \u00a0 L\u2019oeuvre de l\u2019artiste franco-tunisien Alex Ayed, intitul\u00e9e Untitled (Beit el hmam) prend la forme d\u2019un pigeonnier fabriqu\u00e9 en bois d\u2019olivier, en argile, en paille et recouvert de chaux. Cette technique, caract\u00e9ristique de l\u2019architecture vernaculaire du nord de l\u2019Afrique, constitue encore de nos jours une alternative &hellip;<\/p>\n<p class=\"read-more\"> <a class=\"\" href=\"https:\/\/bis-art.com\/index.php\/alex-ayed-untitled-beit-el-hmam-i-ii-iii-2023\/\"> <span class=\"screen-reader-text\">Alex Ayed &#8211; Untitled (Beit el hmam I II III), 2023<\/span> Lire la suite \u00bb<\/a><\/p>\n","protected":false},"author":1,"featured_media":0,"parent":0,"menu_order":0,"comment_status":"closed","ping_status":"closed","template":"","meta":{"site-sidebar-layout":"default","site-content-layout":"default","ast-global-header-display":"","ast-main-header-display":"","ast-hfb-above-header-display":"","ast-hfb-below-header-display":"","ast-hfb-mobile-header-display":"","site-post-title":"disabled","ast-breadcrumbs-content":"","ast-featured-img":"","footer-sml-layout":"","theme-transparent-header-meta":"","adv-header-id-meta":"","stick-header-meta":"","header-above-stick-meta":"","header-main-stick-meta":"","header-below-stick-meta":""},"_links":{"self":[{"href":"https:\/\/bis-art.com\/index.php\/wp-json\/wp\/v2\/pages\/3223"}],"collection":[{"href":"https:\/\/bis-art.com\/index.php\/wp-json\/wp\/v2\/pages"}],"about":[{"href":"https:\/\/bis-art.com\/index.php\/wp-json\/wp\/v2\/types\/page"}],"author":[{"embeddable":true,"href":"https:\/\/bis-art.com\/index.php\/wp-json\/wp\/v2\/users\/1"}],"replies":[{"embeddable":true,"href":"https:\/\/bis-art.com\/index.php\/wp-json\/wp\/v2\/comments?post=3223"}],"version-history":[{"count":3,"href":"https:\/\/bis-art.com\/index.php\/wp-json\/wp\/v2\/pages\/3223\/revisions"}],"predecessor-version":[{"id":3244,"href":"https:\/\/bis-art.com\/index.php\/wp-json\/wp\/v2\/pages\/3223\/revisions\/3244"}],"wp:attachment":[{"href":"https:\/\/bis-art.com\/index.php\/wp-json\/wp\/v2\/media?parent=3223"}],"curies":[{"name":"wp","href":"https:\/\/api.w.org\/{rel}","templated":true}]}}