{"id":3314,"date":"2023-07-03T21:00:27","date_gmt":"2023-07-03T19:00:27","guid":{"rendered":"https:\/\/bis-art.com\/?page_id=3314"},"modified":"2024-08-03T10:51:44","modified_gmt":"2024-08-03T08:51:44","slug":"mediation","status":"publish","type":"page","link":"https:\/\/bis-art.com\/index.php\/mediation\/","title":{"rendered":"M\u00e9diation"},"content":{"rendered":"\n<div style=\"height:60px\" aria-hidden=\"true\" class=\"wp-block-spacer\"><\/div>\n\n\n\n<div class=\"wp-block-columns\">\n<div class=\"wp-block-column\">\n<div class=\"page\" title=\"Page 1\">\n<div class=\"section\">\n<div class=\"layoutArea\">\n<div class=\"column\">\n<div class=\"page\" title=\"Page 27\">\n<div class=\"layoutArea\">\n<div class=\"column\">\n<p>La m\u00e9diation est au c\u0153ur du projet artistique et culturel de la Biennale, afin de permettre \u00e0 tous les publics d\u2019aborder simplement les \u0153uvres des artistes contemporains. En partenariat avec les associations du territoire, des actions \u00e9ducatives sp\u00e9cifiques de sensibilisation et d\u2019accompagnement sont organis\u00e9es pour les publics scolaires et relevant du champ social autour de visites guid\u00e9es, de temps d\u2019\u00e9changes et d\u2019ateliers de pratique artistique.<\/p>\n<\/div>\n<\/div>\n<\/div>\n<p>Tout au long des expositions, une \u00e9quipe de m\u00e9diation est \u00e0 votre disposition pour vous renseigner et proposer des visites guid\u00e9es ou des ateliers \u00e0 suivre en groupe, en famille ou entre amis.<\/p>\n<\/div>\n<\/div>\n<\/div>\n<\/div>\n\n\n\n<div style=\"height:25px\" aria-hidden=\"true\" class=\"wp-block-spacer\"><\/div>\n\n\n\n<h2>Visites guid\u00e9es<\/h2>\n<p>Pour appr\u00e9hender simplement les notions que d\u00e9veloppent les artistes dans leur pratique \u00a0des visites guid\u00e9es en acc\u00e8s libre et sans r\u00e9servation vous m\u00e8nent sur le parcours de l\u2019exposition : d\u00e9couverte des \u0153uvres expos\u00e9es, des techniques artistes invit\u00e9s.<\/p>\n\n\n\n<div style=\"height:20px\" aria-hidden=\"true\" class=\"wp-block-spacer\"><\/div>\n\n\n\n<figure class=\"wp-block-image size-full is-resized\"><img loading=\"lazy\" src=\"https:\/\/bis-art.com\/wp-content\/uploads\/2023\/05\/BIS23-Visite-guidee.jpg\" alt=\"\" class=\"wp-image-3308\" width=\"400\" height=\"400\" srcset=\"https:\/\/bis-art.com\/wp-content\/uploads\/2023\/05\/BIS23-Visite-guidee.jpg 800w, https:\/\/bis-art.com\/wp-content\/uploads\/2023\/05\/BIS23-Visite-guidee-300x300.jpg 300w, https:\/\/bis-art.com\/wp-content\/uploads\/2023\/05\/BIS23-Visite-guidee-150x150.jpg 150w, https:\/\/bis-art.com\/wp-content\/uploads\/2023\/05\/BIS23-Visite-guidee-768x768.jpg 768w\" sizes=\"(max-width: 400px) 100vw, 400px\" \/><\/figure>\n\n\n\n<div style=\"height:20px\" aria-hidden=\"true\" class=\"wp-block-spacer\"><\/div>\n\n\n\n<h2>Ateliers d\u00e8s 3 ans \u2013 enfants et famille<\/h2>\n<p>La Biennale internationale Saint-Paul de Vence invite des artistes contemporains \u00e0 investir l&#8217;espace public.<br \/>Selon la th\u00e9matique de la Biennale, les ateliers ouverts \u00e0 tous d\u00e8s 3 ans \u2013 choisis selon l&#8217;\u00e2ge des participants \u2013 reposent sur ce que &#8220;racontent&#8221; les \u0153uvres et les techniques de cr\u00e9ation des artistes de l&#8217;exposition.<\/p>\n<h2>Accueil \/ boutique<\/h2>\n<div class=\"page\" title=\"Page 20\">\n<div class=\"section\">\n<div class=\"layoutArea\">\n<div class=\"column\">\n<div class=\"page\" title=\"Page 1\">\n<div class=\"section\">\n<div class=\"layoutArea\">\n<div class=\"column\">\n<p>A l\u2019espace Verdet, la boutique \u00e9ph\u00e9m\u00e8re de la Biennale propose catalogues, livres et livres jeunesse.<\/p>\n<\/div>\n<\/div>\n<\/div>\n<\/div>\n<\/div>\n<\/div>\n<\/div>\n<\/div>\n<\/div>\n\n\n\n<div class=\"wp-block-column\">\n<p><em>Mediation is at the heart of the Biennial&#8217;s artistic and cultural project, to enable all audiences to approach the works of contemporary artists in a straightforward manner. In partnership with local associations, specific educational initiatives to raise awareness and provide support are organised for schools and social groups, with guided tours, discussion sessions and practical art workshops.<\/em><\/p>\n<p><em>Throughout the exhibitions, a\u00a0team of mediators is available to provide information and to offer guided tours or workshops for groups, families or friends.<\/em><\/p>\n\n\n\n<div style=\"height:25px\" aria-hidden=\"true\" class=\"wp-block-spacer\"><\/div>\n\n\n\n<h2><i>Guided tours<\/i><\/h2>\n<p><em>To simply grasp the concepts developed by the artists in their practice, guided tours, with free access and without reservation, lead you along the exhibition route: discovery of the works exhibited, the techniques of the invited artists.<\/em><\/p>\n<p>\u00a0<\/p>\n<h2><em>Workshops from 3 years old \u2013 children and family<\/em><\/h2>\n<p><em>The Saint-Paul de Vence \u00a0International Biennial is inviting contemporary artists to take over the public space. <\/em><br \/><em>In keeping with the Biennial&#8217;s theme, the workshops are open to everyone aged 3 and over &#8211; and are chosen according to the age of the participants &#8211; based on what the works and creative techniques of the artists in the exhibition &#8216;tell&#8217;.<\/em><\/p>\n\n\n\n<div style=\"height:20px\" aria-hidden=\"true\" class=\"wp-block-spacer\"><\/div>\n\n\n\n<figure class=\"wp-block-image size-full is-resized\"><img loading=\"lazy\" src=\"https:\/\/bis-art.com\/wp-content\/uploads\/2023\/05\/Atelier-Cree-ton-masque-2.jpg\" alt=\"\" class=\"wp-image-3312\" width=\"400\" height=\"400\" srcset=\"https:\/\/bis-art.com\/wp-content\/uploads\/2023\/05\/Atelier-Cree-ton-masque-2.jpg 800w, https:\/\/bis-art.com\/wp-content\/uploads\/2023\/05\/Atelier-Cree-ton-masque-2-300x300.jpg 300w, https:\/\/bis-art.com\/wp-content\/uploads\/2023\/05\/Atelier-Cree-ton-masque-2-150x150.jpg 150w, https:\/\/bis-art.com\/wp-content\/uploads\/2023\/05\/Atelier-Cree-ton-masque-2-768x768.jpg 768w\" sizes=\"(max-width: 400px) 100vw, 400px\" \/><\/figure>\n\n\n\n<div style=\"height:20px\" aria-hidden=\"true\" class=\"wp-block-spacer\"><\/div>\n\n\n\n<h2><em>Reception \/ shop<\/em><\/h2>\n<div class=\"page\" title=\"Page 1\">\n<div class=\"section\">\n<div class=\"layoutArea\">\n<div class=\"column\">\n<div class=\"page\" title=\"Page 1\">\n<div class=\"section\">\n<div class=\"layoutArea\">\n<div class=\"column\">\n<p><em>At the Espace Verdet, the Biennal\u2019s temporary shop welcomes you and proposes catalogs, books and books for children.<\/em><\/p>\n<\/div>\n<\/div>\n<\/div>\n<\/div>\n<\/div>\n<\/div>\n<\/div>\n<\/div>\n\n\n\n<p><\/p>\n<\/div>\n<\/div>\n\n\n\n<div style=\"height:20px\" aria-hidden=\"true\" class=\"wp-block-spacer\"><\/div>\n\n\n\n<hr class=\"wp-block-separator has-text-color has-background has-ast-global-color-0-background-color has-ast-global-color-0-color is-style-wide\"\/>\n\n\n\n<div style=\"height:20px\" aria-hidden=\"true\" class=\"wp-block-spacer\"><\/div>\n\n\n<p><strong><span style=\"color: #4b86c7;\">&nbsp;<\/span><\/strong><\/p>\n\n\n<div style=\"height:60px\" aria-hidden=\"true\" class=\"wp-block-spacer\"><\/div>\n\n\n\n<p><\/p>\n","protected":false},"excerpt":{"rendered":"<p>La m\u00e9diation est au c\u0153ur du projet artistique et culturel de la Biennale, afin de permettre \u00e0 tous les publics d\u2019aborder simplement les \u0153uvres des artistes contemporains. En partenariat avec les associations du territoire, des actions \u00e9ducatives sp\u00e9cifiques de sensibilisation et d\u2019accompagnement sont organis\u00e9es pour les publics scolaires et relevant du champ social autour de &hellip;<\/p>\n<p class=\"read-more\"> <a class=\"\" href=\"https:\/\/bis-art.com\/index.php\/mediation\/\"> <span class=\"screen-reader-text\">M\u00e9diation<\/span> Lire la suite \u00bb<\/a><\/p>\n","protected":false},"author":1,"featured_media":0,"parent":0,"menu_order":0,"comment_status":"closed","ping_status":"closed","template":"","meta":{"site-sidebar-layout":"default","site-content-layout":"default","ast-global-header-display":"","ast-main-header-display":"","ast-hfb-above-header-display":"","ast-hfb-below-header-display":"","ast-hfb-mobile-header-display":"","site-post-title":"disabled","ast-breadcrumbs-content":"","ast-featured-img":"","footer-sml-layout":"","theme-transparent-header-meta":"","adv-header-id-meta":"","stick-header-meta":"","header-above-stick-meta":"","header-main-stick-meta":"","header-below-stick-meta":""},"_links":{"self":[{"href":"https:\/\/bis-art.com\/index.php\/wp-json\/wp\/v2\/pages\/3314"}],"collection":[{"href":"https:\/\/bis-art.com\/index.php\/wp-json\/wp\/v2\/pages"}],"about":[{"href":"https:\/\/bis-art.com\/index.php\/wp-json\/wp\/v2\/types\/page"}],"author":[{"embeddable":true,"href":"https:\/\/bis-art.com\/index.php\/wp-json\/wp\/v2\/users\/1"}],"replies":[{"embeddable":true,"href":"https:\/\/bis-art.com\/index.php\/wp-json\/wp\/v2\/comments?post=3314"}],"version-history":[{"count":14,"href":"https:\/\/bis-art.com\/index.php\/wp-json\/wp\/v2\/pages\/3314\/revisions"}],"predecessor-version":[{"id":3603,"href":"https:\/\/bis-art.com\/index.php\/wp-json\/wp\/v2\/pages\/3314\/revisions\/3603"}],"wp:attachment":[{"href":"https:\/\/bis-art.com\/index.php\/wp-json\/wp\/v2\/media?parent=3314"}],"curies":[{"name":"wp","href":"https:\/\/api.w.org\/{rel}","templated":true}]}}