{"id":3378,"date":"2023-07-10T12:38:42","date_gmt":"2023-07-10T10:38:42","guid":{"rendered":"https:\/\/bis-art.com\/?page_id=3378"},"modified":"2024-08-03T09:47:11","modified_gmt":"2024-08-03T07:47:11","slug":"caroline-mesquita-oiseaux-aigrette-heron-grive-pingouin-2023","status":"publish","type":"page","link":"https:\/\/bis-art.com\/index.php\/caroline-mesquita-oiseaux-aigrette-heron-grive-pingouin-2023\/","title":{"rendered":"Caroline Mesquita &#8211; Oiseaux (Aigrette H\u00e9ron Grive Pingouin), 2023"},"content":{"rendered":"\n<div style=\"height:60px\" aria-hidden=\"true\" class=\"wp-block-spacer\"><\/div>\n\n\n\n<div class=\"wp-block-columns\">\n<div class=\"wp-block-column\">\n<h2><span style=\"color: #333333;\">Caroline Mesquita<br><span style=\"color: #4b86c7;\">Oiseaux <\/span><\/span>(Aigrette H\u00e9ron Grive Pingouin), 2023<span class=\"Apple-converted-space\">&nbsp;<\/span><\/h2>\n<p><\/p>\n<p>\u00ab Quatre oiseaux surdimensionn\u00e9s, construits \u00e0 partir de feuilles de laiton, sont assis et se tiennent debout dans le th\u00e9\u00e2tre. Ils constituent un groupe color\u00e9 d\u2019animaux qui se rassemblent, faisant une pause sur leurs routes migratoires respectives. Leur mat\u00e9riau et leurs couleurs nous rappellent vaguement des objets v\u00e9n\u00e9r\u00e9s dans les civilisations pass\u00e9es ou des figures mythologiques. Dans son dysfonctionnement, les wetogether apprennent \u00e0 naviguer dans les ruines de ce vieux monde. La raison de leur pr\u00e9sence \u00e0 Saint-Paul-de-Vence semble peu claire. En habitant l\u2019espace avec nous, et du fait de leur statut ambigu, les oiseaux nous interrogent sur notre propre position et notre relation \u00e0 cet environnement. [\u2026] \u00bb<span class=\"Apple-converted-space\">&nbsp;<br><\/span>Pieternel Vermoortel<span class=\"Apple-converted-space\">&nbsp;<\/span><\/p>\n<p>Caroline Mesquita est repr\u00e9sent\u00e9e par <a href=\"https:\/\/bis-art.com\/index.php\/carlier-gebauer\/\">Carlier Gebauer<\/a><\/p>\n<p><\/p>\n\n\n\n<hr class=\"wp-block-separator has-text-color has-background has-ast-global-color-0-background-color has-ast-global-color-0-color is-style-wide\"\/>\n\n\n\n<div class=\"page\" title=\"Page 22\">\n<div class=\"section\">\n<div class=\"layoutArea\">\n<div class=\"column\">\n<p><em>\u201cFour oversized bird figures, constructed out of brass sheets, sit and stand spread across the theater. They constitute a colorful group of animals coming together, taking a rest from their respective migratory routes. Their material and colors remind us vaguely of items worshiped in past civilizations or of mythological figures. In its dysfunctionality, the \u201cwetogether\u201d learn to navigate the ruins of this old world. Their motivation for being in Saint-Paul-deVence seems rather unclear. As they inhabit the space with us, and due to their ambiguous status, the birds inquire about our own position and relationship to this environment. [\u2026]\u201d<span class=\"Apple-converted-space\">&nbsp;<br><\/span>Pieternel Vermoortel<span class=\"Apple-converted-space\">&nbsp;<\/span><\/em><\/p>\n<p><em>Caroline Mesquita is represented by <a href=\"https:\/\/bis-art.com\/index.php\/carlier-gebauer\/\">Carlier Gebauer<\/a><\/em><\/p>\n<p><\/p>\n<\/div>\n<\/div>\n<\/div>\n<\/div>\n\n\n\n<hr class=\"wp-block-separator has-text-color has-background has-ast-global-color-0-background-color has-ast-global-color-0-color is-style-wide\"\/>\n\n\n\n<p><span style=\"color: #4b86c7;\"><strong><a href=\"https:\/\/bis-art.com\/index.php\/caroline-mesquita\/\"><span style=\"color: #4b86c7;\">&gt; Caroline Mesquita<\/span><\/a><br><\/strong><\/span><strong><a href=\"https:\/\/bis-art.com\/index.php\/edition-2023-les-oeuvres\/\">&gt; Retour Liste des \u0153uvres<\/a><\/strong><\/p>\n\n\n\n<p><\/p>\n<\/div>\n\n\n\n<div class=\"wp-block-column\">\n<div class=\"page\" title=\"Page 21\">\n<div class=\"section\">\n<div class=\"layoutArea\">\n<div class=\"column\">\n<div class=\"page\" title=\"Page 13\">\n<div class=\"section\">\n<div class=\"layoutArea\">\n<div class=\"column\">\n<p style=\"text-align: right;\"><span style=\"color: #4b86c7;\"><strong>Oiseaux (Aigrette H\u00e9ron Grive Pingouin), 2023 (d\u00e9tail)<\/strong><\/span><span class=\"Apple-converted-space\"><span style=\"color: #4b86c7;\"><strong>\u00a0<\/strong><\/span><br \/><\/span>Laiton et cuivre patin\u00e9s<span class=\"Apple-converted-space\">\u00a0<br \/><\/span><em>Patinated brass and copper<\/em><span class=\"Apple-converted-space\"><em>\u00a0<\/em><br \/><\/span>Dimensions variables \/ <em>Variable dimensions<\/em><span class=\"Apple-converted-space\"><em>\u00a0<\/em><br \/><\/span>Courtesy Caroline Mesquita et carlier | gebauer, Berlin\/Madrid<span class=\"Apple-converted-space\">\u00a0<br \/><\/span>ADAGP, Paris, 2023<\/p>\n<\/div>\n<\/div>\n<\/div>\n<\/div>\n<\/div>\n<\/div>\n<\/div>\n<\/div>\n<\/div>\n<\/div>\n\n\n\n<div style=\"height:60px\" aria-hidden=\"true\" class=\"wp-block-spacer\"><\/div>\n","protected":false},"excerpt":{"rendered":"<p>Caroline MesquitaOiseaux (Aigrette H\u00e9ron Grive Pingouin), 2023&nbsp; \u00ab Quatre oiseaux surdimensionn\u00e9s, construits \u00e0 partir de feuilles de laiton, sont assis et se tiennent debout dans le th\u00e9\u00e2tre. Ils constituent un groupe color\u00e9 d\u2019animaux qui se rassemblent, faisant une pause sur leurs routes migratoires respectives. Leur mat\u00e9riau et leurs couleurs nous rappellent vaguement des objets v\u00e9n\u00e9r\u00e9s &hellip;<\/p>\n<p class=\"read-more\"> <a class=\"\" href=\"https:\/\/bis-art.com\/index.php\/caroline-mesquita-oiseaux-aigrette-heron-grive-pingouin-2023\/\"> <span class=\"screen-reader-text\">Caroline Mesquita &#8211; Oiseaux (Aigrette H\u00e9ron Grive Pingouin), 2023<\/span> Lire la suite \u00bb<\/a><\/p>\n","protected":false},"author":1,"featured_media":0,"parent":0,"menu_order":0,"comment_status":"closed","ping_status":"closed","template":"","meta":{"site-sidebar-layout":"default","site-content-layout":"default","ast-global-header-display":"","ast-main-header-display":"","ast-hfb-above-header-display":"","ast-hfb-below-header-display":"","ast-hfb-mobile-header-display":"","site-post-title":"disabled","ast-breadcrumbs-content":"","ast-featured-img":"","footer-sml-layout":"","theme-transparent-header-meta":"","adv-header-id-meta":"","stick-header-meta":"","header-above-stick-meta":"","header-main-stick-meta":"","header-below-stick-meta":""},"_links":{"self":[{"href":"https:\/\/bis-art.com\/index.php\/wp-json\/wp\/v2\/pages\/3378"}],"collection":[{"href":"https:\/\/bis-art.com\/index.php\/wp-json\/wp\/v2\/pages"}],"about":[{"href":"https:\/\/bis-art.com\/index.php\/wp-json\/wp\/v2\/types\/page"}],"author":[{"embeddable":true,"href":"https:\/\/bis-art.com\/index.php\/wp-json\/wp\/v2\/users\/1"}],"replies":[{"embeddable":true,"href":"https:\/\/bis-art.com\/index.php\/wp-json\/wp\/v2\/comments?post=3378"}],"version-history":[{"count":4,"href":"https:\/\/bis-art.com\/index.php\/wp-json\/wp\/v2\/pages\/3378\/revisions"}],"predecessor-version":[{"id":3590,"href":"https:\/\/bis-art.com\/index.php\/wp-json\/wp\/v2\/pages\/3378\/revisions\/3590"}],"wp:attachment":[{"href":"https:\/\/bis-art.com\/index.php\/wp-json\/wp\/v2\/media?parent=3378"}],"curies":[{"name":"wp","href":"https:\/\/api.w.org\/{rel}","templated":true}]}}