{"id":3520,"date":"2024-08-02T17:43:19","date_gmt":"2024-08-02T15:43:19","guid":{"rendered":"https:\/\/bis-art.com\/?page_id=3520"},"modified":"2024-08-02T17:43:20","modified_gmt":"2024-08-02T15:43:20","slug":"edition2023","status":"publish","type":"page","link":"https:\/\/bis-art.com\/index.php\/edition2023\/","title":{"rendered":"Edition2023"},"content":{"rendered":"\n<div style=\"height:60px\" aria-hidden=\"true\" class=\"wp-block-spacer\"><\/div>\n\n\n<h2><span style=\"color: #4b86c7;\">Retour sur l&#8217;\u00c9dition 2023<\/span><\/h2>\n<p>\u00a0<\/p>\n\n\n<div class=\"wp-block-columns\">\n<div class=\"wp-block-column is-vertically-aligned-top\" style=\"flex-basis:25%\">\n<figure class=\"wp-block-image size-large\"><img loading=\"lazy\" width=\"254\" height=\"800\" src=\"https:\/\/bis-art.com\/wp-content\/uploads\/2024\/08\/8_6_2_Tadashi_KAWAMATA_Nests_in_Saint-Paul-de-Vence_2023_Courtesy_of_the_artist_and_Mennour_Paris_Photo_Frederic_PASQUINI-e1722609937748.jpg\" alt=\"\" class=\"wp-image-3522\" srcset=\"https:\/\/bis-art.com\/wp-content\/uploads\/2024\/08\/8_6_2_Tadashi_KAWAMATA_Nests_in_Saint-Paul-de-Vence_2023_Courtesy_of_the_artist_and_Mennour_Paris_Photo_Frederic_PASQUINI-e1722609937748.jpg 254w, https:\/\/bis-art.com\/wp-content\/uploads\/2024\/08\/8_6_2_Tadashi_KAWAMATA_Nests_in_Saint-Paul-de-Vence_2023_Courtesy_of_the_artist_and_Mennour_Paris_Photo_Frederic_PASQUINI-e1722609937748-95x300.jpg 95w\" sizes=\"(max-width: 254px) 100vw, 254px\" \/><\/figure>\n<\/div>\n\n\n\n<div class=\"wp-block-column is-vertically-aligned-top\" style=\"flex-basis:50%\">\n<div class=\"page\" title=\"Page 3\">\n<div class=\"layoutArea\">\n<div class=\"column\">\n<p>La troisi\u00e8me Biennale Internationale de Saint-Paul-de-Vence a choisi<br \/>de s\u2019inspirer de l\u2019univers et de la symbolique des oiseaux. Choix fait par les deux <a href=\"https:\/\/bis-art.com\/index.php\/2023-commissaires-artistiques\/\">commissaires<\/a> de cette exposition \u00e0 ciel ouvert : <a href=\"https:\/\/bis-art.com\/index.php\/2023-commissaires-artistiques\/\">Ludovic Delalande et Claire Staebler<\/a>. Son titre n\u2019oublie pas que le po\u00e8te <a href=\"https:\/\/bis-art.com\/index.php\/jacques-prevert\/\">Jacques Pr\u00e9vert<\/a> fut un habitant et un passant \u00ab consid\u00e9rable \u00bb de ce village. Ce sont ses mots \u00ab <a href=\"https:\/\/bis-art.com\/index.php\/2023-edito-commissariat-artistique\/\">Au hasard des oiseaux<\/a> \u00bb qui nous invitent \u00e0 la d\u00e9couverte, \u00e0 l\u2019\u00e9motion et \u00e0 la rencontre avec vingt \u0153uvres de <a href=\"https:\/\/bis-art.com\/index.php\/edition-2023-les-artistes\/\">douze artistes<\/a> qui sont autant de messagers nous rappelant qu\u2019il est profitable pour l\u2019homme de vivre avec la lumi\u00e8re et la beaut\u00e9 du vol des oiseaux.<\/p>\n<div class=\"page\" title=\"Page 24\">\n<div class=\"layoutArea\">\n<div class=\"column\">\n<div class=\"page\" title=\"Page 1\">\n<div class=\"section\">\n<div class=\"layoutArea\">\n<div class=\"column\">\n<p>Giulia Andreani<br \/>Jean-Marie Appriou<br \/>Alex Ayed<br \/>John Cornu<br \/>Petrit Halilaj<br \/>Anna Hula\u010dov\u00e1<br \/>Katia Kameli<br \/>Tadashi Kawamata<br \/>Caroline Mesquita<br \/>Diana Thater<br \/>Xavier Veilhan<br \/>James Webb<\/p>\n<\/div>\n<\/div>\n<\/div>\n<\/div>\n<\/div>\n<\/div>\n<\/div>\n<\/div>\n<\/div>\n<\/div>\n<p>Con\u00e7u comme une opportunit\u00e9 d\u2019\u00e9changes et d\u2019\u00e9mulation artistique, le <a href=\"https:\/\/bis-art.com\/index.php\/2023-le-parcours-des-galeries\/\">Parcours des Galeries de Saint-Paul-de-Vence \u00ab Une galerie \u2013 Un artiste \u00bb,<\/a> permet \u00e0 chaque galerie saint-gauloise participante de pr\u00e9senter, dans son espace, un artiste visuel de son choix qu\u2019elle met en lumi\u00e8re tout le temps de la Biennale.<\/p>\n<div class=\"page\" title=\"Page 27\">\n<div class=\"layoutArea\">\n<div class=\"column\">\n<p>La <a href=\"https:\/\/bis-art.com\/index.php\/mediation\/\">m\u00e9diation<\/a> est au c\u0153ur du projet artistique et culturel de la Biennale, afin de permettre \u00e0 tous les publics d\u2019aborder simplement les \u0153uvres des artistes contemporains. En partenariat avec les associations du territoire, des actions \u00e9ducatives sp\u00e9cifiques de sensibilisation et d\u2019accompagnement ont \u00e9t\u00e9 organis\u00e9es pour les publics scolaires et relevant du champ social autour de visites guid\u00e9es, de temps d\u2019\u00e9changes et d\u2019ateliers de pratique artistique.<\/p>\n<\/div>\n<\/div>\n<\/div>\n<p><span style=\"color: #4b86c7;\">&#8220;Perch\u00e9, en hauteur, dot\u00e9 d&#8217;une vue imprenable sur l&#8217;arri\u00e8re-pays ni\u00e7ois, Saint-Paul-de-Vence est connu pour son charme pittoresque et sa lumi\u00e8re. La 3e \u00e9dition de sa Biennale, qui propose un parcours d&#8217;installations contemporaines en plein air, invite \u00e0 appr\u00e9hender le village \u00e0 travers le le vivant, et plus sp\u00e9cifiquement \u00e0 travers les habitants de son ciel, les oiseaux. Quelle plus belle id\u00e9e que de nous convier \u00e0 tendre le nez en l&#8217;air, comme l&#8217;avait fait Jacques Pr\u00e9vert en son temps, promeneur amoureux de ces vieilles pierres mordor\u00e9es ? &#8220;Au hasard des oiseaux&#8221; disait-il. \u00c9maill\u00e9e de plusieurs oeuvrez d&#8217;artistes reconnus, contrairement \u00e0 l&#8217;\u00e9dition pr\u00e9c\u00e9dente qui avait mis\u00e9 sur l&#8217;\u00e9mergence, la d\u00e9ambulation invite \u00e0 d\u00e9couvrir une tapisserie de Giulia Andreani, des sculptures de Jean-Marie Appriou, Caroline Mesquita ou Xavier Veilhan, un nid de Tadashi Kawamata sur le clocher et dans les arbres ou encore une installation immersive de Diana Thater \u00e0 l&#8217;Espace Verdet. R\u00eaverie, \u00e9merveillement, biodiversit\u00e9 et souci des esp\u00e8ces prot\u00e9g\u00e9es se m\u00ealent tout l&#8217;\u00e9t\u00e9 au r\u00e9cit des artistes dont les oeuvres tendent \u00e0 se fondre de plus en plus dans les probl\u00e9matiques attach\u00e9es \u00e0 la pr\u00e9servation de la nature.<br \/><\/span><span style=\"color: #4b86c7;\">Transfuge &#8211; Julie Chaizemartin &#8211; juin-juillet 2023&#8243;<\/span><\/p>\n<div class=\"page\" title=\"Page 27\">\n<div class=\"layoutArea\">\n<div class=\"column\">\u00a0<\/div>\n<\/div>\n<\/div>\n<p>\u00a0<\/p>\n\n\n\n<hr class=\"wp-block-separator has-text-color has-background has-ast-global-color-7-background-color has-ast-global-color-7-color is-style-wide\"\/>\n\n\n\n<p><em>The third International Biennial of Saint-Paul-de-Vence has chosen<\/em><br \/><em>to draw inspiration from the world and symbolism of birds. This choice was made by the two curators of this open-air exhibition: Ludovic Delalande and Claire Staebler. The title is a reminder that the poet Jacques Pr\u00e9vert was a resident of the village and a &#8220;considerable&#8221; passer-by. It is his words, &#8220;Au hasard des oiseaux&#8221;, that invite us to discover, to feel and to meet twenty works by twelve artists, all of whom are messengers reminding us that it is profitable for man to live with the light and beauty of the flight of birds.<\/em><\/p>\n<p style=\"font-weight: 400;\"><em>Conceived as an opportunity for artistic exchange and emulation, the Saint-Paul-de-Vence Gallery Trail &#8220;One Gallery &#8211; One Artist&#8221; enables each participating Saint-Paul-de-Vence gallery to present, in its own space, a visual artist of its choice, who will be highlighted throughout the Biennial.<\/em><\/p>\n<p><em>Mediation is at the heart of the Biennial&#8217;s artistic and cultural project, to enable all audiences to approach the works of contemporary artists in a straightforward manner. In partnership with local associations, specific educational initiatives to raise awareness and provide support have been organised for schools and social groups, with guided tours, discussion sessions and practical art workshops.<\/em><\/p>\n<p><span style=\"color: #4b86c7;\"><em>&#8220;Perched high up, with a breathtaking view over the hinterland of Nice, Saint-Paul-de-Vence is known for its picturesque charm and its light. The 3rd edition of its Biennial, featuring a series of contemporary outdoor installations, invites us to explore the village through the eyes of the living, and more specifically through the inhabitants of its skies, the birds. What better idea than to invite us to turn our noses up into the air, as Jacques Pr\u00e9vert did in his day, a stroller in love with these old golden stones? &#8220;Au hasard des oiseaux&#8221;, as he put it. In contrast to last year&#8217;s event, which focused on emerging artists, the stroll will feature several works by established artists, including a tapestry by Giulia Andreani, sculptures by Jean-Marie Appriou, Caroline Mesquita and Xavier Veilhan, a nest by Tadashi Kawamata on the bell tower and in the trees, and an immersive installation by Diana Thater in the Espace Verdet. All summer long, reverie, wonder, biodiversity and concern for protected species mingle with the narratives of artists whose works are becoming increasingly involved in the issues surrounding nature conservation.<\/em><\/span><br \/><span style=\"color: #4b86c7;\"><em>Transfuge &#8211; Julie Chaizemartin &#8211; June-July 2023&#8243; (in French)<\/em><\/span><\/p>\n<\/div>\n\n\n\n<div class=\"wp-block-column is-vertically-aligned-top\" style=\"flex-basis:25%\">\n<p style=\"text-align: right;\"><span style=\"color: #4b86c7;\"><strong>\u00c9dition 2023<\/strong><\/span><\/p>\n<p style=\"text-align: right;\"><span style=\"color: #4b86c7;\"><a style=\"color: #4b86c7;\" href=\"https:\/\/bis-art.com\/index.php\/2023-commissaires-artistiques\/\"><strong>Les commissaires artistiques &gt;<\/strong><\/a><\/span><br \/><span style=\"color: #b12763;\"><strong><a href=\"https:\/\/bis-art.com\/index.php\/2023-edito-commissariat-artistique\/\"><span style=\"color: #4b86c7;\">\u00c9dito commissariat artistique &gt;<\/span><\/a><br \/><span style=\"color: #4b86c7;\"><a style=\"color: #4b86c7;\" href=\"https:\/\/bis-art.com\/index.php\/edition-2023-les-artistes\/\">Les artistes et les oeuvres &gt;<\/a><\/span><\/strong><\/span><br \/><span style=\"color: #b12763;\"><strong><a style=\"color: #b12763;\" href=\"https:\/\/bis-art.com\/index.php\/2023-le-parcours-des-galeries\/\"><span style=\"color: #4b86c7;\">Le parcours &#8220;une galerie &#8211; un artiste&#8221; &gt;<\/span><\/a><br \/><a href=\"https:\/\/bis-art.com\/index.php\/edition-2023-remerciements\/\">Nos remerciements &gt;<\/a><\/strong><\/span><\/p>\n\n\n\n<p><\/p>\n<\/div>\n<\/div>\n\n\n\n<div style=\"height:25px\" aria-hidden=\"true\" class=\"wp-block-spacer\"><\/div>\n\n\n\n<div style=\"height:60px\" aria-hidden=\"true\" class=\"wp-block-spacer\"><\/div>\n","protected":false},"excerpt":{"rendered":"<p>Retour sur l&#8217;\u00c9dition 2023 \u00a0 La troisi\u00e8me Biennale Internationale de Saint-Paul-de-Vence a choiside s\u2019inspirer de l\u2019univers et de la symbolique des oiseaux. Choix fait par les deux commissaires de cette exposition \u00e0 ciel ouvert : Ludovic Delalande et Claire Staebler. Son titre n\u2019oublie pas que le po\u00e8te Jacques Pr\u00e9vert fut un habitant et un passant &hellip;<\/p>\n<p class=\"read-more\"> <a class=\"\" href=\"https:\/\/bis-art.com\/index.php\/edition2023\/\"> <span class=\"screen-reader-text\">Edition2023<\/span> Lire la suite \u00bb<\/a><\/p>\n","protected":false},"author":1,"featured_media":0,"parent":0,"menu_order":0,"comment_status":"closed","ping_status":"closed","template":"","meta":{"site-sidebar-layout":"default","site-content-layout":"default","ast-global-header-display":"","ast-main-header-display":"","ast-hfb-above-header-display":"","ast-hfb-below-header-display":"","ast-hfb-mobile-header-display":"","site-post-title":"disabled","ast-breadcrumbs-content":"","ast-featured-img":"","footer-sml-layout":"","theme-transparent-header-meta":"","adv-header-id-meta":"","stick-header-meta":"","header-above-stick-meta":"","header-main-stick-meta":"","header-below-stick-meta":""},"_links":{"self":[{"href":"https:\/\/bis-art.com\/index.php\/wp-json\/wp\/v2\/pages\/3520"}],"collection":[{"href":"https:\/\/bis-art.com\/index.php\/wp-json\/wp\/v2\/pages"}],"about":[{"href":"https:\/\/bis-art.com\/index.php\/wp-json\/wp\/v2\/types\/page"}],"author":[{"embeddable":true,"href":"https:\/\/bis-art.com\/index.php\/wp-json\/wp\/v2\/users\/1"}],"replies":[{"embeddable":true,"href":"https:\/\/bis-art.com\/index.php\/wp-json\/wp\/v2\/comments?post=3520"}],"version-history":[{"count":5,"href":"https:\/\/bis-art.com\/index.php\/wp-json\/wp\/v2\/pages\/3520\/revisions"}],"predecessor-version":[{"id":3536,"href":"https:\/\/bis-art.com\/index.php\/wp-json\/wp\/v2\/pages\/3520\/revisions\/3536"}],"wp:attachment":[{"href":"https:\/\/bis-art.com\/index.php\/wp-json\/wp\/v2\/media?parent=3520"}],"curies":[{"name":"wp","href":"https:\/\/api.w.org\/{rel}","templated":true}]}}