{"id":3524,"date":"2024-08-02T17:41:27","date_gmt":"2024-08-02T15:41:27","guid":{"rendered":"https:\/\/bis-art.com\/?page_id=3524"},"modified":"2024-08-02T17:52:13","modified_gmt":"2024-08-02T15:52:13","slug":"edition-2023-remerciements","status":"publish","type":"page","link":"https:\/\/bis-art.com\/index.php\/edition-2023-remerciements\/","title":{"rendered":"Edition 2023 Remerciements"},"content":{"rendered":"\n<div style=\"height:60px\" aria-hidden=\"true\" class=\"wp-block-spacer\"><\/div>\n\n\n<h2><span style=\"color: #4b86c7;\">\u00c9dition 2023 &#8211; Nos remerciements<\/span><\/h2>\n\n\n<div class=\"wp-block-columns\">\n<div class=\"wp-block-column\" style=\"flex-basis:66.66%\">\n<div class=\"column\">\n<p>Cette troisi\u00e8me \u00e9dition a \u00e9t\u00e9 r\u00e9alis\u00e9e avec le concours de<br \/><em>This second edition was produced with the support of<\/em><\/p>\n<p><span style=\"color: #b12763;\"><span style=\"color: #4b86c7;\">Pr\u00e9fecture des Alpes-Maritimes<a style=\"color: #4b86c7;\" href=\"https:\/\/www.maregionsud.fr\" target=\"_blank\" rel=\"noopener\"><br \/>R\u00e9gion Sud Provence-Alpes-C\u00f4te d\u2019Azur<\/a><\/span><\/span><br \/><span style=\"color: #4b86c7;\"><a style=\"color: #4b86c7;\" href=\"https:\/\/www.departement06.fr\/\" target=\"_blank\" rel=\"noopener\">D\u00e9partement des Alpes-Maritimes<\/a> <\/span><br \/><span style=\"color: #4b86c7;\"><a style=\"color: #4b86c7;\" href=\"https:\/\/saintpauldevence.org\" target=\"_blank\" rel=\"noopener\">Commune Saint-Paul de Vence<\/a><\/span><\/p>\n<p><span style=\"color: #4b86c7;\"><a style=\"color: #4b86c7;\" href=\"https:\/\/bis-art.com\/index.php\/galeries-lafayette\/\" target=\"_blank\" rel=\"noopener\">Groupe Galeries Lafayette<\/a><\/span><br \/><span style=\"color: #4b86c7;\"><a style=\"color: #4b86c7;\" href=\"https:\/\/bis-art.com\/index.php\/domaine-du-mas-de-pierre\/\" target=\"_blank\" rel=\"noopener\">Domaine du Mas de Pierre<\/a><\/span><br \/><span style=\"color: #4b86c7;\"><a style=\"color: #4b86c7;\" href=\"https:\/\/bis-art.com\/index.php\/appia-art-assurance\/\" target=\"_blank\" rel=\"noopener\">Appia Art &amp; Assurance<\/a><br \/><a style=\"color: #4b86c7;\" href=\"https:\/\/bis-art.com\/index.php\/credit-agricole-provence-cote-dazur\/\">Cr\u00e9dit Agricole Provence C\u00f4te D&#8217;Azur<\/a><br \/><\/span><a href=\"https:\/\/bis-art.com\/index.php\/la-vague-de-saint-paul\/\">La Vague de Saint-Paul<\/a><br \/><a href=\"https:\/\/bis-art.com\/index.php\/paprec\/\">Paprec<\/a><br \/><a href=\"https:\/\/bis-art.com\/index.php\/centre-tcheque-paris\/\">Centre Tch\u00e8que Paris<\/a><br \/><span style=\"color: #4b86c7;\"><a style=\"color: #4b86c7;\" href=\"https:\/\/bis-art.com\/index.php\/transports-longue\/\" target=\"_blank\" rel=\"noopener\">Transports Longue<\/a><\/span><\/p>\n<div class=\"page\" title=\"Page 1\">\n<div class=\"section\">\n<div class=\"layoutArea\">\n<div class=\"column\">\n<p><span style=\"color: #000000;\">\u00a0<br \/>LES PARTENAIRES<\/span><br \/><span style=\"color: #4b86c7;\"><a style=\"font-size: 1rem; color: #4b86c7;\" href=\"https:\/\/fondationcab.com\/fr\/fondation-cab-saint-paul-de-vence\" target=\"_blank\" rel=\"noopener\">Fondation CAB Saint-Paul-de-Vence<\/a><\/span><br \/><span style=\"font-size: 1rem; color: #4b86c7;\"><a style=\"font-size: 1rem; color: #4b86c7;\" href=\"http:\/\/www.la-colombe-dor.com\" target=\"_blank\" rel=\"noopener\">La Colombe d\u2019Or<\/a><br \/><a style=\"font-size: 1rem; color: #4b86c7;\" href=\"https:\/\/www.facebook.com\/crossoversummer\" target=\"_blank\" rel=\"noopener\">Crossover<\/a><br \/><a style=\"font-size: 1rem; color: #4b86c7;\" href=\"https:\/\/festivalsaintpauldevence.com\" target=\"_blank\" rel=\"noopener\">Festival de Musique de Saint-Paul de Vence<\/a><br \/><a style=\"font-size: 1rem; color: #4b86c7;\" href=\"https:\/\/www.saint-pauldevence.com\" target=\"_blank\" rel=\"noopener\">Office de tourisme de Saint-Paul de Vence<\/a><\/span><\/p>\n<p><span style=\"color: #4b86c7;\"><span style=\"color: #000000;\">\u00a0<br \/>ILS NOUS SOUTIENNENT<\/span><br \/><\/span>Nos remerciements les plus sinc\u00e8res pour les nombreux dons qui nous sont parvenus directement ou par la plateforme HelloAsso, et \u00e0 toutes celles et ceux qui s\u2019engagent et s\u2019impliquent \u00e0 nos c\u00f4t\u00e9s.<br \/><em>We would like to express our sincere thanks for the many donations we have received directly or via the HelloAsso platform, and to all those who are committed and involved alongside us.<\/em><\/p>\n<p>\u00a0\u00a0<\/p>\n<\/div>\n<\/div>\n<\/div>\n<\/div>\n<\/div>\n\n\n\n<hr class=\"wp-block-separator has-text-color has-background has-ast-global-color-0-background-color has-ast-global-color-0-color is-style-wide\"\/>\n\n\n\n<p>Que les artistes et galeries qui ont eu \u00e0 c\u0153ur de participer \u00e0 cette exposition par leurs g\u00e9n\u00e9reux pr\u00eats, trouvent ici l\u2019expression de notre profonde gratitude :<br data-rich-text-line-break=\"true\" \/><em>We would like to express our deepest gratitude to the artists, galleries and institutions that have generously lent to this exhibition :<\/em><\/p>\n<p>Giulia Andreani<br \/>Jean-Marie Appriou<br \/>Alex Ayed<br \/>John Cornu<br \/>Petrit Halilaj<br \/>Anna Hula\u010dov\u00e1<br \/>Katia Kameli<br \/>Tadashi Kawamata<br \/>Caroline Mesquita<br \/>Diana Thater<br \/>Xavier Veilhan<br \/>James Webb<\/p>\n<p>\u00a0<\/p>\n<p><span style=\"color: #4b86c7;\"><strong><a href=\"https:\/\/bis-art.com\/index.php\/2023-galeries-partenaires\/\">\u00c9dition 2023 : Les galeries partenaires\u00a0<\/a><\/strong><\/span><\/p>\n<p>Galerie Balice Hertling \u2013 Alex Ayed<br \/>Galerie Carlier Gebauer \u2013 Caroline Mesquita<br \/>Galerie Imane Far\u00e8s \u2013 James Webb<br \/>Galerie Max Hetzler \u2013 Giulia Andreani<br \/>Galerie Hussenot \u2013 Diana Thater<br \/>Hunt Kastner \u2013 Anna Hula\u010dov\u00e1<br \/>Galerie Gilla L\u00f6rcher \u2013 John Cornu<br \/>Mennour \u2013 Petrit Halilaj &amp; Tadashi Kawamata<br \/>Perrotin \u2013 Jean-Marie Appriou &amp; Xavier VeilhanFrance<\/p>\n<p>\u00a0<\/p>\n\n\n\n<hr class=\"wp-block-separator has-text-color has-background has-ast-global-color-0-background-color has-ast-global-color-0-color is-style-wide\"\/>\n\n\n\n<p><a href=\"https:\/\/bis-art.com\/index.php\/2023-le-parcours-des-galeries\/\"><span style=\"color: #4b86c7;\">PARCOURS DES GALERIES DE SAINT-PAUL DE VENCE UNE GALERIE &#8211; UN ARTISTE<\/span><\/a><br \/>Fondation CAB &#8211; Richard Long<br \/>Galeries Le Capricorne &#8211; Jean-Pierre Millas<br \/>Casa d\u2019Amor Design &#8211; Virginie Delmas<br \/>Le Cercle des Artistes de Saint-Paul &#8211; Aur\u00e9lia Zuliani<br \/>Dan &amp; Donuts Gallery &#8211; Peppone<br \/>Galerie Gantois &#8211; Nicolas Lavarenne<br \/>Galerie Fr\u00e9d\u00e9ric Gollong &#8211; Alexis Gorodine<br \/>Galerie Catherine Issert &#8211; Martin Belou<br \/>Galerie Lefakis &#8211; Costas Varotsos <br \/>MFF Galerie &#8211; Alfonso Fortuna<br \/>Mirena Art Galerie &#8211; Aleksandar Zafirovski<br \/>Galerie Ot\u00e9ro &#8211; Claudie Poinsart<br \/>La Petite Galerie &#8211; David Ferreira<br \/>Galerie Podgorny Robinson &#8211; Arik Levy<br \/>Saint-Paul Galerie &#8211; Christian Barbier<\/p>\n<p>\u00a0<\/p>\n\n\n\n<hr class=\"wp-block-separator has-text-color has-background has-ast-global-color-0-background-color has-ast-global-color-0-color is-style-wide\"\/>\n\n\n\n<div class=\"page\" title=\"Page 1\">\n<div class=\"section\">\n<div class=\"layoutArea\">\n<div class=\"column\">\n<p>Nos remerciements s\u2019adressent \u00e9galement \u00e0 toutes les personnes qui ont particip\u00e9 \u00e0 la r\u00e9alisation de cette exposition par leur soutien, par leur contribution, ou par leur aide attentive.<br data-rich-text-line-break=\"true\" \/><em>We would also like to thank all those who have contributed to the realisation of this exhibition through their support, their contribution, or their attentive help.<\/em><\/p>\n<p>\u00a0<\/p>\n<p>COMMISSAIRES INVIT\u00c9S<\/p>\n<p>Ludovic Delalande et Claire Staebler<\/p>\n<p>\u00a0<\/p>\n<p>ASSOCIATION BIS<\/p>\n<p>Pr\u00e9sident : Olivier Kaeppelin<br \/>Vice-pr\u00e9sidents : Catherine Houz\u00e9, Pierre-Guy Morani Tr\u00e9sorier : Jean-Marie Audoli<br \/>Secr\u00e9taire : Christiane Bondoux<br \/>Administratrice : Catherine Issert<\/p>\n<p>\u00a0<\/p>\n<p>ORGANISATION<\/p>\n<p>Commissaire g\u00e9n\u00e9rale : Mathilde Dalmas<br \/>Directeur technique : Julien Gradelet<br \/>M\u00e9diation : Christine Parasote \u2013 Pourpre<\/p>\n<p>\u00a0<\/p>\n<p>EXPOSITION<\/p>\n<p>Application visite : Juliette Franc et Claire Palu\u00e9 \u2013 Yunow<br \/>Assurance : Edouard Bernard et Hadrien Brissaud \u2013 Appia Art &amp; Assurances<br \/>Conservation et restauration : Marion M\u00e9nardy et Florence Feuardent &#8211; La R\u00e9serve<br \/>Diffusion et communication : Sophie Millet-Daur\u00e9 et \u00c9lodie Bassini \u2013<br \/>Office de Tourisme de Saint-Paul de Vence<br \/>Fourniture bois neufs et recycl\u00e9s : Scierie Coulomb, Isabelle Bernini &#8211; Paprec<br \/>H\u00e9bergements : Hubert Bonnet et Annabelle Audren \u2013 Fondation CAB, Fran\u00e7ois Roux &#8211;<br \/>La Colombe d\u2019Or, Guillaume Puig et St\u00e9phanie Prin \u2013 La Vague de Saint-Paul<br \/>Imprimeries : Arnaud Rasquin \u2013 Cr\u00e9amania, Loris Giovinazzo \u2013 Imprimerie Joubert,<br \/>Christelle Pallardy \u2013 Perfectmix, Sylvain Trulli \u2013 Imprimerie Trulli<br \/>Infographie et visuels : Hans Reniers \u2013 La Manufacture<br \/>Installations sonores : Pierre Fillon<br \/>Photographe : Fr\u00e9d\u00e9ric Pasquini<br \/>Presse et communication : Noalig Tanguy et Elo\u00efse Merle \u2013 Agence Dezarts<br \/>R\u00e9gisseur : Cyril de Meester<br \/>Restauration et catering : le Fromager de Saint-Paul, le Lys d\u2019Or, La Petite \u00c9picerie<br \/>Signal\u00e9tique : Olivier Reyboz &#8211; Stamp Publicit\u00e9<br \/>Soutien informatique : Alexandre Pia<br \/>Soutien m\u00e9diation : Marie-France Dalmas, Audrey Delorme et Laurence Exertier &#8211; Association ArtefAct Soutien r\u00e9gie : Jos\u00e9 Garelli \u2013 Groupe Garelli<br \/>M\u00e9diation artistique : Elisabeth Verrat<br \/>Stagiaires m\u00e9diation : \u00c9meline Gilg, Marie Perreau, Aur\u00e9lie Ribo<br \/>Stagiaires r\u00e9gie : Oc\u00e9ane Robert, Canelle Boillot, Xuchen Zhao<br \/>Transports et stockage : S\u00e9bastien Longu\u00e9 \u2013 Transports Longu\u00e9<br \/>Vernissage : Famille Gino Damiani &#8211; Domaine La Sauvar\u00e8de, Fredrick Widenfels \u2013 Restaurant le Tilleul<\/p>\n<p>\u00a0<\/p>\n<p>MAIRIE DE SAINT-PAUL-DE-VENCE<\/p>\n<p>Jean-Pierre Camilla, Maire de Saint-Paul-de-Vence<br \/>Laurence Hartmann, 1\u00e8re adjointe, d\u00e9l\u00e9gu\u00e9e \u00e0 la Culture, et l\u2019ensemble du Conseil Municipal <br \/>Lydie Bray, directrice g\u00e9n\u00e9rale des services<br \/>Virginie Salvo, responsable du service culture, \u00e9v\u00e8nementiel et patrimoine<br \/>Venere Renard, responsable communication<br \/>Guy Rossi, directeur des services techniques<br \/>Olivier Cavelli, chef de la police municipale<br \/>Mathis Ghalmi, coordinateur du service environnement<\/p>\n<p>\u00a0\u00a0<\/p>\n<\/div>\n<\/div>\n<\/div>\n<\/div>\n\n\n\n<hr class=\"wp-block-separator has-text-color has-background has-ast-global-color-0-background-color has-ast-global-color-0-color is-style-wide\"\/>\n\n\n\n<p><\/p>\n<\/div>\n\n\n\n<div class=\"wp-block-column\" style=\"flex-basis:33.33%\">\n<h4 style=\"text-align: right;\"><span style=\"color: #b12763;\"><strong><a style=\"color: #b12763;\" href=\"https:\/\/bis-art.com\/index.php\/edition2021\/\"><span style=\"color: #4b86c7;\">\u00c9dition 2023 &gt;<\/span><\/a><\/strong><\/span><\/h4>\n<h4 style=\"text-align: right;\"><span style=\"color: #b12763;\"><strong><a style=\"color: #b12763;\" href=\"https:\/\/bis-art.com\/index.php\/edition2021-commissariat-artistique\/\"><span style=\"color: #4b86c7;\"><a style=\"color: #4b86c7;\" href=\"https:\/\/bis-art.com\/index.php\/2023-commissaires-artistiques\/\">Les commissaires artistiques &gt;<\/a><\/span><br \/><\/a><a href=\"https:\/\/bis-art.com\/index.php\/2023-edito-commissariat-artistique\/\"><span style=\"color: #4b86c7;\">\u00c9dito commissariat artistique &gt;<\/span><\/a><a style=\"color: #b12763;\" href=\"https:\/\/bis-art.com\/index.php\/edition2021-commissariat-artistique\/\"><br \/><span style=\"color: #4b86c7;\"><a style=\"color: #4b86c7;\" href=\"https:\/\/bis-art.com\/index.php\/edition-2023-les-artistes\/\">Les artistes et les oeuvres &gt;<\/a><\/span><br \/><\/a><a style=\"color: #b12763;\" href=\"https:\/\/bis-art.com\/index.php\/2023-le-parcours-des-galeries\/\"><span style=\"color: #4b86c7;\">Le parcours &#8220;une galerie &#8211; un artiste&#8221; &gt;<\/span><\/a><\/strong><\/span><\/h4>\n\n\n\n<p><\/p>\n<\/div>\n<\/div>\n\n\n\n<div style=\"height:25px\" aria-hidden=\"true\" class=\"wp-block-spacer\"><\/div>\n\n\n\n<div style=\"height:60px\" aria-hidden=\"true\" class=\"wp-block-spacer\"><\/div>\n","protected":false},"excerpt":{"rendered":"<p>\u00c9dition 2023 &#8211; Nos remerciements Cette troisi\u00e8me \u00e9dition a \u00e9t\u00e9 r\u00e9alis\u00e9e avec le concours deThis second edition was produced with the support of Pr\u00e9fecture des Alpes-MaritimesR\u00e9gion Sud Provence-Alpes-C\u00f4te d\u2019AzurD\u00e9partement des Alpes-Maritimes Commune Saint-Paul de Vence Groupe Galeries LafayetteDomaine du Mas de PierreAppia Art &amp; AssuranceCr\u00e9dit Agricole Provence C\u00f4te D&#8217;AzurLa Vague de Saint-PaulPaprecCentre Tch\u00e8que ParisTransports Longue &hellip;<\/p>\n<p class=\"read-more\"> <a class=\"\" href=\"https:\/\/bis-art.com\/index.php\/edition-2023-remerciements\/\"> <span class=\"screen-reader-text\">Edition 2023 Remerciements<\/span> Lire la suite \u00bb<\/a><\/p>\n","protected":false},"author":1,"featured_media":0,"parent":0,"menu_order":0,"comment_status":"closed","ping_status":"closed","template":"","meta":{"site-sidebar-layout":"default","site-content-layout":"default","ast-global-header-display":"","ast-main-header-display":"","ast-hfb-above-header-display":"","ast-hfb-below-header-display":"","ast-hfb-mobile-header-display":"","site-post-title":"","ast-breadcrumbs-content":"","ast-featured-img":"","footer-sml-layout":"","theme-transparent-header-meta":"","adv-header-id-meta":"","stick-header-meta":"","header-above-stick-meta":"","header-main-stick-meta":"","header-below-stick-meta":""},"_links":{"self":[{"href":"https:\/\/bis-art.com\/index.php\/wp-json\/wp\/v2\/pages\/3524"}],"collection":[{"href":"https:\/\/bis-art.com\/index.php\/wp-json\/wp\/v2\/pages"}],"about":[{"href":"https:\/\/bis-art.com\/index.php\/wp-json\/wp\/v2\/types\/page"}],"author":[{"embeddable":true,"href":"https:\/\/bis-art.com\/index.php\/wp-json\/wp\/v2\/users\/1"}],"replies":[{"embeddable":true,"href":"https:\/\/bis-art.com\/index.php\/wp-json\/wp\/v2\/comments?post=3524"}],"version-history":[{"count":6,"href":"https:\/\/bis-art.com\/index.php\/wp-json\/wp\/v2\/pages\/3524\/revisions"}],"predecessor-version":[{"id":3531,"href":"https:\/\/bis-art.com\/index.php\/wp-json\/wp\/v2\/pages\/3524\/revisions\/3531"}],"wp:attachment":[{"href":"https:\/\/bis-art.com\/index.php\/wp-json\/wp\/v2\/media?parent=3524"}],"curies":[{"name":"wp","href":"https:\/\/api.w.org\/{rel}","templated":true}]}}