{"id":645,"date":"2021-01-08T21:24:55","date_gmt":"2021-01-08T20:24:55","guid":{"rendered":"http:\/\/bis-art.com\/?page_id=645"},"modified":"2024-08-03T10:00:49","modified_gmt":"2024-08-03T08:00:49","slug":"home","status":"publish","type":"page","link":"https:\/\/bis-art.com\/","title":{"rendered":"Home"},"content":{"rendered":"\n<div class=\"wp-block-cover aligncenter has-background-dim-10 has-background-dim\" style=\"background-image:url(https:\/\/bis-art.com\/wp-content\/uploads\/2023\/06\/Tadashi_KAWAMATA_Nests_in_Saint-Paul-de-Vence_2023_Courtesy_of_the_artist_and_Mennour_Paris_Photo_Frederic_PASQUINI.jpg);min-height:325px;background-position:52% 50%\"><div class=\"wp-block-cover__inner-container\">\n<p class=\"has-text-align-center has-large-font-size\"><\/p>\n\n\n\n<p><\/p>\n<\/div><\/div>\n\n\n\n<div style=\"height:50px\" aria-hidden=\"true\" class=\"wp-block-spacer\"><\/div>\n\n\n<div>\n<p>Depuis 2018, la Biennale Internationale de Saint-Paul de Vence a pour but de soutenir et promouvoir l\u2019art et les artistes, tout en faisant dialoguer le patrimoine mat\u00e9riel et immat\u00e9riel du village avec la cr\u00e9ation contemporaine.<\/p>\n<\/div>\n<div>\n<p>Apr\u00e8s la premi\u00e8re Biennale en 2018, construite autour de sculptures mises en sc\u00e8ne pour \u00ab\u2009habiter\u2009\u00bb et faire vivre le territoire de Saint-Paul-de-Vence, la deuxi\u00e8me en 2021, consacr\u00e9e aux regards d\u2019une jeune g\u00e9n\u00e9ration de cr\u00e9ateurs sur le village, la troisi\u00e8me Biennale Internationale de Saint-Paul-de-Vence en 2023 a choisi de s\u2019inspirer de l\u2019univers et de la symbolique des oiseaux.<\/p>\n<\/div>\n<div>\n<p>Exposition \u00e0 ciel ouvert, la Biennale accueille les \u0153uvres d\u2019artistes confirm\u00e9s comme ceux de la sc\u00e8ne \u00e9mergente, investit l\u2019espace public et propose m\u00e9diations et visites comment\u00e9es en libre acc\u00e8s.<\/p>\n<\/div>\n\n\n<div style=\"height:30px\" aria-hidden=\"true\" class=\"wp-block-spacer\"><\/div>\n\n\n\n<hr class=\"wp-block-separator has-text-color has-background is-style-wide\" style=\"background-color:#4b86c7;color:#4b86c7\"\/>\n\n\n<p><em>Since 2018, the aim of the Biennale Internationale de Saint-Paul de Vence has been to support and promote art and artists, while bringing together the village&#8217;s tangible and intangible heritage with contemporary creation.<\/em><\/p>\n<p><em>Following on from the first Biennial in 2018, which was built around sculptures staged to &#8220;inhabit&#8221; and bring to life the Saint-Paul-de-Vence area, and the second in 2021, devoted to the views of a young generation of artists on the village, the third International Biennial of Saint-Paul-de-Vence in 2023 has chosen to draw its inspiration from the universe and symbolism of birds.<\/em><\/p>\n<p><em>An open-air exhibition, the Biennial welcomes works by established artists as well as those from the emerging scene, taking over the public space and offering free access to mediation and guided tours.<\/em><\/p>\n<p>\u00a0<\/p>\n\n\n<div style=\"height:30px\" aria-hidden=\"true\" class=\"wp-block-spacer\"><\/div>\n\n\n\n<hr class=\"wp-block-separator has-text-color has-background has-ast-global-color-0-background-color has-ast-global-color-0-color is-style-wide\"\/>\n\n\n\n<div style=\"height:20px\" aria-hidden=\"true\" class=\"wp-block-spacer\"><\/div>\n\n\n<h3 style=\"text-align: center;\"><span style=\"color: #4b86c7;\"><a style=\"color: #4b86c7;\" href=\"https:\/\/bis-art.com\/index.php\/edition2023\/\">\u00c9dition 2023<\/a><\/span> &#8211; <span style=\"color: #4b86c7;\"><a style=\"color: #4b86c7;\" href=\"https:\/\/bis-art.com\/index.php\/edition2021\/\">\u00c9dition 2021<\/a><\/span> &#8211; <span style=\"color: #4b86c7;\"><a style=\"color: #4b86c7;\" href=\"https:\/\/bis-art.com\/index.php\/edition2018\/\">\u00c9dition 2018<\/a><\/span><\/h3>\n\n\n<div style=\"height:20px\" aria-hidden=\"true\" class=\"wp-block-spacer\"><\/div>\n\n\n\n<hr class=\"wp-block-separator has-text-color has-background has-ast-global-color-0-background-color has-ast-global-color-0-color is-style-wide\"\/>\n\n\n\n<div style=\"height:20px\" aria-hidden=\"true\" class=\"wp-block-spacer\"><\/div>\n\n\n\n<div class=\"wp-block-columns\">\n<div class=\"wp-block-column\">\n<div class=\"wp-block-columns\">\n<div class=\"wp-block-column is-vertically-aligned-top\" style=\"flex-basis:33.33%\">\n<h3>Contactez-nous<br><em>Contact us<\/em><\/h3>\n<\/div>\n\n\n\n<div class=\"wp-block-column\" style=\"flex-basis:66.66%\">\n<p><strong>Association B.I.S<\/strong><br>5, rue des Doriers<br>06570 Saint-Paul de Vence<br><span style=\"color: #4b86c7;\"><a style=\"color: #4b86c7;\" href=\"mailto:bis@bis-art.com\">bis@bis-art.com<\/a><\/span><\/p>\n<\/div>\n<\/div>\n<\/div>\n\n\n\n<div class=\"wp-block-column\">\n<div class=\"wp-block-columns\">\n<div class=\"wp-block-column\">\n<h3>Suivez-nous \/<em> Follow us<\/em>&nbsp;<\/h3>\n<h3><span style=\"color: #b12763;\"><br><span style=\"color: #4b86c7;\"><a style=\"color: #4b86c7;\" href=\"https:\/\/bis-art.com\/index.php\/lettre-dinfo\/\">Recevez notre lettre d&#8217;info<\/a><br><a style=\"color: #4b86c7;\" href=\"https:\/\/bis-art.com\/index.php\/lettre-dinfo\/\"><em>Receive our newsletter<\/em><\/a><br><\/span><\/span><\/h3>\n<\/div>\n\n\n\n<div class=\"wp-block-column\">\n<h4><span style=\"color: #333333;\"><a style=\"color: #333333;\" href=\"https:\/\/www.facebook.com\/BIS.SaintPauldeVence\" target=\"_blank\" rel=\"noopener\">Facebook<\/a><\/span><br \/><span style=\"color: #b12763;\"><a style=\"color: #b12763;\" href=\"https:\/\/www.instagram.com\/bis.saintpauldevence\/\" target=\"_blank\" rel=\"noopener\"><span style=\"color: #2b2b2b;\">Instagram<\/span><\/a><\/span><br \/><span style=\"color: #2b2b2b;\"><a style=\"color: #2b2b2b;\" href=\"https:\/\/www.linkedin.com\/company\/biennale-internationale-saint-paul-de-vence-bis\" target=\"_blank\" rel=\"noopener\">Linkedin<\/a><br \/><\/span><span style=\"color: #333333;\"><a style=\"color: #333333;\" href=\"https:\/\/www.youtube.com\/channel\/UC6U3yesT6vuw2ynUR1N97pA\" target=\"_blank\" rel=\"noopener\">Youtube<\/a><\/span><\/h4>\n<\/div>\n<\/div>\n<\/div>\n<\/div>\n","protected":false},"excerpt":{"rendered":"<p>Depuis 2018, la Biennale Internationale de Saint-Paul de Vence a pour but de soutenir et promouvoir l\u2019art et les artistes, tout en faisant dialoguer le patrimoine mat\u00e9riel et immat\u00e9riel du village avec la cr\u00e9ation contemporaine. Apr\u00e8s la premi\u00e8re Biennale en 2018, construite autour de sculptures mises en sc\u00e8ne pour \u00ab\u2009habiter\u2009\u00bb et faire vivre le territoire &hellip;<\/p>\n<p class=\"read-more\"> <a class=\"\" href=\"https:\/\/bis-art.com\/\"> <span class=\"screen-reader-text\">Home<\/span> Lire la suite \u00bb<\/a><\/p>\n","protected":false},"author":1,"featured_media":0,"parent":0,"menu_order":0,"comment_status":"closed","ping_status":"closed","template":"","meta":{"site-sidebar-layout":"default","site-content-layout":"default","ast-global-header-display":"","ast-main-header-display":"","ast-hfb-above-header-display":"","ast-hfb-below-header-display":"","ast-hfb-mobile-header-display":"","site-post-title":"disabled","ast-breadcrumbs-content":"disabled","ast-featured-img":"disabled","footer-sml-layout":"","theme-transparent-header-meta":"default","adv-header-id-meta":"","stick-header-meta":"default","header-above-stick-meta":"","header-main-stick-meta":"","header-below-stick-meta":""},"_links":{"self":[{"href":"https:\/\/bis-art.com\/index.php\/wp-json\/wp\/v2\/pages\/645"}],"collection":[{"href":"https:\/\/bis-art.com\/index.php\/wp-json\/wp\/v2\/pages"}],"about":[{"href":"https:\/\/bis-art.com\/index.php\/wp-json\/wp\/v2\/types\/page"}],"author":[{"embeddable":true,"href":"https:\/\/bis-art.com\/index.php\/wp-json\/wp\/v2\/users\/1"}],"replies":[{"embeddable":true,"href":"https:\/\/bis-art.com\/index.php\/wp-json\/wp\/v2\/comments?post=645"}],"version-history":[{"count":59,"href":"https:\/\/bis-art.com\/index.php\/wp-json\/wp\/v2\/pages\/645\/revisions"}],"predecessor-version":[{"id":3597,"href":"https:\/\/bis-art.com\/index.php\/wp-json\/wp\/v2\/pages\/645\/revisions\/3597"}],"wp:attachment":[{"href":"https:\/\/bis-art.com\/index.php\/wp-json\/wp\/v2\/media?parent=645"}],"curies":[{"name":"wp","href":"https:\/\/api.w.org\/{rel}","templated":true}]}}