{"id":734,"date":"2021-01-17T17:46:11","date_gmt":"2021-01-17T16:46:11","guid":{"rendered":"http:\/\/bis-art.com\/?page_id=734"},"modified":"2023-01-07T17:53:52","modified_gmt":"2023-01-07T16:53:52","slug":"mentions-legales","status":"publish","type":"page","link":"https:\/\/bis-art.com\/index.php\/mentions-legales\/","title":{"rendered":"Mentions l\u00e9gales"},"content":{"rendered":"\n<div style=\"height:60px\" aria-hidden=\"true\" class=\"wp-block-spacer\"><\/div>\n\n\n<h2>Mentions l\u00e9gales<\/h2>\n\n\n<div class=\"wp-block-columns\">\n<div class=\"wp-block-column\" style=\"flex-basis:33.33%\">\n<h3><strong data-rich-text-format-boundary=\"true\">\u00c9diteur du site<\/strong><\/h3>\n<\/div>\n\n\n\n<div class=\"wp-block-column\" style=\"flex-basis:66.66%\">\n<p>Association Biennale Internationale Saint-Paul de Vence<br data-rich-text-line-break=\"true\" \/>Association loi 1901 &#8211; RNA : W061009143<br data-rich-text-line-break=\"true\" \/>Siren : 8305072400018<br data-rich-text-line-break=\"true\" \/>5, rue des Doriers<br data-rich-text-line-break=\"true\" \/>06570 Saint-Paul de Vence<br data-rich-text-line-break=\"true\" \/>Email contact : bis@bis-art.com<\/p>\n<\/div>\n<\/div>\n\n\n\n<div class=\"wp-block-columns\">\n<div class=\"wp-block-column\" style=\"flex-basis:33.33%\">\n<h3><strong data-rich-text-format-boundary=\"true\">Publication<\/strong><\/h3>\n<\/div>\n\n\n\n<div class=\"wp-block-column\" style=\"flex-basis:66.66%\">\n<p>Le site bis-art.com et ses sous domaines sont \u00e9dit\u00e9s par l&#8217;Association Biennale Internationale Saint-Paul de Vence.<\/p>\n<\/div>\n<\/div>\n\n\n\n<div class=\"wp-block-columns\">\n<div class=\"wp-block-column\" style=\"flex-basis:33.33%\">\n<h3><strong data-rich-text-format-boundary=\"true\">H\u00e9bergement<\/strong><\/h3>\n<\/div>\n\n\n\n<div class=\"wp-block-column\" style=\"flex-basis:66.66%\">\n<p>Le site bis-art.com est h\u00e9berg\u00e9 par OVH<br data-rich-text-line-break=\"true\">2 rue Kellermann &#8211; 59100 Roubaix &#8211; France<\/p>\n<\/div>\n<\/div>\n\n\n\n<div style=\"height:100px\" aria-hidden=\"true\" class=\"wp-block-spacer\"><\/div>\n","protected":false},"excerpt":{"rendered":"<p>Mentions l\u00e9gales \u00c9diteur du site Association Biennale Internationale Saint-Paul de VenceAssociation loi 1901 &#8211; RNA : W061009143Siren : 83050724000185, rue des Doriers06570 Saint-Paul de VenceEmail contact : bis@bis-art.com Publication Le site bis-art.com et ses sous domaines sont \u00e9dit\u00e9s par l&#8217;Association Biennale Internationale Saint-Paul de Vence. H\u00e9bergement Le site bis-art.com est h\u00e9berg\u00e9 par OVH2 rue Kellermann &hellip;<\/p>\n<p class=\"read-more\"> <a class=\"\" href=\"https:\/\/bis-art.com\/index.php\/mentions-legales\/\"> <span class=\"screen-reader-text\">Mentions l\u00e9gales<\/span> Lire la suite \u00bb<\/a><\/p>\n","protected":false},"author":1,"featured_media":0,"parent":0,"menu_order":0,"comment_status":"closed","ping_status":"closed","template":"","meta":{"site-sidebar-layout":"default","site-content-layout":"default","ast-global-header-display":"","ast-main-header-display":"","ast-hfb-above-header-display":"","ast-hfb-below-header-display":"","ast-hfb-mobile-header-display":"","site-post-title":"disabled","ast-breadcrumbs-content":"","ast-featured-img":"","footer-sml-layout":"","theme-transparent-header-meta":"default","adv-header-id-meta":"","stick-header-meta":"default","header-above-stick-meta":"","header-main-stick-meta":"","header-below-stick-meta":""},"_links":{"self":[{"href":"https:\/\/bis-art.com\/index.php\/wp-json\/wp\/v2\/pages\/734"}],"collection":[{"href":"https:\/\/bis-art.com\/index.php\/wp-json\/wp\/v2\/pages"}],"about":[{"href":"https:\/\/bis-art.com\/index.php\/wp-json\/wp\/v2\/types\/page"}],"author":[{"embeddable":true,"href":"https:\/\/bis-art.com\/index.php\/wp-json\/wp\/v2\/users\/1"}],"replies":[{"embeddable":true,"href":"https:\/\/bis-art.com\/index.php\/wp-json\/wp\/v2\/comments?post=734"}],"version-history":[{"count":13,"href":"https:\/\/bis-art.com\/index.php\/wp-json\/wp\/v2\/pages\/734\/revisions"}],"predecessor-version":[{"id":2178,"href":"https:\/\/bis-art.com\/index.php\/wp-json\/wp\/v2\/pages\/734\/revisions\/2178"}],"wp:attachment":[{"href":"https:\/\/bis-art.com\/index.php\/wp-json\/wp\/v2\/media?parent=734"}],"curies":[{"name":"wp","href":"https:\/\/api.w.org\/{rel}","templated":true}]}}