{"id":768,"date":"2021-02-14T16:42:12","date_gmt":"2021-02-14T15:42:12","guid":{"rendered":"http:\/\/bis-art.com\/?page_id=768"},"modified":"2023-06-29T16:37:52","modified_gmt":"2023-06-29T14:37:52","slug":"soutiens","status":"publish","type":"page","link":"https:\/\/bis-art.com\/index.php\/soutiens\/","title":{"rendered":"Nos Partenaires"},"content":{"rendered":"\n<div style=\"height:60px\" aria-hidden=\"true\" class=\"wp-block-spacer\"><\/div>\n\n\n<h3 style=\"text-align: center;\">Nous les remercions tous chaleureusement pour leur soutien<\/h3>\n<h2 style=\"text-align: center;\">Partenaires institutionnels<\/h2>\n\n\n<div class=\"wp-block-columns\">\n<div class=\"wp-block-column\">\n<div class=\"wp-block-columns\">\n<div class=\"wp-block-column is-vertically-aligned-center\">\n<figure class=\"wp-block-image size-medium is-resized is-style-default\"><img loading=\"lazy\" src=\"https:\/\/bis-art.com\/wp-content\/uploads\/2023\/05\/PREF_Alpes_maritimes_RVB-271x300.jpg\" alt=\"\" class=\"wp-image-2541\" width=\"203\" height=\"225\" srcset=\"https:\/\/bis-art.com\/wp-content\/uploads\/2023\/05\/PREF_Alpes_maritimes_RVB-271x300.jpg 271w, https:\/\/bis-art.com\/wp-content\/uploads\/2023\/05\/PREF_Alpes_maritimes_RVB-924x1024.jpg 924w, https:\/\/bis-art.com\/wp-content\/uploads\/2023\/05\/PREF_Alpes_maritimes_RVB-768x851.jpg 768w, https:\/\/bis-art.com\/wp-content\/uploads\/2023\/05\/PREF_Alpes_maritimes_RVB-1386x1536.jpg 1386w, https:\/\/bis-art.com\/wp-content\/uploads\/2023\/05\/PREF_Alpes_maritimes_RVB-1848x2048.jpg 1848w\" sizes=\"(max-width: 203px) 100vw, 203px\" \/><\/figure>\n<\/div>\n\n\n\n<div class=\"wp-block-column is-vertically-aligned-center\">\n<div class=\"wp-block-columns\">\n<div class=\"wp-block-column\" style=\"flex-basis:66.66%\">\n<div class=\"wp-block-columns\">\n<div class=\"wp-block-column\"><\/div>\n\n\n\n<div class=\"wp-block-column\"><\/div>\n\n\n\n<div class=\"wp-block-column\"><\/div>\n<\/div>\n<\/div>\n\n\n\n<div class=\"wp-block-column\" style=\"flex-basis:33.33%\">\n<div class=\"wp-block-columns\">\n<div class=\"wp-block-column\"><\/div>\n\n\n\n<div class=\"wp-block-column\"><\/div>\n<\/div>\n<\/div>\n<\/div>\n\n\n\n<div class=\"wp-block-image is-style-default\"><figure class=\"alignleft size-large is-resized\"><a href=\"https:\/\/www.maregionsud.fr\" target=\"_blank\" rel=\"noopener\"><img src=\"https:\/\/bis-art.com\/wp-content\/uploads\/2021\/06\/LOGO-MaRegionSudCouleur.png\" alt=\"\" class=\"wp-image-1650\" width=\"250\" srcset=\"https:\/\/bis-art.com\/wp-content\/uploads\/2021\/06\/LOGO-MaRegionSudCouleur.png 400w, https:\/\/bis-art.com\/wp-content\/uploads\/2021\/06\/LOGO-MaRegionSudCouleur-300x163.png 300w\" sizes=\"(max-width: 400px) 100vw, 400px\" \/><\/a><\/figure><\/div>\n\n\n\n<p><\/p>\n<\/div>\n<\/div>\n<\/div>\n\n\n\n<div class=\"wp-block-column is-vertically-aligned-center\">\n<div class=\"wp-block-columns\">\n<div class=\"wp-block-column is-vertically-aligned-center\">\n<div class=\"wp-block-image is-style-default\"><figure class=\"alignright size-large\"><a href=\"https:\/\/www.departement06.fr\/\" target=\"_blank\" rel=\"noopener\"><img loading=\"lazy\" width=\"610\" height=\"110\" src=\"https:\/\/bis-art.com\/wp-content\/uploads\/2021\/06\/departement06-logoinstit-Q-N.png\" alt=\"\" class=\"wp-image-1651\" srcset=\"https:\/\/bis-art.com\/wp-content\/uploads\/2021\/06\/departement06-logoinstit-Q-N.png 610w, https:\/\/bis-art.com\/wp-content\/uploads\/2021\/06\/departement06-logoinstit-Q-N-300x54.png 300w\" sizes=\"(max-width: 610px) 100vw, 610px\" \/><\/a><\/figure><\/div>\n<\/div>\n\n\n\n<div class=\"wp-block-column is-vertically-aligned-center\">\n<div class=\"wp-block-image is-style-default\"><figure class=\"alignright size-large is-resized\"><a href=\"https:\/\/saintpauldevence.org\"><img src=\"https:\/\/bis-art.com\/wp-content\/uploads\/2021\/06\/SaintPaul_logoWeb.jpg\" alt=\"\" class=\"wp-image-1652\" width=\"200\" srcset=\"https:\/\/bis-art.com\/wp-content\/uploads\/2021\/06\/SaintPaul_logoWeb.jpg 400w, https:\/\/bis-art.com\/wp-content\/uploads\/2021\/06\/SaintPaul_logoWeb-300x300.jpg 300w, https:\/\/bis-art.com\/wp-content\/uploads\/2021\/06\/SaintPaul_logoWeb-150x150.jpg 150w\" sizes=\"(max-width: 400px) 100vw, 400px\" \/><\/a><\/figure><\/div>\n\n\n\n<p><\/p>\n<\/div>\n<\/div>\n<\/div>\n<\/div>\n\n\n<h2 style=\"text-align: center;\"><strong>Partenaires de la Biennale<\/strong><\/h2>\n\n\n<div style=\"height:20px\" aria-hidden=\"true\" class=\"wp-block-spacer\"><\/div>\n\n\n\n<div class=\"wp-block-columns are-vertically-aligned-center\">\n<div class=\"wp-block-column is-vertically-aligned-center\">\n<div class=\"wp-block-image\"><figure class=\"aligncenter size-large\"><a href=\"https:\/\/bis-art.com\/index.php\/galeries-lafayette\/\" target=\"_blank\" rel=\"noopener\"><img loading=\"lazy\" width=\"1024\" height=\"205\" src=\"https:\/\/bis-art.com\/wp-content\/uploads\/2023\/05\/Bandeau-GL-1024x205.png\" alt=\"\" class=\"wp-image-2536\" srcset=\"https:\/\/bis-art.com\/wp-content\/uploads\/2023\/05\/Bandeau-GL-1024x205.png 1024w, https:\/\/bis-art.com\/wp-content\/uploads\/2023\/05\/Bandeau-GL-300x60.png 300w, https:\/\/bis-art.com\/wp-content\/uploads\/2023\/05\/Bandeau-GL-768x154.png 768w, https:\/\/bis-art.com\/wp-content\/uploads\/2023\/05\/Bandeau-GL.png 1200w\" sizes=\"(max-width: 1024px) 100vw, 1024px\" \/><\/a><\/figure><\/div>\n\n\n\n<p><\/p>\n<\/div>\n\n\n\n<div class=\"wp-block-column is-vertically-aligned-center\">\n<p><\/p>\n\n\n\n<div class=\"wp-block-image\"><figure class=\"aligncenter size-thumbnail\"><a href=\"https:\/\/bis-art.com\/index.php\/domaine-du-mas-de-pierre\/\" target=\"_blank\" rel=\"noopener\"><img loading=\"lazy\" width=\"150\" height=\"150\" src=\"https:\/\/bis-art.com\/wp-content\/uploads\/2021\/06\/Logo-DMDP-Version-Original-150x150.png\" alt=\"\" class=\"wp-image-1655\"\/><\/a><\/figure><\/div>\n<\/div>\n\n\n\n<div class=\"wp-block-column is-vertically-aligned-center\">\n<div class=\"wp-block-image\"><figure class=\"aligncenter size-thumbnail\"><a href=\"https:\/\/bis-art.com\/index.php\/appia-art-assurance\/\"><img loading=\"lazy\" width=\"150\" height=\"150\" src=\"https:\/\/bis-art.com\/wp-content\/uploads\/2021\/06\/APPIA_Logo_ROND_FB-150x150.jpeg\" alt=\"\" class=\"wp-image-1656\"\/><\/a><\/figure><\/div>\n\n\n\n<p><\/p>\n<\/div>\n<\/div>\n\n\n\n<div style=\"height:20px\" aria-hidden=\"true\" class=\"wp-block-spacer\"><\/div>\n\n\n\n<div class=\"wp-block-columns\">\n<div class=\"wp-block-column is-vertically-aligned-center\" style=\"flex-basis:66.66%\">\n<div class=\"wp-block-columns are-vertically-aligned-center\">\n<div class=\"wp-block-column is-vertically-aligned-center\">\n<div class=\"wp-block-image\"><figure class=\"aligncenter size-thumbnail\"><a href=\"https:\/\/bis-art.com\/index.php\/credit-agricole-provence-cote-dazur\/\"><img loading=\"lazy\" width=\"150\" height=\"150\" src=\"https:\/\/bis-art.com\/wp-content\/uploads\/2023\/05\/Logo-CA-150x150.jpg\" alt=\"\" class=\"wp-image-2538\" srcset=\"https:\/\/bis-art.com\/wp-content\/uploads\/2023\/05\/Logo-CA-150x150.jpg 150w, https:\/\/bis-art.com\/wp-content\/uploads\/2023\/05\/Logo-CA-300x300.jpg 300w, https:\/\/bis-art.com\/wp-content\/uploads\/2023\/05\/Logo-CA-1024x1024.jpg 1024w, https:\/\/bis-art.com\/wp-content\/uploads\/2023\/05\/Logo-CA-768x768.jpg 768w, https:\/\/bis-art.com\/wp-content\/uploads\/2023\/05\/Logo-CA-1536x1536.jpg 1536w, https:\/\/bis-art.com\/wp-content\/uploads\/2023\/05\/Logo-CA.jpg 1887w\" sizes=\"(max-width: 150px) 100vw, 150px\" \/><\/a><\/figure><\/div>\n<\/div>\n\n\n\n<div class=\"wp-block-column is-vertically-aligned-center\">\n<div class=\"wp-block-image\"><figure class=\"aligncenter size-large\"><a href=\"https:\/\/bis-art.com\/index.php\/la-vague-de-saint-paul\/\"><img loading=\"lazy\" width=\"579\" height=\"256\" src=\"https:\/\/bis-art.com\/wp-content\/uploads\/2023\/05\/logo-La-Vague-de-Saint-Paul.png\" alt=\"\" class=\"wp-image-2539\" srcset=\"https:\/\/bis-art.com\/wp-content\/uploads\/2023\/05\/logo-La-Vague-de-Saint-Paul.png 579w, https:\/\/bis-art.com\/wp-content\/uploads\/2023\/05\/logo-La-Vague-de-Saint-Paul-300x133.png 300w\" sizes=\"(max-width: 579px) 100vw, 579px\" \/><\/a><\/figure><\/div>\n<\/div>\n\n\n\n<div class=\"wp-block-column is-vertically-aligned-center\">\n<div class=\"wp-block-image\"><figure class=\"aligncenter size-thumbnail\"><a href=\"https:\/\/bis-art.com\/index.php\/paprec\/\"><img loading=\"lazy\" width=\"150\" height=\"150\" src=\"https:\/\/bis-art.com\/wp-content\/uploads\/2023\/05\/PAPREC_Logotype_V_BLACK-150x150.jpg\" alt=\"\" class=\"wp-image-2540\"\/><\/a><\/figure><\/div>\n<\/div>\n<\/div>\n<\/div>\n\n\n\n<div class=\"wp-block-column is-vertically-aligned-center\" style=\"flex-basis:33.33%\">\n<div class=\"wp-block-columns are-vertically-aligned-center\">\n<div class=\"wp-block-column is-vertically-aligned-center\">\n<figure class=\"wp-block-image size-large\"><a href=\"https:\/\/bis-art.com\/index.php\/centre-tcheque-paris\/\"><img loading=\"lazy\" width=\"1024\" height=\"305\" src=\"https:\/\/bis-art.com\/wp-content\/uploads\/2023\/05\/pro-obrazovku-_-PNG-1024x305.png\" alt=\"\" class=\"wp-image-2537\" srcset=\"https:\/\/bis-art.com\/wp-content\/uploads\/2023\/05\/pro-obrazovku-_-PNG-1024x305.png 1024w, https:\/\/bis-art.com\/wp-content\/uploads\/2023\/05\/pro-obrazovku-_-PNG-300x89.png 300w, https:\/\/bis-art.com\/wp-content\/uploads\/2023\/05\/pro-obrazovku-_-PNG-768x229.png 768w, https:\/\/bis-art.com\/wp-content\/uploads\/2023\/05\/pro-obrazovku-_-PNG-1536x458.png 1536w, https:\/\/bis-art.com\/wp-content\/uploads\/2023\/05\/pro-obrazovku-_-PNG-2048x611.png 2048w\" sizes=\"(max-width: 1024px) 100vw, 1024px\" \/><\/a><\/figure>\n<\/div>\n\n\n\n<div class=\"wp-block-column is-vertically-aligned-center\">\n<figure class=\"wp-block-image size-large\"><a href=\"https:\/\/bis-art.com\/index.php\/transports-longue\/\"><img loading=\"lazy\" width=\"261\" height=\"90\" src=\"https:\/\/bis-art.com\/wp-content\/uploads\/2023\/05\/logo-TransportsLongue.png\" alt=\"\" class=\"wp-image-2542\"\/><\/a><\/figure>\n<\/div>\n<\/div>\n<\/div>\n<\/div>\n\n\n<h2 style=\"text-align: center;\"><strong>Les Galeries Partenaires<\/strong><\/h2>\n\n\n<div class=\"wp-block-columns\">\n<div class=\"wp-block-column\">\n<div class=\"page\" title=\"Page 2\">\n<div class=\"layoutArea\">\n<div class=\"column\">\n<h5 style=\"text-align: center;\"><a href=\"https:\/\/www.balicehertling.com\/\" target=\"_blank\" rel=\"noopener\"><b><span style=\"color: #424242;\"><span style=\"color: #808080;\">Galerie Balice Hertling<\/span><\/span><\/b><\/a><br><span style=\"color: #808080;\"><a style=\"color: #808080;\" href=\"http:\/\/www.maxhetzler.com\" target=\"_blank\" rel=\"noopener\"><b>Galerie Max Hetzler<span class=\"Apple-converted-space\">&nbsp;<\/span><\/b><\/a><\/span><br><span style=\"color: #808080;\"><a style=\"color: #808080;\" href=\"http:\/\/www.galeriegillaloercher.de\" target=\"_blank\" rel=\"noopener\"><b>Galerie Gilla L\u00f6rcher<span class=\"Apple-converted-space\">&nbsp;<\/span><\/b><b>I Contemporary Art<\/b><\/a><\/span><\/h5>\n<\/div>\n<\/div>\n<\/div>\n\n\n\n<p><\/p>\n<\/div>\n\n\n\n<div class=\"wp-block-column\">\n<div class=\"page\" title=\"Page 2\">\n<div class=\"layoutArea\">\n<div class=\"column\">\n<h5 style=\"text-align: center;\"><span style=\"color: #424242;\"><a style=\"color: #424242;\" href=\"https:\/\/www.carliergebauer.com\/current\"><b><span style=\"color: #808080;\">Carlier Gebauer<\/span><\/b><\/a><\/span><br><span style=\"color: #808080;\"><a style=\"color: #808080;\" href=\"https:\/\/www.galeriehussenot.com\/\" target=\"_blank\" rel=\"noopener\"><b>Galerie Hussenot<\/b><\/a><\/span><br><span style=\"color: #808080;\"><a style=\"color: #808080;\" href=\"https:\/\/mennour.com\/\" target=\"_blank\" rel=\"noopener\"><b>Mennour<\/b><\/a><\/span><\/h5>\n<\/div>\n<\/div>\n<\/div>\n<\/div>\n\n\n\n<div class=\"wp-block-column\">\n<div class=\"page\" title=\"Page 2\">\n<div class=\"layoutArea\">\n<div class=\"column\">\n<h5 style=\"text-align: center;\"><span style=\"color: #808080;\"><a style=\"color: #808080;\" href=\"https:\/\/imanefares.com\/\" target=\"_blank\" rel=\"noopener\"><b>Galerie Imane Far\u00e8s<\/b><\/a><\/span><br><span style=\"color: #808080;\"><a style=\"color: #808080;\" href=\"https:\/\/huntkastner.com\/\"><b>hunt kastner, Prague<\/b><\/a><\/span><br><span style=\"color: #808080;\"><a style=\"color: #808080;\" href=\"https:\/\/www.perrotin.com\/\"><b>Perrotin<\/b><\/a><\/span><\/h5>\n<\/div>\n<\/div>\n<\/div>\n\n\n\n<p><\/p>\n<\/div>\n<\/div>\n\n\n<h2 style=\"text-align: center;\">Les Partenaires<\/h2>\n<div class=\"page\" title=\"Page 2\">\n<div class=\"layoutArea\">\n<div class=\"column\">\n<h5 style=\"text-align: center;\"><span style=\"color: #000000;\"><a href=\"https:\/\/fondationcab.com\/fr\/fondation-cab-saint-paul-de-vence\" target=\"_blank\" rel=\"noopener\"><span style=\"color: #808080;\">La Fondation CAB Saint-Paul-de-Vence<\/span><\/a> \u2022 <\/span><span style=\"color: #000000;\"><a href=\"https:\/\/www.la-colombe-dor.com\/indexFR.html\" target=\"_blank\" rel=\"noopener\"><span style=\"color: #808080;\">La Colombe d\u2019Or<\/span><\/a> \u2022 <span style=\"color: #808080;\"><a style=\"color: #808080;\" href=\"https:\/\/www.facebook.com\/crossoversummer\" target=\"_blank\" rel=\"noopener\">Crossover<\/a><\/span> \u2022 <span style=\"color: #808080;\"><a style=\"color: #808080;\" href=\"https:\/\/festivalsaintpauldevence.com\" target=\"_blank\" rel=\"noopener\">Festival de Saint-Paul de Vence<\/a><\/span> \u2022 <br><span style=\"color: #808080;\"><a style=\"color: #808080;\" href=\"https:\/\/www.saint-pauldevence.com\" target=\"_blank\" rel=\"noopener\">Office de tourisme de Saint-Paul de Vence<\/a><\/span><\/span><\/h5>\n<\/div>\n<\/div>\n<\/div>\n<h2 style=\"text-align: center;\">Ils nous soutiennent<\/h2>\n<div class=\"page\" title=\"Page 2\">\n<div class=\"layoutArea\">\n<div class=\"column\">\n<h5 style=\"text-align: center;\"><span style=\"color: #333333;\">Nos remerciements les plus sinc\u00e8res pour les nombreux dons<\/span><br><span style=\"color: #333333;\">qui nous sont parvenus directement ou par la <span style=\"color: #4b86c7;\"><a style=\"color: #4b86c7;\" href=\"https:\/\/www.helloasso.com\/associations\/association-biennale-internationale-saint-paul-de\/collectes\/appel-aux-dons-troisieme-edition-de-la-biennale-de-saint-paul-de-vence\" target=\"_blank\" rel=\"noopener\">plateforme HelloAsso<\/a>.<\/span><\/span><br><span style=\"color: #333333;\">Nos vifs remerciements \u00e0 toutes celles et ceux qui s\u2019engagent et s\u2019impliquent \u00e0 nos c\u00f4t\u00e9s.<\/span><\/h5>\n<\/div>\n<\/div>\n<\/div>\n\n\n<div style=\"height:100px\" aria-hidden=\"true\" class=\"wp-block-spacer\"><\/div>\n\n\n\n<p><\/p>\n","protected":false},"excerpt":{"rendered":"<p>Nous les remercions tous chaleureusement pour leur soutien Partenaires institutionnels Partenaires de la Biennale Les Galeries Partenaires Galerie Balice HertlingGalerie Max Hetzler&nbsp;Galerie Gilla L\u00f6rcher&nbsp;I Contemporary Art Carlier GebauerGalerie HussenotMennour Galerie Imane Far\u00e8shunt kastner, PraguePerrotin Les Partenaires La Fondation CAB Saint-Paul-de-Vence \u2022 La Colombe d\u2019Or \u2022 Crossover \u2022 Festival de Saint-Paul de Vence \u2022 Office de &hellip;<\/p>\n<p class=\"read-more\"> <a class=\"\" href=\"https:\/\/bis-art.com\/index.php\/soutiens\/\"> <span class=\"screen-reader-text\">Nos Partenaires<\/span> Lire la suite \u00bb<\/a><\/p>\n","protected":false},"author":1,"featured_media":0,"parent":0,"menu_order":0,"comment_status":"closed","ping_status":"closed","template":"","meta":{"site-sidebar-layout":"default","site-content-layout":"default","ast-global-header-display":"","ast-main-header-display":"","ast-hfb-above-header-display":"","ast-hfb-below-header-display":"","ast-hfb-mobile-header-display":"","site-post-title":"disabled","ast-breadcrumbs-content":"","ast-featured-img":"","footer-sml-layout":"","theme-transparent-header-meta":"default","adv-header-id-meta":"","stick-header-meta":"default","header-above-stick-meta":"","header-main-stick-meta":"","header-below-stick-meta":""},"_links":{"self":[{"href":"https:\/\/bis-art.com\/index.php\/wp-json\/wp\/v2\/pages\/768"}],"collection":[{"href":"https:\/\/bis-art.com\/index.php\/wp-json\/wp\/v2\/pages"}],"about":[{"href":"https:\/\/bis-art.com\/index.php\/wp-json\/wp\/v2\/types\/page"}],"author":[{"embeddable":true,"href":"https:\/\/bis-art.com\/index.php\/wp-json\/wp\/v2\/users\/1"}],"replies":[{"embeddable":true,"href":"https:\/\/bis-art.com\/index.php\/wp-json\/wp\/v2\/comments?post=768"}],"version-history":[{"count":44,"href":"https:\/\/bis-art.com\/index.php\/wp-json\/wp\/v2\/pages\/768\/revisions"}],"predecessor-version":[{"id":3294,"href":"https:\/\/bis-art.com\/index.php\/wp-json\/wp\/v2\/pages\/768\/revisions\/3294"}],"wp:attachment":[{"href":"https:\/\/bis-art.com\/index.php\/wp-json\/wp\/v2\/media?parent=768"}],"curies":[{"name":"wp","href":"https:\/\/api.w.org\/{rel}","templated":true}]}}