{"id":809,"date":"2021-02-14T16:31:00","date_gmt":"2021-02-14T15:31:00","guid":{"rendered":"http:\/\/bis-art.com\/?page_id=809"},"modified":"2021-04-21T19:40:28","modified_gmt":"2021-04-21T17:40:28","slug":"groupe-galeries-lafayette","status":"publish","type":"page","link":"https:\/\/bis-art.com\/index.php\/groupe-galeries-lafayette\/","title":{"rendered":"Groupe Galeries Lafayette"},"content":{"rendered":"\n<div style=\"height:60px\" aria-hidden=\"true\" class=\"wp-block-spacer\"><\/div>\n\n\n<h2 style=\"text-align: left;\"><strong>Partenaire de la Biennale : le Groupe Galeries Lafayette<\/strong><\/h2>\n\n\n<div style=\"height:30px\" aria-hidden=\"true\" class=\"wp-block-spacer\"><\/div>\n\n\n\n<div class=\"wp-block-columns\">\n<div class=\"wp-block-column\">\n<figure class=\"wp-block-image size-large\"><img loading=\"lazy\" width=\"1024\" height=\"205\" src=\"http:\/\/bis-art.com\/wp-content\/uploads\/2021\/02\/Bandeau-GL-1024x205.png\" alt=\"\" class=\"wp-image-788\" srcset=\"https:\/\/bis-art.com\/wp-content\/uploads\/2021\/02\/Bandeau-GL-1024x205.png 1024w, https:\/\/bis-art.com\/wp-content\/uploads\/2021\/02\/Bandeau-GL-300x60.png 300w, https:\/\/bis-art.com\/wp-content\/uploads\/2021\/02\/Bandeau-GL-768x154.png 768w, https:\/\/bis-art.com\/wp-content\/uploads\/2021\/02\/Bandeau-GL.png 1200w\" sizes=\"(max-width: 1024px) 100vw, 1024px\" \/><\/figure>\n\n\n\n<div style=\"height:30px\" aria-hidden=\"true\" class=\"wp-block-spacer\"><\/div>\n\n\n\n<p>Sp\u00e9cialiste de la mode implant\u00e9 au c\u0153ur des villes, le groupe Galeries Lafayette est un groupe marchand, familial, priv\u00e9, h\u00e9ritier de 120 ans d\u2019une histoire b\u00e2tie dans le commerce et la distribution.<\/p>\n<p>Acteur engag\u00e9 pour offrir le meilleur du commerce et de la cr\u00e9ation et employeur priv\u00e9 de premier plan en France avec 14&nbsp;000 collaborateurs, le Groupe a pour vocation d\u2019agir comme une r\u00e9f\u00e9rence d\u2019un commerce omnicanal et responsable au service de ses clients, et de contribuer au rayonnement de l\u2019Art de Vivre \u00e0 la fran\u00e7aise. Avec des ventes au d\u00e9tail de 3,8 milliards d\u2019euros, le Groupe b\u00e9n\u00e9ficie aujourd\u2019hui d\u2019une reconnaissance internationale reposant sur ses marques embl\u00e9matiques&nbsp;: Galeries Lafayette, BHV MARAIS, Galeries Lafayette-Royal Quartz Paris, Louis Pion, Gu\u00e9rin Joaillerie, InstantLuxe.com et BazarChic.<\/p>\n<p>Il accompagne la transformation patrimoniale, digitale et cr\u00e9ative de celles-ci avec le concours de Citynove, Lafayette Plug and Play et Lafayette Anticipations &#8211; Fondation d\u2019entreprise Galeries Lafayette.<\/p>\n<p>Plus d\u2019informations sur <a href=\"http:\/\/www.groupegalerieslafayette.fr\/\" target=\"_blank\" rel=\"noopener\">groupegalerieslafayette.fr<\/a>, sur LinkedIn et sur Twitter (<a href=\"https:\/\/twitter.com\/galeries_laf\" target=\"_blank\" rel=\"noopener\">@Galeries_Laf<\/a>)<\/p>\n<\/div>\n\n\n\n<div class=\"wp-block-column\">\n<h3><strong>Le groupe Galeries Lafayette et la cr\u00e9ation&nbsp;<br><\/strong><span style=\"color: #b12763;\"><strong>Promouvoir la rencontre du commerce&nbsp;et de la cr\u00e9ation<\/strong><\/span><\/h3>\n<p>Depuis toujours, le groupe Galeries Lafayette consid\u00e8re qu\u2019il est de sa responsabilit\u00e9 de susciter l\u2019\u00e9motion et de d\u00e9mocratiser l\u2019acc\u00e8s \u00e0 la culture \u00e0 travers ses magasins. De Gabrielle Chanel \u00e0 Pierre Paulin, de Louis Majorelle \u00e0 Charlotte Perriand, de Marcel Duchamp \u00e0 David Lynch, le Groupe agit comme m\u00e9diateur entre des artistes embl\u00e9matiques, de jeunes cr\u00e9ateurs prometteurs et le grand public.<\/p>\n<p>En invitant artistes, designers et architectes \u00e0 concevoir des lieux chaleureux, ouverts et po\u00e9tiques, le groupe Galeries Lafayette fait de ses enseignes des destinations de shopping autant que de plaisir.<\/p>\n<p>D\u00e8s 2001, les Galeries Lafayette ont ainsi consacr\u00e9 300 m2 \u00e0 la cr\u00e9ation d\u2019un espace culturel au premier \u00e9tage du magasin Haussmann : la Galerie des Galeries. Lieu de vie, de paroles et d\u2019id\u00e9es d\u00e9di\u00e9 \u00e0 la cr\u00e9ation sous toutes ses formes, la Galerie des Galeries favorise la rencontre des visiteurs avec la cr\u00e9ation.<\/p>\n<p>En 2010, le Groupe a souhait\u00e9 s\u2019inscrire davantage dans le tissu culturel et renforcer son r\u00f4le actif aupr\u00e8s des artistes en portant son regard sur les institutions et la vie culturelle des villes dans lesquelles ses magasins sont implant\u00e9s : une politique de m\u00e9c\u00e9nat ambitieuse et p\u00e9renne soutient ainsi des projets artistiques innovants.<\/p>\n<p>Depuis 2013, le Groupe a cr\u00e9\u00e9 sa Fondation d\u2019entreprise d\u2019int\u00e9r\u00eat g\u00e9n\u00e9ral,&nbsp;<a href=\"https:\/\/www.lafayetteanticipations.com\/fr\" target=\"_blank\" rel=\"noopener\">Lafayette Anticipations<\/a>, traduisant \u00e0 grande \u00e9chelle son engagement en faveur des artistes et de la cr\u00e9ation, et participant pleinement \u00e0 l\u2019attractivit\u00e9 culturelle de la ville de Paris.<\/p>\n<\/div>\n<\/div>\n\n\n\n<div style=\"height:100px\" aria-hidden=\"true\" class=\"wp-block-spacer\"><\/div>\n","protected":false},"excerpt":{"rendered":"<p>Partenaire de la Biennale : le Groupe Galeries Lafayette Sp\u00e9cialiste de la mode implant\u00e9 au c\u0153ur des villes, le groupe Galeries Lafayette est un groupe marchand, familial, priv\u00e9, h\u00e9ritier de 120 ans d\u2019une histoire b\u00e2tie dans le commerce et la distribution. Acteur engag\u00e9 pour offrir le meilleur du commerce et de la cr\u00e9ation et employeur &hellip;<\/p>\n<p class=\"read-more\"> <a class=\"\" href=\"https:\/\/bis-art.com\/index.php\/groupe-galeries-lafayette\/\"> <span class=\"screen-reader-text\">Groupe Galeries Lafayette<\/span> Lire la suite \u00bb<\/a><\/p>\n","protected":false},"author":1,"featured_media":0,"parent":0,"menu_order":0,"comment_status":"closed","ping_status":"closed","template":"","meta":{"site-sidebar-layout":"default","site-content-layout":"default","ast-global-header-display":"","ast-main-header-display":"","ast-hfb-above-header-display":"","ast-hfb-below-header-display":"","ast-hfb-mobile-header-display":"","site-post-title":"disabled","ast-breadcrumbs-content":"","ast-featured-img":"","footer-sml-layout":"","theme-transparent-header-meta":"default","adv-header-id-meta":"","stick-header-meta":"default","header-above-stick-meta":"","header-main-stick-meta":"","header-below-stick-meta":""},"_links":{"self":[{"href":"https:\/\/bis-art.com\/index.php\/wp-json\/wp\/v2\/pages\/809"}],"collection":[{"href":"https:\/\/bis-art.com\/index.php\/wp-json\/wp\/v2\/pages"}],"about":[{"href":"https:\/\/bis-art.com\/index.php\/wp-json\/wp\/v2\/types\/page"}],"author":[{"embeddable":true,"href":"https:\/\/bis-art.com\/index.php\/wp-json\/wp\/v2\/users\/1"}],"replies":[{"embeddable":true,"href":"https:\/\/bis-art.com\/index.php\/wp-json\/wp\/v2\/comments?post=809"}],"version-history":[{"count":9,"href":"https:\/\/bis-art.com\/index.php\/wp-json\/wp\/v2\/pages\/809\/revisions"}],"predecessor-version":[{"id":1400,"href":"https:\/\/bis-art.com\/index.php\/wp-json\/wp\/v2\/pages\/809\/revisions\/1400"}],"wp:attachment":[{"href":"https:\/\/bis-art.com\/index.php\/wp-json\/wp\/v2\/media?parent=809"}],"curies":[{"name":"wp","href":"https:\/\/api.w.org\/{rel}","templated":true}]}}