{"id":847,"date":"2021-03-19T14:17:57","date_gmt":"2021-03-19T13:17:57","guid":{"rendered":"http:\/\/bis-art.com\/?page_id=847"},"modified":"2021-04-21T19:43:23","modified_gmt":"2021-04-21T17:43:23","slug":"presentation","status":"publish","type":"page","link":"https:\/\/bis-art.com\/index.php\/presentation\/","title":{"rendered":"Pr\u00e9sentation"},"content":{"rendered":"\n<div style=\"height:100px\" aria-hidden=\"true\" class=\"wp-block-spacer\"><\/div>\n\n\n\n<div class=\"wp-block-columns\">\n<div class=\"wp-block-column\">\n<div>\n<p>Depuis la fin du 19\u00e8me si\u00e8cle, avec Signac et Pissaro, et tout au long du 20\u00e8me si\u00e8cle, les grands artistes du monde entier sont venus, attir\u00e9s par les paysages et la lumi\u00e8re, cr\u00e9er \u00e0&nbsp;Saint-Paul de Vence.<br>Puis il y a l\u2019aventure de la naissance de la&nbsp;Fondation Maeght&nbsp;qui attira nombre d\u2019artistes &#8211; L\u00e9ger, Miro, Braque, Giacometti&#8230; on n\u2019en finit pas de faire la liste.<br>Autour de la Fondation, vont s\u2019ouvrir des galeries d\u2019art, vont s\u2019installer des artistes. On croise dans les rues de Saint-Paul, aujourd\u2019hui, Jean-Charles Blais, Fran\u00e7ois Morelet, Richard Deacon, G\u00e9rard Garouste \u2026 , autant d\u2019artistes qui s\u00e9journent dans notre village et viennent y pr\u00e9parer leurs expositions.<\/p>\n<\/div>\n<div>\n<p>Nous avons envie que cet attrait, cette invitation \u00e0 Saint-Paul de Vence \u00e0 travers la culture et l\u2019art s\u2019affirment chaque jour davantage. Saint-Paul de Vence n\u2019est pas seulement un patrimoine de pierres anciennes, un h\u00e9ritage historique, mais une culture, et une des facettes de cette culture sont les arts plastiques, au c\u00f4t\u00e9 de la litt\u00e9rature ou du cin\u00e9ma.<br>Une Biennale d\u2019art contemporain r\u00e9pond alors \u00e0 la volont\u00e9 de Saint-Paul de Vence d\u2019exister culturellement, et de rappeler que Saint-Paul de Vence, s\u2019il est un lieu patrimonial bien s\u00fbr, est aussi un lieu o\u00f9 s\u2019est racont\u00e9e, s\u2019est r\u00e9alis\u00e9e une histoire de la cr\u00e9ation artistique fran\u00e7aise, europ\u00e9enne et internationale.<\/p>\n<\/div>\n<div>\n<p>Une Biennale n\u2019est pas simplement une addition d\u2019\u0153uvres. Il ne s\u2019agit pas de soumettre, ou d\u2019instrumentaliser les \u0153uvres \u00e0 un th\u00e8me, mais de permettre gr\u00e2ce \u00e0 un fil rouge de les relier \u00e0 notre \u00e9poque, notre soci\u00e9t\u00e9, comme au site, \u00e0 l\u2019endroit, \u00e0 l\u2019histoire du lieu.<\/p>\n<\/div>\n<\/div>\n\n\n\n<div class=\"wp-block-column\">\n<div>\n<p>Plusieurs&nbsp;lieux d\u2019exposition&nbsp;dans le village sont sollicit\u00e9s pendant la Biennale. Des lieux \u00e0 l\u2019int\u00e9rieur (Espace Verdet), ou dans l\u2019espace public, sur les remparts, les rues et places, et dans tous les autres lieux de Saint-Paul qui ont l\u2019ambition de faire de cette Biennale non une distraction rapide et \u00e9ph\u00e9m\u00e8re mais une vraie destination de promenade culturelle et artistique.<br>Tous ces lieux sont habit\u00e9s et anim\u00e9s non seulement par la Biennale, mais aussi par les artistes, galeries et commer\u00e7ants de Saint-Paul de Vence. C\u2019est tout un territoire qui est perl\u00e9, dans une envie de partage de l\u2019h\u00e9ritage de Saint-Paul de Vence, de partage des \u00e9motions et de rencontres enrichissantes pour tous.<\/p>\n<\/div>\n<div>\n<p>La Biennale est aussi ponctu\u00e9e de moments forts, avec des conf\u00e9rences, performances, et des spectacles, autant d\u2019\u00e9v\u00e8nements permettant la rencontre entre les artistes et leurs publics. Cette dynamique vous offre durant tout l&#8217;\u00e9t\u00e9 des exp\u00e9riences, des \u00e9tonnements et des surprises.<\/p>\n<\/div>\n<div>\n<p>Jean d\u2019Ormesson disait&nbsp;: \u00ab&nbsp;Il y a des choses sans lesquelles vous ne pouvez pas vivre. Vous pouvez vivre sans art, mais vous vivez beaucoup moins bien.&nbsp;\u00bb<\/p>\n<\/div>\n<div>\n<p>La Biennale, port\u00e9e par l\u2019Association Biennale Internationale Saint-Paul de Vence (B.I.S), dont j\u2019ai l\u2019honneur d\u2019\u00eatre le Pr\u00e9sident, en partenariat avec la&nbsp;<a href=\"http:\/\/saintpauldevence.org\/\">commune de Saint-Paul de Vence<\/a>&nbsp;va tenter &#8211; et r\u00e9ussir &#8211; de vous apporter, \u00e0 tous, ce suppl\u00e9ment de couleur, d\u2019\u00e9motion, de sensibilit\u00e9, de joies qui permettra \u00e0 tous d\u2019aller \u00e0 la rencontre de l\u2019autre.<\/p>\n<\/div>\n<div>\n<p align=\"right\"><strong>Olivier KAEPPELIN<\/strong><b><br><\/b>Pr\u00e9sident de l\u2019association B.I.S<\/p>\n<\/div>\n<\/div>\n<\/div>\n\n\n\n<div style=\"height:100px\" aria-hidden=\"true\" class=\"wp-block-spacer\"><\/div>\n","protected":false},"excerpt":{"rendered":"<p>Depuis la fin du 19\u00e8me si\u00e8cle, avec Signac et Pissaro, et tout au long du 20\u00e8me si\u00e8cle, les grands artistes du monde entier sont venus, attir\u00e9s par les paysages et la lumi\u00e8re, cr\u00e9er \u00e0&nbsp;Saint-Paul de Vence.Puis il y a l\u2019aventure de la naissance de la&nbsp;Fondation Maeght&nbsp;qui attira nombre d\u2019artistes &#8211; L\u00e9ger, Miro, Braque, Giacometti&#8230; on &hellip;<\/p>\n<p class=\"read-more\"> <a class=\"\" href=\"https:\/\/bis-art.com\/index.php\/presentation\/\"> <span class=\"screen-reader-text\">Pr\u00e9sentation<\/span> Lire la suite \u00bb<\/a><\/p>\n","protected":false},"author":1,"featured_media":0,"parent":0,"menu_order":0,"comment_status":"closed","ping_status":"closed","template":"","meta":{"site-sidebar-layout":"default","site-content-layout":"default","ast-global-header-display":"","ast-main-header-display":"","ast-hfb-above-header-display":"","ast-hfb-below-header-display":"","ast-hfb-mobile-header-display":"","site-post-title":"disabled","ast-breadcrumbs-content":"","ast-featured-img":"","footer-sml-layout":"","theme-transparent-header-meta":"default","adv-header-id-meta":"","stick-header-meta":"default","header-above-stick-meta":"","header-main-stick-meta":"","header-below-stick-meta":""},"_links":{"self":[{"href":"https:\/\/bis-art.com\/index.php\/wp-json\/wp\/v2\/pages\/847"}],"collection":[{"href":"https:\/\/bis-art.com\/index.php\/wp-json\/wp\/v2\/pages"}],"about":[{"href":"https:\/\/bis-art.com\/index.php\/wp-json\/wp\/v2\/types\/page"}],"author":[{"embeddable":true,"href":"https:\/\/bis-art.com\/index.php\/wp-json\/wp\/v2\/users\/1"}],"replies":[{"embeddable":true,"href":"https:\/\/bis-art.com\/index.php\/wp-json\/wp\/v2\/comments?post=847"}],"version-history":[{"count":6,"href":"https:\/\/bis-art.com\/index.php\/wp-json\/wp\/v2\/pages\/847\/revisions"}],"predecessor-version":[{"id":1407,"href":"https:\/\/bis-art.com\/index.php\/wp-json\/wp\/v2\/pages\/847\/revisions\/1407"}],"wp:attachment":[{"href":"https:\/\/bis-art.com\/index.php\/wp-json\/wp\/v2\/media?parent=847"}],"curies":[{"name":"wp","href":"https:\/\/api.w.org\/{rel}","templated":true}]}}