{"id":864,"date":"2021-03-19T14:57:10","date_gmt":"2021-03-19T13:57:10","guid":{"rendered":"http:\/\/bis-art.com\/?page_id=864"},"modified":"2023-01-06T18:57:02","modified_gmt":"2023-01-06T17:57:02","slug":"credits-photos","status":"publish","type":"page","link":"https:\/\/bis-art.com\/index.php\/credits-photos\/","title":{"rendered":"Cr\u00e9dits Photos"},"content":{"rendered":"\n<div style=\"height:60px\" aria-hidden=\"true\" class=\"wp-block-spacer\"><\/div>\n\n\n<h2>Cr\u00e9dit Photos<\/h2>\n<p>L\u2019ensemble de ce site rel\u00e8ve de la l\u00e9gislation fran\u00e7aise et internationale sur les droits d\u2019auteur et la propri\u00e9t\u00e9 intellectuelle. Tous les droits de reproduction sont r\u00e9serv\u00e9s. La reproduction de tout ou partie de ce site sur quelque support que ce soit est formellement interdite sauf autorisation expresse et pr\u00e9alable du directeur de la publication. La reproduction des textes de ce site sur un support papier est autoris\u00e9e, sous r\u00e9serve du respect des conditions suivantes : gratuit\u00e9 de la diffusion, respect de l\u2019int\u00e9grit\u00e9 des documents reproduits : pas de modification ni alt\u00e9ration d\u2019aucune sorte, citation claire et lisible de la source.<\/p>\n<p>Les visuels BIS sont\u00a0sign\u00e9s Gwenaelle Jaouen &#8211;\u00a0Chromatik<\/p>\n<p><strong>Page d&#8217;accueil\u00a0<br \/><\/strong>Photo :\u00a0\u00a9\u00a0Office de Tourisme de Saint-Paul de Vence &#8211; Photographe : Roland Michaud<\/p>\n<p><strong>Page Saint-Paul de Vence<\/strong><br \/>Photo : \u00a9\u00a0Gabrielle Conilh de Beyssac\u00a0&#8211;\u00a0Photo\u00a0\u00a9\u00a0Lionel Bouffier<\/p>\n<p><strong>Pages Artistes &#8211; \u00c9dition 2021<\/strong><br \/>Portrait Awena Cozannet &#8211; \u00a9\u00a0<span style=\"font-size: 1rem;\">Jo\u00ebl Gangloff<br \/><\/span>Portrait Martine Feipel &amp; Jean Bechameil <br \/>Portrait St\u00e9phane Guiran<br \/>Portrait Gonzalo Lebrija <br \/>Portrait Quentin Lefranc<br \/>Portrait Charles Le Hyaric <br \/>PortraitKokou Ferdinand Makouvia<span class=\"Apple-converted-space\">\u00a0<br \/><\/span>Portrait Juliette Minchin<br \/>Portrait Aur\u00e9lie P\u00e9trel<br \/>Portrait Florian Pugnaire &amp; David Raffini<span class=\"Apple-converted-space\">\u00a0<br \/><\/span>Portrait Stefan Rinck \u2013\u00a0Kevin Rouillard<br \/>Portrait Linda Sanchez<br \/>Portrait Pierre-Alexandre Savriacouty<br \/>Portrait Scenocosme : Gr\u00e9gory Lasserre &amp; Ana\u00efs met den Ancxt<br \/>Portrait Elodie Seguin<br \/>Portrait Charlotte vander Borght<span class=\"Apple-converted-space\"><br \/><\/span>Portrait Delphine Wibaux<\/p>\n<p><strong>Page Artistes &#8211; Edition 2018<br \/><\/strong>Portrait Vincent Barr\u00e9\u00a0\u00a0\u00a9\u00a0Rivierakris &#8211;<br \/>Portrait Jan Fabre &#8211;\u00a0Carlotta Manaigo (2017) \u00a9 Angelos bvba<br \/>Portrait\u00a0Antony Gormley &#8211; \u00a9\u00a0Lars Gundersen\u00a0<br \/>Portrait\u00a0Wang Keping &#8211; \u00a9\u00a0Wang Keping<br \/>Portrait\u00a0Arik Levy &#8211; \u00a9\u00a0Peggy Schmidt<br \/>Portrait\u00a0Vincent Mauger &#8211; \u00a9\u00a0Manon Tricoire<br \/>Portrait\u00a0Tania Mouraud &#8211; \u00a9\u00a0Lo\u00efc Deltour<br \/>Portrait\u00a0David Nash &#8211;\u00a0\u00a9\u00a0Fabrice Gibert\u00a0<br \/>Portrait\u00a0Jean-Pierre Raynaud &#8211;\u00a0\u00a9\u00a0Studio JP Raynaud<br \/>Portrait\u00a0Vladimir Skoda &#8211;\u00a0\u00a9\u00a0Michel Lunardelli\u00a0<br \/>Portrait\u00a0Agn\u00e8s Thurnauer\u00a0 &#8211;\u00a0\u00a9\u00a0Catherine Panchout<br \/>Portrait\u00a0Morgane Tschiember &#8211;\u00a0\u00a9\u00a0Lo\u00efc Deltour<br \/>Portrait\u00a0Henk Visch &#8211;\u00a0\u00a9\u00a0Lo\u00efc Deltour<br \/>Portrait\u00a0Gabrielle Conilh de Beyssac\u00a0&#8211;\u00a0\u00a9\u00a0Gabrielle Conilh de Beyssac<br \/>Portrait Quentin Spohn\u00a0&#8211;\u00a0\u00a9\u00a0Lisa Costalbano<\/p>\n<p><strong>Page Vincent Barr\u00e9<\/strong>\u00a0&#8211;\u00a0Photos\u00a0\u00a9\u00a0Lionel Bouffier &#8211; \u00a9\u00a0Lo\u00efc Deltour<br \/><strong>Page \u00a0Jan Fabre<\/strong>\u00a0&#8211;\u00a0Photo\u00a0\u00a9\u00a0Lionel Bouffier<br \/><strong>Page Antony Gormley<\/strong>\u00a0&#8211;\u00a0Photo\u00a0\u00a9\u00a0Lo\u00efc Deltour<br \/><strong>Page Wang Keping<\/strong>\u00a0&#8211;\u00a0Photo\u00a0\u00a9\u00a0Lionel Bouffier<br \/><strong>Page\u00a0Arik Levy<\/strong>\u00a0-Photo\u00a0\u00a9\u00a0Lo\u00efc Deltour<br \/><strong>Page Vincent Mauger<\/strong>\u00a0&#8211;\u00a0Photo\u00a0\u00a9\u00a0Vincent Mauger<br \/><strong>Page Tania Mouraud<\/strong>\u00a0&#8211;\u00a0Photo\u00a0\u00a9\u00a0Lionel Bouffier<br \/><strong>Page David Nash<\/strong>\u00a0&#8211;\u00a0Photo\u00a0\u00a9\u00a0Lionel Bouffier<br \/><strong>Page Jean-Pierre Raynaud<\/strong>\u00a0&#8211;\u00a0Photo\u00a0\u00a9\u00a0Lionel Bouffier<br \/><strong>Page\u00a0Vladimir Skoda<\/strong>\u00a0&#8211; Photo\u00a0\u00a9\u00a0Lo\u00efc Deltour<br \/><strong>Page Agn\u00e8s Thurnauer<\/strong>\u00a0&#8211;\u00a0Photos\u00a0\u00a9\u00a0Olivier Allard &#8211;\u00a0\u00a9\u00a0Lionel Bouffier<br \/><strong>Page Morgane Tschiember\u00a0<\/strong>&#8211;\u00a0Photo\u00a0\u00a9\u00a0Lo\u00efc Deltour<br \/><strong>Page Henk Visch<\/strong>\u00a0&#8211;\u00a0Photo\u00a0\u00a9\u00a0Lo\u00efc Deltour<br \/><strong>Page Simon B\u00e9rard<\/strong>\u00a0&#8211;\u00a0Photo\u00a0\u00a9\u00a0Lo\u00efc Deltour<br \/><strong>Page Gabrielle Conilh de Beyssac<\/strong>\u00a0&#8211;\u00a0Photo\u00a0\u00a9\u00a0Lionel Bouffier<br \/><strong>Page Isabelle Giovaccini<\/strong>\u00a0&#8211;\u00a0Photo\u00a0\u00a9\u00a0Isabelle Giovacchini<br \/><strong>Page Quentin Spohn<\/strong>\u00a0&#8211; Photos\u00a0\u00a9\u00a0Lionel Bouffier &#8211;\u00a0\u00a9\u00a0Lo\u00efc Deltour\u200b<\/p>\n<p>Demander obligatoirement l&#8217;autorisation de reproduction aupr\u00e8s de l&#8217;ADAGP pour les visuels faisant figurer des oeuvres d&#8217;artistes.<br \/>Copyright ADAGP obligatoire : Association pour la Diffusion des Arts Graphiques et Plastiques (ADAGP) &#8211; 11 rue Berryer &#8211; 75008 Paris &#8211; T\u00e9l.\u00a0<u>01 43 59 09 79<\/u>\u00a0 &#8211;\u00a0<a href=\"http:\/\/www.adagp.fr\/\">www.adagp.fr<\/a>.<\/p>\n\n\n<div style=\"height:60px\" aria-hidden=\"true\" class=\"wp-block-spacer\"><\/div>\n\n\n\n<div style=\"height:100px\" aria-hidden=\"true\" class=\"wp-block-spacer\"><\/div>\n","protected":false},"excerpt":{"rendered":"<p>Cr\u00e9dit Photos L\u2019ensemble de ce site rel\u00e8ve de la l\u00e9gislation fran\u00e7aise et internationale sur les droits d\u2019auteur et la propri\u00e9t\u00e9 intellectuelle. Tous les droits de reproduction sont r\u00e9serv\u00e9s. La reproduction de tout ou partie de ce site sur quelque support que ce soit est formellement interdite sauf autorisation expresse et pr\u00e9alable du directeur de la &hellip;<\/p>\n<p class=\"read-more\"> <a class=\"\" href=\"https:\/\/bis-art.com\/index.php\/credits-photos\/\"> <span class=\"screen-reader-text\">Cr\u00e9dits Photos<\/span> Lire la suite \u00bb<\/a><\/p>\n","protected":false},"author":1,"featured_media":0,"parent":0,"menu_order":0,"comment_status":"closed","ping_status":"closed","template":"","meta":{"site-sidebar-layout":"default","site-content-layout":"default","ast-global-header-display":"","ast-main-header-display":"","ast-hfb-above-header-display":"","ast-hfb-below-header-display":"","ast-hfb-mobile-header-display":"","site-post-title":"disabled","ast-breadcrumbs-content":"","ast-featured-img":"","footer-sml-layout":"","theme-transparent-header-meta":"default","adv-header-id-meta":"","stick-header-meta":"default","header-above-stick-meta":"","header-main-stick-meta":"","header-below-stick-meta":""},"_links":{"self":[{"href":"https:\/\/bis-art.com\/index.php\/wp-json\/wp\/v2\/pages\/864"}],"collection":[{"href":"https:\/\/bis-art.com\/index.php\/wp-json\/wp\/v2\/pages"}],"about":[{"href":"https:\/\/bis-art.com\/index.php\/wp-json\/wp\/v2\/types\/page"}],"author":[{"embeddable":true,"href":"https:\/\/bis-art.com\/index.php\/wp-json\/wp\/v2\/users\/1"}],"replies":[{"embeddable":true,"href":"https:\/\/bis-art.com\/index.php\/wp-json\/wp\/v2\/comments?post=864"}],"version-history":[{"count":12,"href":"https:\/\/bis-art.com\/index.php\/wp-json\/wp\/v2\/pages\/864\/revisions"}],"predecessor-version":[{"id":2146,"href":"https:\/\/bis-art.com\/index.php\/wp-json\/wp\/v2\/pages\/864\/revisions\/2146"}],"wp:attachment":[{"href":"https:\/\/bis-art.com\/index.php\/wp-json\/wp\/v2\/media?parent=864"}],"curies":[{"name":"wp","href":"https:\/\/api.w.org\/{rel}","templated":true}]}}