{"id":884,"date":"2021-03-19T16:21:49","date_gmt":"2021-03-19T15:21:49","guid":{"rendered":"http:\/\/bis-art.com\/?page_id=884"},"modified":"2023-05-28T08:19:02","modified_gmt":"2023-05-28T06:19:02","slug":"acces","status":"publish","type":"page","link":"https:\/\/bis-art.com\/index.php\/acces\/","title":{"rendered":"Acc\u00e8s"},"content":{"rendered":"\n<div style=\"height:60px\" aria-hidden=\"true\" class=\"wp-block-spacer\"><\/div>\n\n\n\n<div class=\"wp-block-columns\">\n<div class=\"wp-block-column\" style=\"flex-basis:66.66%\">\n<h3><strong>En voiture &#8211; <em>By car<\/em><\/strong><\/h3>\n<p><strong>\u2192<\/strong>Autoroute A8 :&nbsp;<br>sortie n\u00b0 47 Villeneuve Loubet, Cagnes sur Mer, Vence en venant de Marseille<br>ou sortie n\u00b0 48 Cagnes sur Mer, Vence en venant de Nice ou de l&#8217;Italie<br><strong>\u2192<\/strong>Suivre la direction La Colle sur Loup \/ Vence : RD 436<br><strong>\u2192<\/strong>Saint-Paul de Vence est situ\u00e9 entre La Colle sur Loup et Vence, \u00e0 15 minutes de l&#8217;autoroute.<br>Consultez la liste des parkings : <a href=\"https:\/\/www.saint-pauldevence.com\/fiches\/parkings\/\" target=\"_blank\" rel=\"noopener\">Office de Tourisme \/ parkings&nbsp;&nbsp;&nbsp;&nbsp;&nbsp;&nbsp;<\/a>&nbsp;<\/p>\n<p><em>\u2192A8 motorway:&nbsp;<\/em><br><em>exit n\u00b0 47 Villeneuve Loubet, Cagnes sur Mer, Vence coming from Marseille<\/em><br><em>or exit n\u00b0 48 Cagnes sur Mer, Vence coming from Nice or Italy<\/em><br><em>\u2192Follow the direction La Colle sur Loup \/ Vence : RD 436<\/em><br><em>\u2192Saint-Paul de Vence is located between La Colle sur Loup and Vence, 15 minutes from the motorway.<\/em><br><em>Consult the list of car parks : <a href=\"https:\/\/www.saint-pauldevence.com\/fiches\/parkings\/\" target=\"_blank\" rel=\"noopener\">Office de Tourisme \/ car parks&nbsp;&nbsp;<\/a>&nbsp;&nbsp;&nbsp;&nbsp;&nbsp;<\/em><\/p>\n<p><\/p>\n\n\n\n<hr class=\"wp-block-separator has-text-color has-background has-ast-global-color-0-background-color has-ast-global-color-0-color is-style-wide\"\/>\n\n\n\n<h3><strong>En train &#8211; <em>By train<\/em><\/strong><\/h3>\n<p><strong>\u2192<\/strong>Gare la plus proche : Cagnes sur Mer<br \/><strong>\u2192<\/strong>Prendre l&#8217;autocar n\u00b0655 (Cagnes sur Mer &#8211; Arr\u00eat Square du 8 mai SNCF \/ Saint-Paul de Vence : 30 minutes).<br \/><strong>\u2192<\/strong>En provenance de Paris par le TGV, gares les plus proches Antibes ou Nice<br \/>Les TER (Trains Express R\u00e9gionaux) relient rapidement toutes les\u00a0principales\u00a0villes de la C\u00f4te d&#8217;Azur entre Cannes et Vintimille &#8211; Horaires sur :\u00a0<a href=\"https:\/\/www.ter.sncf.com\/sud-provence-alpes-cote-d-azur\" target=\"_blank\" rel=\"noopener\">Ter-sncf \/ Sud PACA<\/a>\u00a0<br \/>R\u00e9servez votre billet en ligne :\u00a0<a href=\"https:\/\/www.sncf-connect.com\/\" target=\"_blank\" rel=\"noopener\">sncf-connect <\/a>ou <a href=\"https:\/\/www.thetrainline.com\/fr\" target=\"_blank\" rel=\"noopener\">Trainline<\/a>.<\/p>\n<p><em><span class=\"systran_document\"><span class=\"systran_transUnit\"><span class=\"systran_sentence\"><span class=\"systran_altTrans\"><span class=\"systran_annots\"><span class=\"systran_token_base\" lang=\"en\">\u2192<\/span> <span class=\"systran_token_base\" lang=\"en\">Closest<\/span> <span class=\"systran_token_base\" lang=\"en\">train<\/span> <span class=\"systran_token_base\" lang=\"en\">station:<\/span> <span class=\"systran_token_base\" lang=\"en\">Cagnes<\/span> <span class=\"systran_token_base\" lang=\"en\">sur<\/span> <span class=\"systran_token_base\" lang=\"en\">Mer<br \/><\/span><\/span><\/span><\/span><\/span><\/span><\/em><em><span class=\"systran_document\"><span class=\"systran_transUnit\"><span class=\"systran_sentence\"><span class=\"systran_altTrans\"><span class=\"systran_annots\"><span class=\"systran_token_base\" lang=\"en\">\u2192<\/span> <span class=\"systran_token_base\" lang=\"en\">Take<\/span> <span class=\"systran_token_base\" lang=\"en\">the<\/span> <span class=\"systran_token_base\" lang=\"en\">bus<\/span> <span class=\"systran_token_base\" lang=\"en\">n\u00b0655 <\/span><span class=\"systran_token_base\" lang=\"en\">(Cagnes<\/span> <span class=\"systran_token_base\" lang=\"en\">sur<\/span> <span class=\"systran_token_base\" lang=\"en\">Mer<\/span> <span class=\"systran_token_base\" lang=\"en\">\/<\/span> <span class=\"systran_token_base\" lang=\"en\">Saint-Paul<\/span> <span class=\"systran_token_base\" lang=\"en\">de<\/span> <span class=\"systran_token_base\" lang=\"en\">Vence:<\/span> <span class=\"systran_token_base\" lang=\"en\">30<\/span> <span class=\"systran_token_base\" lang=\"en\">minutes)<br \/><\/span><\/span><\/span><\/span><\/span><\/span><\/em><em><span class=\"systran_document\"><span class=\"systran_transUnit\"><span class=\"systran_sentence\"><span class=\"systran_altTrans\"><span class=\"systran_annots\"><span class=\"systran_token_base\" lang=\"en\">\u2192<\/span> <span class=\"systran_token_base\" lang=\"en\">From<\/span> <span class=\"systran_token_base\" lang=\"en\">Paris<\/span> <span class=\"systran_token_base\" lang=\"en\">by<\/span> <span class=\"systran_token_base\" lang=\"en\">TGV,<\/span> <span class=\"systran_token_base\" lang=\"en\">nearest<\/span> <span class=\"systran_token_base\" lang=\"en\">train<\/span> <span class=\"systran_token_base\" lang=\"en\">stations<\/span> <span class=\"systran_token_base\" lang=\"en\">Antibes<\/span><span class=\"systran_token_base\" lang=\"en\">or<\/span> <span class=\"systran_token_base\" lang=\"en\">Nice<br \/><\/span><\/span><\/span><\/span><\/span><\/span><\/em><em><span class=\"systran_document\"><span class=\"systran_transUnit\"><span class=\"systran_sentence\"><span class=\"systran_altTrans\"><span class=\"systran_annots\"><span class=\"systran_token_base\" lang=\"en\">TER<\/span> <span class=\"systran_token_base\" lang=\"en\">(Regional<\/span> <span class=\"systran_token_base\" lang=\"en\">Express<\/span> <span class=\"systran_token_base\" lang=\"en\">Trains)<\/span> <span class=\"systran_token_base\" lang=\"en\">quickly<\/span> <span class=\"systran_token_base\" lang=\"en\">connect<\/span> <span class=\"systran_token_base\" lang=\"en\">all\u00a0<\/span><span class=\"systran_token_base\" lang=\"en\">the<\/span> <span class=\"systran_token_base\" lang=\"en\">main<\/span> <span class=\"systran_token_base\" lang=\"en\">cities<\/span> <span class=\"systran_token_base\" lang=\"en\">of<\/span> <span class=\"systran_token_base\" lang=\"en\">the<\/span> <span class=\"systran_token_base\" lang=\"en\">French<\/span> <span class=\"systran_token_base\" lang=\"en\">Riviera<\/span> <span class=\"systran_token_base\" lang=\"en\">between\u00a0<\/span><span class=\"systran_token_base\" lang=\"en\">Cannes<\/span> <span class=\"systran_token_base\" lang=\"en\">and<\/span> <span class=\"systran_token_base\" lang=\"en\">Ventimiglia<\/span> <span class=\"systran_token_base\" lang=\"en\">&#8211;<\/span> <span class=\"systran_token_base\" lang=\"en\">Times<\/span> <span class=\"systran_token_base\" lang=\"en\">on :<\/span> <a href=\"https:\/\/www.ter.sncf.com\/sud-provence-alpes-cote-d-azur\"><span class=\"systran_token_base\" lang=\"en\">Ter-sncf<\/span> <span class=\"systran_token_base\" lang=\"en\">\/<\/span> <span class=\"systran_token_base\" lang=\"en\">Sud<\/span><span class=\"systran_token_base\" lang=\"en\">PACA\u00a0<\/span><\/a><br \/><\/span><\/span><\/span><\/span><\/span><\/em><em><span class=\"systran_document\"><span class=\"systran_transUnit\"><span class=\"systran_sentence\"><span class=\"systran_altTrans\"><span class=\"systran_annots\"><span class=\"systran_token_base\" lang=\"en\">Book<\/span> <span class=\"systran_token_base\" lang=\"en\">your<\/span> <span class=\"systran_token_base\" lang=\"en\">ticket<\/span> <span class=\"systran_token_base\" lang=\"en\">online :<\/span> <a href=\"https:\/\/www.sncf-connect.com\/\" target=\"_blank\" rel=\"noopener\"><span class=\"systran_token_base\" lang=\"en\">sncf-connect<\/span><\/a> <span class=\"systran_token_base\" lang=\"en\">or<\/span> <span class=\"systran_token_base\" lang=\"en\"><a href=\"https:\/\/www.thetrainline.com\/fr\">Trainline<\/a>.<\/span><\/span><\/span><span class=\"systran_separator\">\u00a0\u00a0<\/span><\/span><\/span><\/span><\/em><\/p>\n<p>\u00a0<\/p>\n\n\n\n<hr class=\"wp-block-separator has-text-color has-background has-ast-global-color-0-background-color has-ast-global-color-0-color is-style-wide\"\/>\n\n\n\n<h3><strong>En avion &#8211; <em>By plane<\/em><\/strong><\/h3>\n<p>Au d\u00e9part de l\u2019a\u00e9roport Nice C\u00f4te d\u2019Azur, 3 possibilit\u00e9s :\u00a0<br \/><strong>\u2192 <\/strong>Prendre un taxi &#8211; R\u00e9servez votre course en contactant la station de taxi de l\u2019a\u00e9roport de Nice au\u00a004 93 13 78 78..<br \/><strong>\u2192<\/strong> Prendre l\u2019autocar n\u00b09 ou n\u00b0620 &#8211; Arr\u00eat \u00abA\u00e9roport Promenade\u00bb. A\u00e9roport de Nice &#8211; Gare SNCF de Cagnes sur Mer.<br \/>Comptez entre 10 et 15 minutes \u00e0 pied pour rejoindre l\u2019arr\u00eat de bus situ\u00e9 sur la Promenade des Anglais depuis le Terminal 1.<br \/>Depuis le Terminal 2, prendre la navette gratuite de l&#8217;a\u00e9roport qui vous conduira au Terminal 1, comptez ensuite 10 \u00e0 15 minutes \u00e0 pied pour se rendre \u00e0 l&#8217;arr\u00eat &#8220;A\u00e9roport Promenade&#8221;.<br \/>Puis \u00e0 Cagnes sur Mer, prendre l&#8217;autocar n\u00b0655 en direction de Saint-Paul de Vence : environ 30 minutes de trajet<br \/><strong>\u2192<\/strong>Louer un v\u00e9hicule \u00e0 l\u2019a\u00e9roport.\u00a0<\/p>\n<p><em>From Nice C\u00f4te d&#8217;Azur airport, there are 3 options:\u00a0<\/em><br \/><em>\u2192 Take a taxi &#8211; Book your journey by contacting the Nice airport taxi rank on 04 93 13 78 78&#8230;<\/em><br \/><em>\u2192 Take bus no. 9 or no. 620 &#8211; &#8220;A\u00e9roport Promenade&#8221; stop. Nice airport &#8211; Cagnes sur Mer SNCF station.<\/em><br \/><em>From Terminal 1, walk 10 to 15 minutes to the bus stop on the Promenade des Anglais.<\/em><br \/><em>From Terminal 2, take the free airport shuttle bus to Terminal 1, then walk 10-15 minutes to the &#8220;A\u00e9roport Promenade&#8221; bus stop.<\/em><br \/><em>From Cagnes sur Mer, take bus no. 655 to Saint-Paul de Vence: approximately 30 minutes&#8217; journey.<\/em><br \/><em>\u2192Rental a vehicle at the airport.\u00a0<\/em><\/p>\n<p>\u00a0<\/p>\n\n\n\n<hr class=\"wp-block-separator has-text-color has-background has-ast-global-color-0-background-color has-ast-global-color-0-color is-style-wide\"\/>\n\n\n\n<h3><strong>En bus &#8211; <em>By bus<\/em><\/strong><\/h3>\n<p><strong>\u2192 <\/strong>De Nice centre ville :\u00a0tramway ligne 2, du centre ville \u00e0 l&#8217;arr\u00eat Parc Phoenix.<br \/>Puis ligne n\u00b09 ou n\u00b0620 (Parc Phoenix \/ A\u00e9roport Promenade \/ Saint-Laurent du Var \/ Cagnes sur Mer).<br \/>Puis ligne n\u00b0655 (Cagnes sur Mer \/ La Colle sur Loup \/ Saint-Paul de Vence).<strong>\u2192<\/strong>Nice \/ Saint-Paul de Vence : 1 h de trajet.<br \/>\u2192 Nice \/ Saint-Paul de Vence : 1h10 de trajet.<\/p>\n<p><em>\u2192 From Nice city centre: tram line 2, from the city centre to the Parc Phoenix stop.<br \/>Then line 9 or 620 (Parc Phoenix \/ A\u00e9roport Promenade \/ Saint-Laurent du Var \/ Cagnes sur Mer).<br \/>Then line 655 (Cagnes sur Mer \/ La Colle sur Loup \/ Saint-Paul de Vence) <br \/>\u2192Nice \/ Saint-Paul de Vence: 1 hr journey.<br \/><\/em><\/p>\n\n\n\n<div class=\"wp-block-columns are-vertically-aligned-center\">\n<div class=\"wp-block-column is-vertically-aligned-center\" style=\"flex-basis:66.66%\">\n<p>T\u00e9l\u00e9chargez les horaires de la ligne 655 Cagnes sur Mer &lt;&gt; Vence par Saint-Paul<br data-rich-text-line-break=\"true\" \/><em>Download the timetable of the line 400 Nice &lt;&gt; Vence by Saint-Paul<\/em><\/p>\n<\/div>\n\n\n\n<div class=\"wp-block-column is-vertically-aligned-center\" style=\"flex-basis:33.33%\">\n<div class=\"wp-block-buttons\">\n<div class=\"wp-block-button is-style-fill\"><a class=\"wp-block-button__link has-ast-global-color-5-color has-ast-global-color-0-background-color has-text-color has-background\" href=\"https:\/\/storage.googleapis.com\/is-wp-22-prod\/uploads-prod\/2022\/11\/ZOU06_Ligne400_NICE_VENCE_a_compter_14_novembre_2022.pdf\" style=\"border-radius:30px\" target=\"_blank\" rel=\"noreferrer noopener\">Consulter<\/a><\/div>\n<\/div>\n<\/div>\n<\/div>\n\n\n\n<p><\/p>\n<\/div>\n<\/div>\n\n\n\n<div style=\"height:100px\" aria-hidden=\"true\" class=\"wp-block-spacer\"><\/div>\n","protected":false},"excerpt":{"rendered":"<p>En voiture &#8211; By car \u2192Autoroute A8 :&nbsp;sortie n\u00b0 47 Villeneuve Loubet, Cagnes sur Mer, Vence en venant de Marseilleou sortie n\u00b0 48 Cagnes sur Mer, Vence en venant de Nice ou de l&#8217;Italie\u2192Suivre la direction La Colle sur Loup \/ Vence : RD 436\u2192Saint-Paul de Vence est situ\u00e9 entre La Colle sur Loup et &hellip;<\/p>\n<p class=\"read-more\"> <a class=\"\" href=\"https:\/\/bis-art.com\/index.php\/acces\/\"> <span class=\"screen-reader-text\">Acc\u00e8s<\/span> Lire la suite \u00bb<\/a><\/p>\n","protected":false},"author":1,"featured_media":0,"parent":0,"menu_order":0,"comment_status":"closed","ping_status":"closed","template":"","meta":{"site-sidebar-layout":"default","site-content-layout":"default","ast-global-header-display":"","ast-main-header-display":"","ast-hfb-above-header-display":"","ast-hfb-below-header-display":"","ast-hfb-mobile-header-display":"","site-post-title":"disabled","ast-breadcrumbs-content":"","ast-featured-img":"","footer-sml-layout":"","theme-transparent-header-meta":"default","adv-header-id-meta":"","stick-header-meta":"default","header-above-stick-meta":"","header-main-stick-meta":"","header-below-stick-meta":""},"_links":{"self":[{"href":"https:\/\/bis-art.com\/index.php\/wp-json\/wp\/v2\/pages\/884"}],"collection":[{"href":"https:\/\/bis-art.com\/index.php\/wp-json\/wp\/v2\/pages"}],"about":[{"href":"https:\/\/bis-art.com\/index.php\/wp-json\/wp\/v2\/types\/page"}],"author":[{"embeddable":true,"href":"https:\/\/bis-art.com\/index.php\/wp-json\/wp\/v2\/users\/1"}],"replies":[{"embeddable":true,"href":"https:\/\/bis-art.com\/index.php\/wp-json\/wp\/v2\/comments?post=884"}],"version-history":[{"count":14,"href":"https:\/\/bis-art.com\/index.php\/wp-json\/wp\/v2\/pages\/884\/revisions"}],"predecessor-version":[{"id":2649,"href":"https:\/\/bis-art.com\/index.php\/wp-json\/wp\/v2\/pages\/884\/revisions\/2649"}],"wp:attachment":[{"href":"https:\/\/bis-art.com\/index.php\/wp-json\/wp\/v2\/media?parent=884"}],"curies":[{"name":"wp","href":"https:\/\/api.w.org\/{rel}","templated":true}]}}