{"id":971,"date":"2021-03-20T17:25:00","date_gmt":"2021-03-20T16:25:00","guid":{"rendered":"https:\/\/bis-art.com\/?page_id=971"},"modified":"2024-08-02T18:55:17","modified_gmt":"2024-08-02T16:55:17","slug":"vincent-barre","status":"publish","type":"page","link":"https:\/\/bis-art.com\/index.php\/vincent-barre\/","title":{"rendered":"Vincent Barr\u00e9"},"content":{"rendered":"\n<div style=\"height:60px\" aria-hidden=\"true\" class=\"wp-block-spacer\"><\/div>\n\n\n<h3><span style=\"color: #b12763;\"><a style=\"color: #b12763;\" href=\"https:\/\/bis-art.com\/index.php\/edition-2018\/\">\u00c9dition 2018<\/a><\/span><\/h3>\n\n\n<div class=\"wp-block-columns\">\n<div class=\"wp-block-column\">\n<h2><span style=\"color: #b12763;\">Vincent Barr\u00e9<\/span><\/h2>\n<p>Sculpteur et r\u00e9alisateur,\u00a0Vincent\u00a0Barr\u00e9\u00a0est n\u00e9 \u00e0 Vierzon en 1948, il vit et travaille \u00e0 Paris, en Normandie et dans le Loiret. Il est chef d\u2019atelier aux Beaux-Arts de Paris de 1995 \u00e0 2011. Il est repr\u00e9sent\u00e9 par la galerie Bernard Jordan \u00e0 Paris et Z\u00fcrich.<\/p>\n<p>Architecture\u00a0:<br \/>De 1967 \u00e0 1975, Il \u00e9tudie l\u2019architecture en France puis aux \u00c9tats-Unis aupr\u00e8s de l\u2019architecte Louis Kahn et de l\u2019ing\u00e9nieur Robert Le Ricolais. Durant ces ann\u00e9es de formation, il dessine beaucoup et voyage en Europe, en Am\u00e9rique, et en Asie o\u00f9 il d\u00e9couvre les \u0153uvres d\u2019art et d\u2019architecture dans leur environnement. Il r\u00e9alise au sein d\u2019une \u00e9quipe pluridisciplinaire avec le CNRS une \u00e9tude urbaine sur la ville \u00ab royale \u00bb de Panauti, au N\u00e9pal. Associ\u00e9 \u00e0 Patrick Berger de 1975 \u00e0 1982, il exerce l\u2019architecture et r\u00e9alise des constructions de logements sociaux, des r\u00e9habilitations, et la reconversion du Th\u00e9atre le Palace \u00e0 Paris.<\/p>\n<p>Sculpture\u00a0:<br \/>\u00c0 partir de 1982 il cesse cette activit\u00e9 et se consacre \u00e0 la sculpture.<br \/>\u2013 Dans une premi\u00e8re p\u00e9riode il r\u00e9alise des assemblages de bois et de m\u00e9tal<br \/>\u2013 En 1989 et dans la continuit\u00e9 de ses papiers d\u00e9coup\u00e9s et monotypes, il r\u00e9alise des sculptures en aciers d\u00e9coup\u00e9s dans des plaques \u00e9paisses, allant jusqu\u2019\u00e0 l\u2019\u00e9chelle monumentale que requiert l\u2019architecture \u2013 Vers 1999, il d\u00e9couvre la technique de fonte au sable pour des pi\u00e8ces en aluminium ou en fer \u00e0 partir de mod\u00e8les perdus en polystyr\u00e8ne. Cela conf\u00e8re \u00e0 sa sculpture l\u2019\u00e9chelle monumentale qu\u2019il cherchait, en m\u00eame temps qu\u2019elle le conduit \u00e0 \u00e9purer ses formes. Il r\u00e9alise ainsi des ensembles de sculptures, pr\u00e9sent\u00e9s dans des espaces ext\u00e9rieurs ou pr\u00e9sent\u00e9s dans des mus\u00e9es au c\u00f4t\u00e9 de bronzes \u00e0 la cire directe, de terres cuites, et de dessins.<br \/>\u2013 A partir de 2014, la mise en \u0153uvre de grandes sculptures et bronze, r\u00e9alis\u00e9es en bois et cire selon la technique du mod\u00e8le perdu lui ouvre un nouveau registre de formes, et la possibilit\u00e9 de r\u00e9aliser des \u0153uvres monumentales en bronze.<\/p>\n<p>Oeuvres publiques\u00a0:<br \/>Durant toutes ces ann\u00e9es, Il participe \u00e0 des \u0153uvres publiques en collaboration avec des architectes (P. Berger, P. Chemetov et B. Huidobro, B. Gaudin\u2026). Depuis 1988, Il est conseil de la Ville d\u2019Amilly, Loiret pour le projet urbain. Il y r\u00e9alise avec Sylvain Dubuisson en 2002, le Monument aux fusill\u00e9s de la Nivelle, et en 2013, l\u2019important ensemble de la Place de Nordwalde. Il r\u00e9alise des \u0153uvres en Chine, \u00e0 l\u2019\u00e9cole d\u2019art TAFA de Tianjin en 2009, et dans le parc de Shunde \u00e0 Ronggui, Guanzhou avec la fondation P\u2019Art sino-fran\u00e7aise en 2015. En 2014, il est laur\u00e9at du concours pour la r\u00e9alisation d\u2019une sculpture Colonne de rameaux en hommage aux Compagnons de la Lib\u00e9ration, \u00e0 l\u2019Assembl\u00e9e Nationale \u00e0 Paris.<\/p>\n<p>R\u00e9alisation de films\u00a0:<br \/>En 1995, sur une invitation de la DAP, il r\u00e9alise ses premiers films qui portent la trace de son regard de sculpteur et de ses voyages. Sa rencontre avec le plasticien et r\u00e9alisateur Pierre Creton et l\u2019installation d\u2019un atelier dans le Pays de Caux le conduisent \u00e0 co-r\u00e9aliser r\u00e9guli\u00e8rement des films courts avec lui . Ces films ont \u00e9t\u00e9 montr\u00e9s au FID de Marseille, et dans diff\u00e9rents festivals en Europe, et dans ses expositions.<\/p>\n<p>Enseignement\u00a0:<br \/>D\u2019abord assistant aux Beaux-Arts de Paris du sculpteur Georges Jeanclos, puis coordinateur du d\u00e9partement sculpture, et du Mast\u00e8re. Il sera ensuite chef d\u2019atelier en 1995 \u00e0 2011. Il conduit nombre de projets et expositions, parfois avec son ami et coll\u00e8gue Richard Deacon : (La Havane, 1996, Solukhumbu au N\u00e9pal en 2000, Amilly, Loiret en 2003 et 2006, Mumbai en 2004, Bamako en 2008, et Le Quartier de la Muette \u00e0 Drancy en 2010 et 2011).<\/p>\n<p>La sculpture de Vincent Barr\u00e9 s\u2019exprime en un large champ de formes allant de l\u2019abstrait au presque narratif. Dans des th\u00e8mes qui empruntent souvent aux mythes, \u00e0 l\u2019histoire de l\u2019art occidental, ses formes sont porteuses d\u2019images, de sens, de symboles qu\u2019il s\u2019applique \u00e0 communiquer par des \u0153uvres ayant une forte pr\u00e9sence dans l\u2019espace.<br \/>Sa recherche s\u2019est traduite, selon les circonstances, dans des mat\u00e9riaux et des techniques contrast\u00e9es : bois, acier, verre, fonte de fer, fonte d\u2019aluminium, bronze \u00e0 la cire perdue. Les deux sculptures pr\u00e9sent\u00e9es \u00e0 Saint-Paul de Vence, sont r\u00e9alis\u00e9es\u00a0en fonte d\u2019aluminium, \u00e0 partir de mod\u00e8les perdus d\u00e9coup\u00e9s dans le polystyr\u00e8ne selon une technique qu\u2019il ne cesse de mettre en \u0153uvre depuis 1999, dans un registre de plus en plus minimal et\u00a0\u00e9pur\u00e9 :\u00a0Colonne 3\/4\u00a0(2010), \u00e0 trois faces et quatre \u00e9l\u00e9ments empil\u00e9s \u00e9voque une architecture dont ne subsisterait qu\u2019un fragment, et\u00a0Deux anneaux cannel\u00e9s\u00a0(2009), larges pi\u00e8ces gigognes d\u00e9coup\u00e9es dans le m\u00eame bloc, pos\u00e9es au sol, comme les pi\u00e8ces d\u2019une improbable m\u00e9canique.<\/p>\n<\/div>\n\n\n\n<div class=\"wp-block-column\">\n<div style=\"height:60px\" aria-hidden=\"true\" class=\"wp-block-spacer\"><\/div>\n\n\n\n<p style=\"text-align: right;\"><strong data-rich-text-format-boundary=\"true\">Colonne 3\/4, 2011<\/strong><br data-rich-text-line-break=\"true\" \/>Aluminium<br data-rich-text-line-break=\"true\" \/>280 x 70 x 50 cm<br data-rich-text-line-break=\"true\" \/>Courtesy de l\u2019artiste\u00a0et de la Galerie Bernard Jordan<br data-rich-text-line-break=\"true\" \/>\u0152uvre install\u00e9e gr\u00e2ce au soutien de la Galerie Bernard Jordan<\/p>\n<p>\u00a0<\/p>\n<p style=\"text-align: right;\"><strong data-rich-text-format-boundary=\"true\">Deux anneaux cannel\u00e9s, 2009<\/strong><br data-rich-text-line-break=\"true\" \/>Aluminium<br data-rich-text-line-break=\"true\" \/>105 x 102 x 100 cm 145 x 100 x 95 cm<br data-rich-text-line-break=\"true\" \/>Courtesy de l\u2019artiste\u00a0et de la Galerie Bernard Jordan<br data-rich-text-line-break=\"true\" \/>\u0152uvre install\u00e9e gr\u00e2ce au soutien de la Galerie Bernard Jordan<\/p>\n<p>\u00a0<\/p>\n<\/div>\n<\/div>\n\n\n<h3 style=\"text-align: right;\"><span style=\"color: #b12763;\"><a style=\"color: #b12763;\" href=\"https:\/\/bis-art.com\/index.php\/edition-2018\/\">&gt; \u00c9dition 2018<\/a><\/span><\/h3>\n\n\n<div style=\"height:100px\" aria-hidden=\"true\" class=\"wp-block-spacer\"><\/div>\n","protected":false},"excerpt":{"rendered":"<p>\u00c9dition 2018 Vincent Barr\u00e9 Sculpteur et r\u00e9alisateur,\u00a0Vincent\u00a0Barr\u00e9\u00a0est n\u00e9 \u00e0 Vierzon en 1948, il vit et travaille \u00e0 Paris, en Normandie et dans le Loiret. Il est chef d\u2019atelier aux Beaux-Arts de Paris de 1995 \u00e0 2011. Il est repr\u00e9sent\u00e9 par la galerie Bernard Jordan \u00e0 Paris et Z\u00fcrich. Architecture\u00a0:De 1967 \u00e0 1975, Il \u00e9tudie l\u2019architecture &hellip;<\/p>\n<p class=\"read-more\"> <a class=\"\" href=\"https:\/\/bis-art.com\/index.php\/vincent-barre\/\"> <span class=\"screen-reader-text\">Vincent Barr\u00e9<\/span> Lire la suite \u00bb<\/a><\/p>\n","protected":false},"author":1,"featured_media":0,"parent":0,"menu_order":0,"comment_status":"closed","ping_status":"closed","template":"","meta":{"site-sidebar-layout":"default","site-content-layout":"default","ast-global-header-display":"","ast-main-header-display":"","ast-hfb-above-header-display":"","ast-hfb-below-header-display":"","ast-hfb-mobile-header-display":"","site-post-title":"disabled","ast-breadcrumbs-content":"","ast-featured-img":"","footer-sml-layout":"","theme-transparent-header-meta":"default","adv-header-id-meta":"","stick-header-meta":"default","header-above-stick-meta":"","header-main-stick-meta":"","header-below-stick-meta":""},"_links":{"self":[{"href":"https:\/\/bis-art.com\/index.php\/wp-json\/wp\/v2\/pages\/971"}],"collection":[{"href":"https:\/\/bis-art.com\/index.php\/wp-json\/wp\/v2\/pages"}],"about":[{"href":"https:\/\/bis-art.com\/index.php\/wp-json\/wp\/v2\/types\/page"}],"author":[{"embeddable":true,"href":"https:\/\/bis-art.com\/index.php\/wp-json\/wp\/v2\/users\/1"}],"replies":[{"embeddable":true,"href":"https:\/\/bis-art.com\/index.php\/wp-json\/wp\/v2\/comments?post=971"}],"version-history":[{"count":9,"href":"https:\/\/bis-art.com\/index.php\/wp-json\/wp\/v2\/pages\/971\/revisions"}],"predecessor-version":[{"id":3576,"href":"https:\/\/bis-art.com\/index.php\/wp-json\/wp\/v2\/pages\/971\/revisions\/3576"}],"wp:attachment":[{"href":"https:\/\/bis-art.com\/index.php\/wp-json\/wp\/v2\/media?parent=971"}],"curies":[{"name":"wp","href":"https:\/\/api.w.org\/{rel}","templated":true}]}}