{"id":986,"date":"2021-03-20T17:48:06","date_gmt":"2021-03-20T16:48:06","guid":{"rendered":"https:\/\/bis-art.com\/?page_id=986"},"modified":"2024-08-03T09:39:15","modified_gmt":"2024-08-03T07:39:15","slug":"agnes-thurnauer","status":"publish","type":"page","link":"https:\/\/bis-art.com\/index.php\/agnes-thurnauer\/","title":{"rendered":"Agn\u00e8s Thurnauer"},"content":{"rendered":"\n<div style=\"height:60px\" aria-hidden=\"true\" class=\"wp-block-spacer\"><\/div>\n\n\n<h3><span style=\"color: #e41871;\"><a style=\"color: #e41871;\" href=\"https:\/\/bis-art.com\/index.php\/edition-2018\/\">\u00c9dition 2018<\/a><\/span><\/h3>\n\n\n<div class=\"wp-block-columns\">\n<div class=\"wp-block-column\">\n<h2><span style=\"color: #e41871;\">Agn\u00e8s Thurnauer<\/span><\/h2>\n<p>n\u00e9e en 1962. Vit \u00e0 Paris et travaille \u00e0 Ivry.&nbsp;<\/p>\n<p>\u200bBien qu\u2019elle soit dipl\u00f4m\u00e9e de l\u2019\u00c9cole nationale des arts d\u00e9coratifs en section cin\u00e9ma\/vid\u00e9o, Agn\u00e8s Thurnauer a poursuivi sa pratique de la peinture qu\u2019elle a commenc\u00e9e enfant.&nbsp;<br>Dans ses tableaux, elle lie le mot et l\u2019image, entre plasticit\u00e9 typographique et concept.<\/p>\n<p>Son travail fut r\u00e9v\u00e9l\u00e9 au public par une exposition monographique au Palais de Tokyo en 2003. Depuis elle a expos\u00e9 dans de nombreuses institutions en France et \u00e0 l\u2019\u00e9tranger, dans des mus\u00e9es, centres d\u2019art et biennales.&nbsp;<\/p>\n<p>\u200bAgn\u00e8s Thurnauer s\u2019int\u00e9resse au langage pictural. Repr\u00e9senter revient \u00e0 parler une langue. En ce sens, cr\u00e9er un univers artistique signifie mettre en \u0153uvre un certain vocabulaire. Ecriture, lettres ou simplement signes \u2014 comme dans ses premiers tableaux \u2014 sont au centre de son univers plastique. Le mot met souvent en r\u00e9sonance la forme.&nbsp;<\/p>\n<p>Le nom, comme dans la c\u00e9l\u00e8bre s\u00e9rie de grands badges color\u00e9s, devient un champ plastique soulevant la question du genre.\u2028Pour elle, la peinture peut aussi r\u00e9pondre de sujets de soci\u00e9t\u00e9 comme dans la s\u00e9rie&nbsp;<em>Land and Language<\/em>, qui traite du corps et de la migration. Plus r\u00e9cemment, elle a d\u00e9velopp\u00e9 cette question du langage \u2014 ce que la peinture nous donne \u00e0 lire et comment nous lisons les \u0153uvres \u2014 en trois dimensions.&nbsp;<\/p>\n<p>Avec sa sculpture&nbsp;<em>Matrice<\/em>, Agn\u00e8s Thurnauer met en \u0153uvre cette \u00ab parcourabilit\u00e9 \u00bb de la peinture dans l\u2019espace. Le langage n\u2019est pas une chose abstraite et seulement mentale, c\u2019est un rapport au corps. Nous exp\u00e9rimentons le langage en d\u00e9ambulant dedans.&nbsp;<em>Matrice<\/em>&nbsp;de ce fait, \u00ab&nbsp;milite&nbsp;\u00bb pour une lecture po\u00e9tique du langage, pour sa version offerte, ouverte, communautaire, \u00e0 l\u2019oppos\u00e9 d\u2019une d\u00e9finition qui cloisonne, enferme et cat\u00e9gorise.&nbsp;<\/p>\n<p><em>Matrice<\/em>&nbsp;est autant une sculpture qu\u2019un socle car elle est activ\u00e9e par la pr\u00e9sence des visiteurs. Chaque \u00ab&nbsp;lettre&nbsp;\u00bb est form\u00e9e d\u2019\u00e9l\u00e9ments qui deviennent des si\u00e8ges sur lesquels on peut s\u2019assoir. Elle fonctionne aussi bien plastiquement, par la forme des volumes qui la constituent, que symboliquement, par ce langage\u2028qu\u2019elle met en \u0153uvre, et qu\u2019elle nous donne \u00e0 investir comme potentialit\u00e9.&nbsp;<\/p>\n<p>\u200b<em>Matrice<\/em>&nbsp;existe \u00e0 l\u2019\u00e9chelle sol, en r\u00e9sine, de 5 \u00e0 10 cm, et fait partie de la collection du mus\u00e9e des Beaux-arts de Nantes, et \u00e0 l\u2019\u00e9chelle assise, en aluminium bross\u00e9, de 45 \u00e0 60 cm,\u2028et a \u00e9t\u00e9 expos\u00e9e r\u00e9cemment \u00e0 la Biennale de sculpture de Cambridge avec des \u0153uvres de Mona Hatoum, Louise Bourgeois et Philida Barlow.&nbsp;<\/p>\n<\/div>\n\n\n\n<div class=\"wp-block-column\">\n<p style=\"text-align: right;\"><strong data-rich-text-format-boundary=\"true\">Matrice (joie), 2018<\/strong><br data-rich-text-line-break=\"true\" \/>Aluminium bross\u00e9<br data-rich-text-line-break=\"true\" \/>13 \u00e9l\u00e9ments<br data-rich-text-line-break=\"true\" \/>Hauteur 45 cm Dimensions variables<br data-rich-text-line-break=\"true\" \/>Courtesy de l\u2019artiste et Gandy Gallery<br data-rich-text-line-break=\"true\" \/>\u0152uvre install\u00e9e gr\u00e2ce au soutien de Lorraine et Olivier Cojot<\/p>\n<\/div>\n<\/div>\n\n\n<h3 style=\"text-align: right;\"><span style=\"color: #e41871;\"><a style=\"color: #e41871;\" href=\"https:\/\/bis-art.com\/index.php\/edition-2018\/\">&gt; \u00c9dition 2018<\/a><\/span><\/h3>\n\n\n<div style=\"height:100px\" aria-hidden=\"true\" class=\"wp-block-spacer\"><\/div>\n","protected":false},"excerpt":{"rendered":"<p>\u00c9dition 2018 Agn\u00e8s Thurnauer n\u00e9e en 1962. Vit \u00e0 Paris et travaille \u00e0 Ivry.&nbsp; \u200bBien qu\u2019elle soit dipl\u00f4m\u00e9e de l\u2019\u00c9cole nationale des arts d\u00e9coratifs en section cin\u00e9ma\/vid\u00e9o, Agn\u00e8s Thurnauer a poursuivi sa pratique de la peinture qu\u2019elle a commenc\u00e9e enfant.&nbsp;Dans ses tableaux, elle lie le mot et l\u2019image, entre plasticit\u00e9 typographique et concept. Son travail &hellip;<\/p>\n<p class=\"read-more\"> <a class=\"\" href=\"https:\/\/bis-art.com\/index.php\/agnes-thurnauer\/\"> <span class=\"screen-reader-text\">Agn\u00e8s Thurnauer<\/span> Lire la suite \u00bb<\/a><\/p>\n","protected":false},"author":1,"featured_media":0,"parent":0,"menu_order":0,"comment_status":"closed","ping_status":"closed","template":"","meta":{"site-sidebar-layout":"default","site-content-layout":"default","ast-global-header-display":"","ast-main-header-display":"","ast-hfb-above-header-display":"","ast-hfb-below-header-display":"","ast-hfb-mobile-header-display":"","site-post-title":"disabled","ast-breadcrumbs-content":"","ast-featured-img":"","footer-sml-layout":"","theme-transparent-header-meta":"default","adv-header-id-meta":"","stick-header-meta":"default","header-above-stick-meta":"","header-main-stick-meta":"","header-below-stick-meta":""},"_links":{"self":[{"href":"https:\/\/bis-art.com\/index.php\/wp-json\/wp\/v2\/pages\/986"}],"collection":[{"href":"https:\/\/bis-art.com\/index.php\/wp-json\/wp\/v2\/pages"}],"about":[{"href":"https:\/\/bis-art.com\/index.php\/wp-json\/wp\/v2\/types\/page"}],"author":[{"embeddable":true,"href":"https:\/\/bis-art.com\/index.php\/wp-json\/wp\/v2\/users\/1"}],"replies":[{"embeddable":true,"href":"https:\/\/bis-art.com\/index.php\/wp-json\/wp\/v2\/comments?post=986"}],"version-history":[{"count":7,"href":"https:\/\/bis-art.com\/index.php\/wp-json\/wp\/v2\/pages\/986\/revisions"}],"predecessor-version":[{"id":3584,"href":"https:\/\/bis-art.com\/index.php\/wp-json\/wp\/v2\/pages\/986\/revisions\/3584"}],"wp:attachment":[{"href":"https:\/\/bis-art.com\/index.php\/wp-json\/wp\/v2\/media?parent=986"}],"curies":[{"name":"wp","href":"https:\/\/api.w.org\/{rel}","templated":true}]}}